{"id":19011,"date":"2026-03-02T09:10:29","date_gmt":"2026-03-02T09:10:29","guid":{"rendered":"https:\/\/vivcolor.com\/?post_type=product&#038;p=19011"},"modified":"2026-03-02T09:23:46","modified_gmt":"2026-03-02T09:23:46","slug":"epoxyfast","status":"publish","type":"product","link":"https:\/\/vivcolor.com\/fr\/p\/produits-speciaux\/epoxyfast\/","title":{"rendered":"EPOXYFAST"},"content":{"rendered":"<div class=\"page\" title=\"Page 1\">\n<div class=\"layoutArea\">\n<div class=\"column\">\n<p style=\"text-align: left;\">Le produit est un additif qui, ajout\u00e9 aux \u00e9mails et aux fonds \u00e9poxy pr\u00e9alablement catalys\u00e9s, favorise la r\u00e9action en acc\u00e9l\u00e9rant leur r\u00e9ticulation, m\u00eame \u00e0 basse temp\u00e9rature.<\/p>\n<\/div>\n<\/div>\n<\/div>\n","protected":false},"excerpt":{"rendered":"<h2 style=\"text-align: left;\">Acc\u00e9l\u00e9rateur \u00e9poxy<\/h2>\n<p><span style=\"font-size: 10pt;\"><img loading=\"lazy\" decoding=\"async\" class=\"wp-image-7503 alignleft\" src=\"https:\/\/vivcolor.com\/wp-content\/uploads\/2020\/10\/DILUENTE-ICON-300x300.jpg\" alt=\"\" width=\"71\" height=\"71\" srcset=\"https:\/\/vivcolor.com\/wp-content\/uploads\/2020\/10\/DILUENTE-ICON-300x300.jpg 300w, https:\/\/vivcolor.com\/wp-content\/uploads\/2020\/10\/DILUENTE-ICON-100x100.jpg 100w, https:\/\/vivcolor.com\/wp-content\/uploads\/2020\/10\/DILUENTE-ICON-350x350.jpg 350w, https:\/\/vivcolor.com\/wp-content\/uploads\/2020\/10\/DILUENTE-ICON-150x150.jpg 150w, https:\/\/vivcolor.com\/wp-content\/uploads\/2020\/10\/DILUENTE-ICON.jpg 381w\" sizes=\"auto, (max-width: 71px) 100vw, 71px\" \/><span style=\"font-size: 12pt;\">Ajouter 1-1,5% de EPOXYFAST\u00a0<\/span><\/span><\/p>\n<p><span style=\"font-size: 10pt;\"><span style=\"font-size: 12pt;\">sur le poids total du produit<\/span><\/span><\/p>\n<p>&nbsp;<\/p>\n<h4>Pour de plus amples renseignements :<\/h4>\n<p><a href=\"mailto:vivcolor@vivcolor.com\"><img loading=\"lazy\" decoding=\"async\" class=\"alignnone wp-image-7506\" src=\"https:\/\/vivcolor.com\/wp-content\/uploads\/2021\/11\/email.png\" alt=\"\" width=\"62\" height=\"62\" \/>\u00a0\u00a0\u00a0Envoyez-nous un courriel<\/a><\/p>\n<p><a href=\"tel:045 858 1034\"><img loading=\"lazy\" decoding=\"async\" class=\"alignnone wp-image-7506\" src=\"https:\/\/vivcolor.com\/wp-content\/uploads\/2021\/11\/phone.png\" alt=\"\" width=\"62\" height=\"62\" \/>\u00a0\u00a0\u00a0Appelez\u00a0: +39 045 8581034<\/a><\/p>\n","protected":false},"featured_media":13693,"template":"","meta":[],"product_brand":[],"product_cat":[366],"product_tag":[],"class_list":{"0":"post-19011","1":"product","2":"type-product","3":"status-publish","4":"has-post-thumbnail","6":"product_cat-produits-speciaux","8":"first","9":"instock","10":"shipping-taxable","11":"product-type-simple"},"yoast_head":"<!-- This site is optimized with the Yoast SEO plugin v27.3 - https:\/\/yoast.com\/product\/yoast-seo-wordpress\/ -->\n<title>EPOXYFAST - Peintures, \u00e9maux et rev\u00eatements pour l&#039;industrie, la maison, les loisirs<\/title>\n<meta name=\"description\" content=\"VIV Color Leader produzione e vendita vernici, pitture e smalti. Contattaci per ulteriori informazioni sul prodotto, servizio di customer care sempre attivo.\" \/>\n<meta name=\"robots\" content=\"index, follow, max-snippet:-1, max-image-preview:large, max-video-preview:-1\" \/>\n<link rel=\"canonical\" href=\"https:\/\/vivcolor.com\/fr\/p\/produits-speciaux\/epoxyfast\/\" \/>\n<meta property=\"og:locale\" content=\"fr_FR\" \/>\n<meta property=\"og:type\" content=\"article\" \/>\n<meta property=\"og:title\" content=\"EPOXYFAST - Peintures, \u00e9maux et rev\u00eatements pour l&#039;industrie, la maison, les loisirs\" \/>\n<meta property=\"og:description\" content=\"VIV Color Leader produzione e vendita vernici, pitture e smalti. Contattaci per ulteriori informazioni sul prodotto, servizio di customer care sempre attivo.\" \/>\n<meta property=\"og:url\" content=\"https:\/\/vivcolor.com\/fr\/p\/produits-speciaux\/epoxyfast\/\" \/>\n<meta property=\"og:site_name\" content=\"Peintures, \u00e9maux et rev\u00eatements pour l&#039;industrie, la maison, les loisirs\" \/>\n<meta property=\"article:modified_time\" content=\"2026-03-02T09:23:46+00:00\" \/>\n<meta property=\"og:image\" content=\"https:\/\/vivcolor.com\/wp-content\/uploads\/2021\/05\/Indurente.png\" \/>\n\t<meta property=\"og:image:width\" content=\"430\" \/>\n\t<meta property=\"og:image:height\" content=\"480\" \/>\n\t<meta property=\"og:image:type\" content=\"image\/png\" \/>\n<meta name=\"twitter:card\" content=\"summary_large_image\" \/>\n<meta name=\"twitter:label1\" content=\"Dur\u00e9e de lecture estim\u00e9e\" \/>\n\t<meta name=\"twitter:data1\" content=\"1 minute\" \/>\n<script type=\"application\/ld+json\" class=\"yoast-schema-graph\">{\"@context\":\"https:\\\/\\\/schema.org\",\"@graph\":[{\"@type\":\"WebPage\",\"@id\":\"https:\\\/\\\/vivcolor.com\\\/fr\\\/p\\\/produits-speciaux\\\/epoxyfast\\\/\",\"url\":\"https:\\\/\\\/vivcolor.com\\\/fr\\\/p\\\/produits-speciaux\\\/epoxyfast\\\/\",\"name\":\"EPOXYFAST - Peintures, \u00e9maux et rev\u00eatements pour l'industrie, la maison, les loisirs\",\"isPartOf\":{\"@id\":\"https:\\\/\\\/vivcolor.com\\\/fr\\\/#website\"},\"primaryImageOfPage\":{\"@id\":\"https:\\\/\\\/vivcolor.com\\\/fr\\\/p\\\/produits-speciaux\\\/epoxyfast\\\/#primaryimage\"},\"image\":{\"@id\":\"https:\\\/\\\/vivcolor.com\\\/fr\\\/p\\\/produits-speciaux\\\/epoxyfast\\\/#primaryimage\"},\"thumbnailUrl\":\"https:\\\/\\\/vivcolor.com\\\/wp-content\\\/uploads\\\/2021\\\/05\\\/Indurente.png\",\"datePublished\":\"2026-03-02T09:10:29+00:00\",\"dateModified\":\"2026-03-02T09:23:46+00:00\",\"description\":\"VIV Color Leader produzione e vendita vernici, pitture e smalti. Contattaci per ulteriori informazioni sul prodotto, servizio di customer care sempre attivo.\",\"breadcrumb\":{\"@id\":\"https:\\\/\\\/vivcolor.com\\\/fr\\\/p\\\/produits-speciaux\\\/epoxyfast\\\/#breadcrumb\"},\"inLanguage\":\"fr-FR\",\"potentialAction\":[{\"@type\":\"ReadAction\",\"target\":[\"https:\\\/\\\/vivcolor.com\\\/fr\\\/p\\\/produits-speciaux\\\/epoxyfast\\\/\"]}]},{\"@type\":\"ImageObject\",\"inLanguage\":\"fr-FR\",\"@id\":\"https:\\\/\\\/vivcolor.com\\\/fr\\\/p\\\/produits-speciaux\\\/epoxyfast\\\/#primaryimage\",\"url\":\"https:\\\/\\\/vivcolor.com\\\/wp-content\\\/uploads\\\/2021\\\/05\\\/Indurente.png\",\"contentUrl\":\"https:\\\/\\\/vivcolor.com\\\/wp-content\\\/uploads\\\/2021\\\/05\\\/Indurente.png\",\"width\":430,\"height\":480,\"caption\":\"Durcisseur\"},{\"@type\":\"BreadcrumbList\",\"@id\":\"https:\\\/\\\/vivcolor.com\\\/fr\\\/p\\\/produits-speciaux\\\/epoxyfast\\\/#breadcrumb\",\"itemListElement\":[{\"@type\":\"ListItem\",\"position\":1,\"name\":\"Home\",\"item\":\"https:\\\/\\\/vivcolor.com\\\/fr\\\/\"},{\"@type\":\"ListItem\",\"position\":2,\"name\":\"Produits\",\"item\":\"https:\\\/\\\/vivcolor.com\\\/fr\\\/produits\\\/\"},{\"@type\":\"ListItem\",\"position\":3,\"name\":\"EPOXYFAST\"}]},{\"@type\":\"WebSite\",\"@id\":\"https:\\\/\\\/vivcolor.com\\\/fr\\\/#website\",\"url\":\"https:\\\/\\\/vivcolor.com\\\/fr\\\/\",\"name\":\"Peintures, \u00e9maux et rev\u00eatements pour l'industrie, la maison, les loisirs\",\"description\":\"Vivcolor - Verona\",\"publisher\":{\"@id\":\"https:\\\/\\\/vivcolor.com\\\/fr\\\/#organization\"},\"potentialAction\":[{\"@type\":\"SearchAction\",\"target\":{\"@type\":\"EntryPoint\",\"urlTemplate\":\"https:\\\/\\\/vivcolor.com\\\/fr\\\/?s={search_term_string}\"},\"query-input\":{\"@type\":\"PropertyValueSpecification\",\"valueRequired\":true,\"valueName\":\"search_term_string\"}}],\"inLanguage\":\"fr-FR\"},{\"@type\":\"Organization\",\"@id\":\"https:\\\/\\\/vivcolor.com\\\/fr\\\/#organization\",\"name\":\"Vivcolor Vernici e Pitture e Rivestimenti industriali\",\"url\":\"https:\\\/\\\/vivcolor.com\\\/fr\\\/\",\"logo\":{\"@type\":\"ImageObject\",\"inLanguage\":\"fr-FR\",\"@id\":\"https:\\\/\\\/vivcolor.com\\\/fr\\\/#\\\/schema\\\/logo\\\/image\\\/\",\"url\":\"https:\\\/\\\/vivcolor.com\\\/wp-content\\\/uploads\\\/2021\\\/06\\\/logov2_web.png\",\"contentUrl\":\"https:\\\/\\\/vivcolor.com\\\/wp-content\\\/uploads\\\/2021\\\/06\\\/logov2_web.png\",\"width\":400,\"height\":168,\"caption\":\"Vivcolor Vernici e Pitture e Rivestimenti industriali\"},\"image\":{\"@id\":\"https:\\\/\\\/vivcolor.com\\\/fr\\\/#\\\/schema\\\/logo\\\/image\\\/\"}}]}<\/script>\n<!-- \/ Yoast SEO plugin. -->","yoast_head_json":{"title":"EPOXYFAST - Peintures, \u00e9maux et rev\u00eatements pour l'industrie, la maison, les loisirs","description":"VIV Color Leader produzione e vendita vernici, pitture e smalti. Contattaci per ulteriori informazioni sul prodotto, servizio di customer care sempre attivo.","robots":{"index":"index","follow":"follow","max-snippet":"max-snippet:-1","max-image-preview":"max-image-preview:large","max-video-preview":"max-video-preview:-1"},"canonical":"https:\/\/vivcolor.com\/fr\/p\/produits-speciaux\/epoxyfast\/","og_locale":"fr_FR","og_type":"article","og_title":"EPOXYFAST - Peintures, \u00e9maux et rev\u00eatements pour l'industrie, la maison, les loisirs","og_description":"VIV Color Leader produzione e vendita vernici, pitture e smalti. Contattaci per ulteriori informazioni sul prodotto, servizio di customer care sempre attivo.","og_url":"https:\/\/vivcolor.com\/fr\/p\/produits-speciaux\/epoxyfast\/","og_site_name":"Peintures, \u00e9maux et rev\u00eatements pour l'industrie, la maison, les loisirs","article_modified_time":"2026-03-02T09:23:46+00:00","og_image":[{"width":430,"height":480,"url":"https:\/\/vivcolor.com\/wp-content\/uploads\/2021\/05\/Indurente.png","type":"image\/png"}],"twitter_card":"summary_large_image","twitter_misc":{"Dur\u00e9e de lecture estim\u00e9e":"1 minute"},"schema":{"@context":"https:\/\/schema.org","@graph":[{"@type":"WebPage","@id":"https:\/\/vivcolor.com\/fr\/p\/produits-speciaux\/epoxyfast\/","url":"https:\/\/vivcolor.com\/fr\/p\/produits-speciaux\/epoxyfast\/","name":"EPOXYFAST - Peintures, \u00e9maux et rev\u00eatements pour l'industrie, la maison, les loisirs","isPartOf":{"@id":"https:\/\/vivcolor.com\/fr\/#website"},"primaryImageOfPage":{"@id":"https:\/\/vivcolor.com\/fr\/p\/produits-speciaux\/epoxyfast\/#primaryimage"},"image":{"@id":"https:\/\/vivcolor.com\/fr\/p\/produits-speciaux\/epoxyfast\/#primaryimage"},"thumbnailUrl":"https:\/\/vivcolor.com\/wp-content\/uploads\/2021\/05\/Indurente.png","datePublished":"2026-03-02T09:10:29+00:00","dateModified":"2026-03-02T09:23:46+00:00","description":"VIV Color Leader produzione e vendita vernici, pitture e smalti. Contattaci per ulteriori informazioni sul prodotto, servizio di customer care sempre attivo.","breadcrumb":{"@id":"https:\/\/vivcolor.com\/fr\/p\/produits-speciaux\/epoxyfast\/#breadcrumb"},"inLanguage":"fr-FR","potentialAction":[{"@type":"ReadAction","target":["https:\/\/vivcolor.com\/fr\/p\/produits-speciaux\/epoxyfast\/"]}]},{"@type":"ImageObject","inLanguage":"fr-FR","@id":"https:\/\/vivcolor.com\/fr\/p\/produits-speciaux\/epoxyfast\/#primaryimage","url":"https:\/\/vivcolor.com\/wp-content\/uploads\/2021\/05\/Indurente.png","contentUrl":"https:\/\/vivcolor.com\/wp-content\/uploads\/2021\/05\/Indurente.png","width":430,"height":480,"caption":"Durcisseur"},{"@type":"BreadcrumbList","@id":"https:\/\/vivcolor.com\/fr\/p\/produits-speciaux\/epoxyfast\/#breadcrumb","itemListElement":[{"@type":"ListItem","position":1,"name":"Home","item":"https:\/\/vivcolor.com\/fr\/"},{"@type":"ListItem","position":2,"name":"Produits","item":"https:\/\/vivcolor.com\/fr\/produits\/"},{"@type":"ListItem","position":3,"name":"EPOXYFAST"}]},{"@type":"WebSite","@id":"https:\/\/vivcolor.com\/fr\/#website","url":"https:\/\/vivcolor.com\/fr\/","name":"Peintures, \u00e9maux et rev\u00eatements pour l'industrie, la maison, les loisirs","description":"Vivcolor - Verona","publisher":{"@id":"https:\/\/vivcolor.com\/fr\/#organization"},"potentialAction":[{"@type":"SearchAction","target":{"@type":"EntryPoint","urlTemplate":"https:\/\/vivcolor.com\/fr\/?s={search_term_string}"},"query-input":{"@type":"PropertyValueSpecification","valueRequired":true,"valueName":"search_term_string"}}],"inLanguage":"fr-FR"},{"@type":"Organization","@id":"https:\/\/vivcolor.com\/fr\/#organization","name":"Vivcolor Vernici e Pitture e Rivestimenti industriali","url":"https:\/\/vivcolor.com\/fr\/","logo":{"@type":"ImageObject","inLanguage":"fr-FR","@id":"https:\/\/vivcolor.com\/fr\/#\/schema\/logo\/image\/","url":"https:\/\/vivcolor.com\/wp-content\/uploads\/2021\/06\/logov2_web.png","contentUrl":"https:\/\/vivcolor.com\/wp-content\/uploads\/2021\/06\/logov2_web.png","width":400,"height":168,"caption":"Vivcolor Vernici e Pitture e Rivestimenti industriali"},"image":{"@id":"https:\/\/vivcolor.com\/fr\/#\/schema\/logo\/image\/"}}]}},"_links":{"self":[{"href":"https:\/\/vivcolor.com\/fr\/wp-json\/wp\/v2\/product\/19011","targetHints":{"allow":["GET"]}}],"collection":[{"href":"https:\/\/vivcolor.com\/fr\/wp-json\/wp\/v2\/product"}],"about":[{"href":"https:\/\/vivcolor.com\/fr\/wp-json\/wp\/v2\/types\/product"}],"wp:featuredmedia":[{"embeddable":true,"href":"https:\/\/vivcolor.com\/fr\/wp-json\/wp\/v2\/media\/13693"}],"wp:attachment":[{"href":"https:\/\/vivcolor.com\/fr\/wp-json\/wp\/v2\/media?parent=19011"}],"wp:term":[{"taxonomy":"product_brand","embeddable":true,"href":"https:\/\/vivcolor.com\/fr\/wp-json\/wp\/v2\/product_brand?post=19011"},{"taxonomy":"product_cat","embeddable":true,"href":"https:\/\/vivcolor.com\/fr\/wp-json\/wp\/v2\/product_cat?post=19011"},{"taxonomy":"product_tag","embeddable":true,"href":"https:\/\/vivcolor.com\/fr\/wp-json\/wp\/v2\/product_tag?post=19011"}],"curies":[{"name":"wp","href":"https:\/\/api.w.org\/{rel}","templated":true}]}}