{"id":17924,"date":"2025-05-09T11:46:01","date_gmt":"2025-05-09T11:46:01","guid":{"rendered":"https:\/\/vivcolor.com\/?post_type=product&#038;p=17924"},"modified":"2025-05-09T12:06:04","modified_gmt":"2025-05-09T12:06:04","slug":"diluant-nitro-anti-brouillard-copia","status":"publish","type":"product","link":"https:\/\/vivcolor.com\/fr\/p\/diluants-et-solvants\/diluant-nitro-anti-brouillard-copia\/","title":{"rendered":"EPOSIDIC THINNER EXTRA"},"content":{"rendered":"<div class=\"page\" title=\"Page 1\">\n<div class=\"section\">\n<div class=\"layoutArea\">\n<div class=\"column\">\n<p>Ce produit est une combinaison de solvants choisis pour dissoudre efficacement les peintures et s&rsquo;\u00e9vaporer de mani\u00e8re contr\u00f4l\u00e9e. Il facilite l&rsquo;application uniforme et la pulv\u00e9risation des produits de peinture \u00e9poxy tels que les \u00e9maux et les appr\u00eats. Il peut \u00e9galement \u00eatre utilis\u00e9 pour nettoyer les outils et les surfaces de travail.<\/p>\n<\/div>\n<\/div>\n<\/div>\n<\/div>\n","protected":false},"excerpt":{"rendered":"<p><img loading=\"lazy\" decoding=\"async\" class=\"alignnone wp-image-7961\" title=\"Peso specifico\" src=\"https:\/\/vivcolor.com\/wp-content\/uploads\/2020\/10\/Peso-specifico-300x287.jpg\" alt=\"Peso specifico\" width=\"63\" height=\"60\" srcset=\"https:\/\/vivcolor.com\/wp-content\/uploads\/2020\/10\/Peso-specifico-300x287.jpg 300w, https:\/\/vivcolor.com\/wp-content\/uploads\/2020\/10\/Peso-specifico-350x334.jpg 350w, https:\/\/vivcolor.com\/wp-content\/uploads\/2020\/10\/Peso-specifico.jpg 448w\" sizes=\"auto, (max-width: 63px) 100vw, 63px\" \/> Poids sp\u00e9cifique : 0,83 \u00b1 0,1 kg\/l<\/p>\n<p><img loading=\"lazy\" decoding=\"async\" class=\"alignnone wp-image-7959\" title=\"Colore\" src=\"https:\/\/vivcolor.com\/wp-content\/uploads\/2020\/10\/Colore-300x287.jpg\" alt=\"Colore\" width=\"63\" height=\"60\" srcset=\"https:\/\/vivcolor.com\/wp-content\/uploads\/2020\/10\/Colore-300x287.jpg 300w, https:\/\/vivcolor.com\/wp-content\/uploads\/2020\/10\/Colore-350x334.jpg 350w, https:\/\/vivcolor.com\/wp-content\/uploads\/2020\/10\/Colore.jpg 448w\" sizes=\"auto, (max-width: 63px) 100vw, 63px\" \/> Couleur : max. 10 Alpha<\/p>\n<p><img loading=\"lazy\" decoding=\"async\" class=\"alignnone wp-image-7958\" title=\"goccia\" src=\"https:\/\/vivcolor.com\/wp-content\/uploads\/2020\/10\/goccia-300x287.jpg\" alt=\"goccia\" width=\"63\" height=\"60\" srcset=\"https:\/\/vivcolor.com\/wp-content\/uploads\/2020\/10\/goccia-300x287.jpg 300w, https:\/\/vivcolor.com\/wp-content\/uploads\/2020\/10\/goccia-350x334.jpg 350w, https:\/\/vivcolor.com\/wp-content\/uploads\/2020\/10\/goccia.jpg 448w\" sizes=\"auto, (max-width: 63px) 100vw, 63px\" \/> Eau : max. 0,3 % en poids<\/p>\n<p><img loading=\"lazy\" decoding=\"async\" class=\"alignnone wp-image-7960\" title=\"Ebollizzione\" src=\"https:\/\/vivcolor.com\/wp-content\/uploads\/2020\/10\/Ebollizzione-300x287.png\" alt=\"Ebollizzione\" width=\"63\" height=\"60\" srcset=\"https:\/\/vivcolor.com\/wp-content\/uploads\/2020\/10\/Ebollizzione-300x287.png 300w, https:\/\/vivcolor.com\/wp-content\/uploads\/2020\/10\/Ebollizzione-350x334.png 350w, https:\/\/vivcolor.com\/wp-content\/uploads\/2020\/10\/Ebollizzione.png 448w\" sizes=\"auto, (max-width: 63px) 100vw, 63px\" \/> Intervalle d&rsquo;\u00e9bullition : 45-130 \u00b0C<\/p>\n<p>&nbsp;<\/p>\n<h4>Pour de plus amples renseignements :<\/h4>\n<p><a href=\"mailto:vivcolor@vivcolor.com\"><img loading=\"lazy\" decoding=\"async\" class=\"alignnone wp-image-7506\" src=\"https:\/\/vivcolor.com\/wp-content\/uploads\/2021\/11\/email.png\" alt=\"\" width=\"62\" height=\"62\" \/>\u00a0\u00a0\u00a0Envoyez-nous un courriel<\/a><\/p>\n<p><a href=\"tel:045 858 1034\"><img loading=\"lazy\" decoding=\"async\" class=\"alignnone wp-image-7506\" src=\"https:\/\/vivcolor.com\/wp-content\/uploads\/2021\/11\/phone.png\" alt=\"\" width=\"62\" height=\"62\" \/>\u00a0\u00a0\u00a0Appelez\u00a0: +39 045 8581034<\/a><\/p>\n","protected":false},"featured_media":17712,"template":"","meta":[],"product_brand":[],"product_cat":[426],"product_tag":[],"class_list":{"0":"post-17924","1":"product","2":"type-product","3":"status-publish","4":"has-post-thumbnail","6":"product_cat-diluants-et-solvants","7":"pa_colore-transparent-fr","8":"pa_confezione-1-lt-fr","9":"pa_confezione-25-lt-fr-2","10":"pa_confezione-5-lt-fr","12":"first","13":"instock","14":"shipping-taxable","15":"product-type-simple"},"yoast_head":"<!-- This site is optimized with the Yoast SEO plugin v27.3 - https:\/\/yoast.com\/product\/yoast-seo-wordpress\/ -->\n<title>EPOSIDIC THINNER EXTRA - Peintures, \u00e9maux et rev\u00eatements pour l&#039;industrie, la maison, les loisirs<\/title>\n<meta name=\"description\" content=\"VIV Color Leader produzione e vendita vernici, pitture e smalti. Contattaci per ulteriori informazioni sul prodotto, servizio di customer care sempre attivo.\" \/>\n<meta name=\"robots\" content=\"index, follow, max-snippet:-1, max-image-preview:large, max-video-preview:-1\" \/>\n<link rel=\"canonical\" href=\"https:\/\/vivcolor.com\/fr\/p\/diluants-et-solvants\/diluant-nitro-anti-brouillard-copia\/\" \/>\n<meta property=\"og:locale\" content=\"fr_FR\" \/>\n<meta property=\"og:type\" content=\"article\" \/>\n<meta property=\"og:title\" content=\"EPOSIDIC THINNER EXTRA - Peintures, \u00e9maux et rev\u00eatements pour l&#039;industrie, la maison, les loisirs\" \/>\n<meta property=\"og:description\" content=\"VIV Color Leader produzione e vendita vernici, pitture e smalti. Contattaci per ulteriori informazioni sul prodotto, servizio di customer care sempre attivo.\" \/>\n<meta property=\"og:url\" content=\"https:\/\/vivcolor.com\/fr\/p\/diluants-et-solvants\/diluant-nitro-anti-brouillard-copia\/\" \/>\n<meta property=\"og:site_name\" content=\"Peintures, \u00e9maux et rev\u00eatements pour l&#039;industrie, la maison, les loisirs\" \/>\n<meta property=\"article:modified_time\" content=\"2025-05-09T12:06:04+00:00\" \/>\n<meta property=\"og:image\" content=\"https:\/\/vivcolor.com\/wp-content\/uploads\/2025\/04\/latta_neratappo.jpg\" \/>\n\t<meta property=\"og:image:width\" content=\"2000\" \/>\n\t<meta property=\"og:image:height\" content=\"2008\" \/>\n\t<meta property=\"og:image:type\" content=\"image\/jpeg\" \/>\n<meta name=\"twitter:card\" content=\"summary_large_image\" \/>\n<script type=\"application\/ld+json\" class=\"yoast-schema-graph\">{\"@context\":\"https:\\\/\\\/schema.org\",\"@graph\":[{\"@type\":\"WebPage\",\"@id\":\"https:\\\/\\\/vivcolor.com\\\/fr\\\/p\\\/diluants-et-solvants\\\/diluant-nitro-anti-brouillard-copia\\\/\",\"url\":\"https:\\\/\\\/vivcolor.com\\\/fr\\\/p\\\/diluants-et-solvants\\\/diluant-nitro-anti-brouillard-copia\\\/\",\"name\":\"EPOSIDIC THINNER EXTRA - Peintures, \u00e9maux et rev\u00eatements pour l'industrie, la maison, les loisirs\",\"isPartOf\":{\"@id\":\"https:\\\/\\\/vivcolor.com\\\/fr\\\/#website\"},\"primaryImageOfPage\":{\"@id\":\"https:\\\/\\\/vivcolor.com\\\/fr\\\/p\\\/diluants-et-solvants\\\/diluant-nitro-anti-brouillard-copia\\\/#primaryimage\"},\"image\":{\"@id\":\"https:\\\/\\\/vivcolor.com\\\/fr\\\/p\\\/diluants-et-solvants\\\/diluant-nitro-anti-brouillard-copia\\\/#primaryimage\"},\"thumbnailUrl\":\"https:\\\/\\\/vivcolor.com\\\/wp-content\\\/uploads\\\/2025\\\/04\\\/latta_neratappo.jpg\",\"datePublished\":\"2025-05-09T11:46:01+00:00\",\"dateModified\":\"2025-05-09T12:06:04+00:00\",\"description\":\"VIV Color Leader produzione e vendita vernici, pitture e smalti. Contattaci per ulteriori informazioni sul prodotto, servizio di customer care sempre attivo.\",\"breadcrumb\":{\"@id\":\"https:\\\/\\\/vivcolor.com\\\/fr\\\/p\\\/diluants-et-solvants\\\/diluant-nitro-anti-brouillard-copia\\\/#breadcrumb\"},\"inLanguage\":\"fr-FR\",\"potentialAction\":[{\"@type\":\"ReadAction\",\"target\":[\"https:\\\/\\\/vivcolor.com\\\/fr\\\/p\\\/diluants-et-solvants\\\/diluant-nitro-anti-brouillard-copia\\\/\"]}]},{\"@type\":\"ImageObject\",\"inLanguage\":\"fr-FR\",\"@id\":\"https:\\\/\\\/vivcolor.com\\\/fr\\\/p\\\/diluants-et-solvants\\\/diluant-nitro-anti-brouillard-copia\\\/#primaryimage\",\"url\":\"https:\\\/\\\/vivcolor.com\\\/wp-content\\\/uploads\\\/2025\\\/04\\\/latta_neratappo.jpg\",\"contentUrl\":\"https:\\\/\\\/vivcolor.com\\\/wp-content\\\/uploads\\\/2025\\\/04\\\/latta_neratappo.jpg\",\"width\":2000,\"height\":2008},{\"@type\":\"BreadcrumbList\",\"@id\":\"https:\\\/\\\/vivcolor.com\\\/fr\\\/p\\\/diluants-et-solvants\\\/diluant-nitro-anti-brouillard-copia\\\/#breadcrumb\",\"itemListElement\":[{\"@type\":\"ListItem\",\"position\":1,\"name\":\"Home\",\"item\":\"https:\\\/\\\/vivcolor.com\\\/fr\\\/\"},{\"@type\":\"ListItem\",\"position\":2,\"name\":\"Produits\",\"item\":\"https:\\\/\\\/vivcolor.com\\\/fr\\\/produits\\\/\"},{\"@type\":\"ListItem\",\"position\":3,\"name\":\"EPOSIDIC THINNER EXTRA\"}]},{\"@type\":\"WebSite\",\"@id\":\"https:\\\/\\\/vivcolor.com\\\/fr\\\/#website\",\"url\":\"https:\\\/\\\/vivcolor.com\\\/fr\\\/\",\"name\":\"Peintures, \u00e9maux et rev\u00eatements pour l'industrie, la maison, les loisirs\",\"description\":\"Vivcolor - Verona\",\"publisher\":{\"@id\":\"https:\\\/\\\/vivcolor.com\\\/fr\\\/#organization\"},\"potentialAction\":[{\"@type\":\"SearchAction\",\"target\":{\"@type\":\"EntryPoint\",\"urlTemplate\":\"https:\\\/\\\/vivcolor.com\\\/fr\\\/?s={search_term_string}\"},\"query-input\":{\"@type\":\"PropertyValueSpecification\",\"valueRequired\":true,\"valueName\":\"search_term_string\"}}],\"inLanguage\":\"fr-FR\"},{\"@type\":\"Organization\",\"@id\":\"https:\\\/\\\/vivcolor.com\\\/fr\\\/#organization\",\"name\":\"Vivcolor Vernici e Pitture e Rivestimenti industriali\",\"url\":\"https:\\\/\\\/vivcolor.com\\\/fr\\\/\",\"logo\":{\"@type\":\"ImageObject\",\"inLanguage\":\"fr-FR\",\"@id\":\"https:\\\/\\\/vivcolor.com\\\/fr\\\/#\\\/schema\\\/logo\\\/image\\\/\",\"url\":\"https:\\\/\\\/vivcolor.com\\\/wp-content\\\/uploads\\\/2021\\\/06\\\/logov2_web.png\",\"contentUrl\":\"https:\\\/\\\/vivcolor.com\\\/wp-content\\\/uploads\\\/2021\\\/06\\\/logov2_web.png\",\"width\":400,\"height\":168,\"caption\":\"Vivcolor Vernici e Pitture e Rivestimenti industriali\"},\"image\":{\"@id\":\"https:\\\/\\\/vivcolor.com\\\/fr\\\/#\\\/schema\\\/logo\\\/image\\\/\"}}]}<\/script>\n<!-- \/ Yoast SEO plugin. -->","yoast_head_json":{"title":"EPOSIDIC THINNER EXTRA - Peintures, \u00e9maux et rev\u00eatements pour l'industrie, la maison, les loisirs","description":"VIV Color Leader produzione e vendita vernici, pitture e smalti. Contattaci per ulteriori informazioni sul prodotto, servizio di customer care sempre attivo.","robots":{"index":"index","follow":"follow","max-snippet":"max-snippet:-1","max-image-preview":"max-image-preview:large","max-video-preview":"max-video-preview:-1"},"canonical":"https:\/\/vivcolor.com\/fr\/p\/diluants-et-solvants\/diluant-nitro-anti-brouillard-copia\/","og_locale":"fr_FR","og_type":"article","og_title":"EPOSIDIC THINNER EXTRA - Peintures, \u00e9maux et rev\u00eatements pour l'industrie, la maison, les loisirs","og_description":"VIV Color Leader produzione e vendita vernici, pitture e smalti. Contattaci per ulteriori informazioni sul prodotto, servizio di customer care sempre attivo.","og_url":"https:\/\/vivcolor.com\/fr\/p\/diluants-et-solvants\/diluant-nitro-anti-brouillard-copia\/","og_site_name":"Peintures, \u00e9maux et rev\u00eatements pour l'industrie, la maison, les loisirs","article_modified_time":"2025-05-09T12:06:04+00:00","og_image":[{"width":2000,"height":2008,"url":"https:\/\/vivcolor.com\/wp-content\/uploads\/2025\/04\/latta_neratappo.jpg","type":"image\/jpeg"}],"twitter_card":"summary_large_image","schema":{"@context":"https:\/\/schema.org","@graph":[{"@type":"WebPage","@id":"https:\/\/vivcolor.com\/fr\/p\/diluants-et-solvants\/diluant-nitro-anti-brouillard-copia\/","url":"https:\/\/vivcolor.com\/fr\/p\/diluants-et-solvants\/diluant-nitro-anti-brouillard-copia\/","name":"EPOSIDIC THINNER EXTRA - Peintures, \u00e9maux et rev\u00eatements pour l'industrie, la maison, les loisirs","isPartOf":{"@id":"https:\/\/vivcolor.com\/fr\/#website"},"primaryImageOfPage":{"@id":"https:\/\/vivcolor.com\/fr\/p\/diluants-et-solvants\/diluant-nitro-anti-brouillard-copia\/#primaryimage"},"image":{"@id":"https:\/\/vivcolor.com\/fr\/p\/diluants-et-solvants\/diluant-nitro-anti-brouillard-copia\/#primaryimage"},"thumbnailUrl":"https:\/\/vivcolor.com\/wp-content\/uploads\/2025\/04\/latta_neratappo.jpg","datePublished":"2025-05-09T11:46:01+00:00","dateModified":"2025-05-09T12:06:04+00:00","description":"VIV Color Leader produzione e vendita vernici, pitture e smalti. Contattaci per ulteriori informazioni sul prodotto, servizio di customer care sempre attivo.","breadcrumb":{"@id":"https:\/\/vivcolor.com\/fr\/p\/diluants-et-solvants\/diluant-nitro-anti-brouillard-copia\/#breadcrumb"},"inLanguage":"fr-FR","potentialAction":[{"@type":"ReadAction","target":["https:\/\/vivcolor.com\/fr\/p\/diluants-et-solvants\/diluant-nitro-anti-brouillard-copia\/"]}]},{"@type":"ImageObject","inLanguage":"fr-FR","@id":"https:\/\/vivcolor.com\/fr\/p\/diluants-et-solvants\/diluant-nitro-anti-brouillard-copia\/#primaryimage","url":"https:\/\/vivcolor.com\/wp-content\/uploads\/2025\/04\/latta_neratappo.jpg","contentUrl":"https:\/\/vivcolor.com\/wp-content\/uploads\/2025\/04\/latta_neratappo.jpg","width":2000,"height":2008},{"@type":"BreadcrumbList","@id":"https:\/\/vivcolor.com\/fr\/p\/diluants-et-solvants\/diluant-nitro-anti-brouillard-copia\/#breadcrumb","itemListElement":[{"@type":"ListItem","position":1,"name":"Home","item":"https:\/\/vivcolor.com\/fr\/"},{"@type":"ListItem","position":2,"name":"Produits","item":"https:\/\/vivcolor.com\/fr\/produits\/"},{"@type":"ListItem","position":3,"name":"EPOSIDIC THINNER EXTRA"}]},{"@type":"WebSite","@id":"https:\/\/vivcolor.com\/fr\/#website","url":"https:\/\/vivcolor.com\/fr\/","name":"Peintures, \u00e9maux et rev\u00eatements pour l'industrie, la maison, les loisirs","description":"Vivcolor - Verona","publisher":{"@id":"https:\/\/vivcolor.com\/fr\/#organization"},"potentialAction":[{"@type":"SearchAction","target":{"@type":"EntryPoint","urlTemplate":"https:\/\/vivcolor.com\/fr\/?s={search_term_string}"},"query-input":{"@type":"PropertyValueSpecification","valueRequired":true,"valueName":"search_term_string"}}],"inLanguage":"fr-FR"},{"@type":"Organization","@id":"https:\/\/vivcolor.com\/fr\/#organization","name":"Vivcolor Vernici e Pitture e Rivestimenti industriali","url":"https:\/\/vivcolor.com\/fr\/","logo":{"@type":"ImageObject","inLanguage":"fr-FR","@id":"https:\/\/vivcolor.com\/fr\/#\/schema\/logo\/image\/","url":"https:\/\/vivcolor.com\/wp-content\/uploads\/2021\/06\/logov2_web.png","contentUrl":"https:\/\/vivcolor.com\/wp-content\/uploads\/2021\/06\/logov2_web.png","width":400,"height":168,"caption":"Vivcolor Vernici e Pitture e Rivestimenti industriali"},"image":{"@id":"https:\/\/vivcolor.com\/fr\/#\/schema\/logo\/image\/"}}]}},"_links":{"self":[{"href":"https:\/\/vivcolor.com\/fr\/wp-json\/wp\/v2\/product\/17924","targetHints":{"allow":["GET"]}}],"collection":[{"href":"https:\/\/vivcolor.com\/fr\/wp-json\/wp\/v2\/product"}],"about":[{"href":"https:\/\/vivcolor.com\/fr\/wp-json\/wp\/v2\/types\/product"}],"wp:featuredmedia":[{"embeddable":true,"href":"https:\/\/vivcolor.com\/fr\/wp-json\/wp\/v2\/media\/17712"}],"wp:attachment":[{"href":"https:\/\/vivcolor.com\/fr\/wp-json\/wp\/v2\/media?parent=17924"}],"wp:term":[{"taxonomy":"product_brand","embeddable":true,"href":"https:\/\/vivcolor.com\/fr\/wp-json\/wp\/v2\/product_brand?post=17924"},{"taxonomy":"product_cat","embeddable":true,"href":"https:\/\/vivcolor.com\/fr\/wp-json\/wp\/v2\/product_cat?post=17924"},{"taxonomy":"product_tag","embeddable":true,"href":"https:\/\/vivcolor.com\/fr\/wp-json\/wp\/v2\/product_tag?post=17924"}],"curies":[{"name":"wp","href":"https:\/\/api.w.org\/{rel}","templated":true}]}}