{"id":17514,"date":"2025-03-27T12:58:37","date_gmt":"2025-03-27T12:58:37","guid":{"rendered":"https:\/\/vivcolor.com\/?post_type=product&#038;p=17514"},"modified":"2025-03-27T13:15:35","modified_gmt":"2025-03-27T13:15:35","slug":"vivepox-z40-copia","status":"publish","type":"product","link":"https:\/\/vivcolor.com\/fr\/p\/apprets-galvanisants\/vivepox-z40-copia\/","title":{"rendered":"PRIMAIRE \u00c9POXY-SILICIUM \u00c0 BASE DE ZINC"},"content":{"rendered":"<p>Appr\u00eat \u00e9poxy-polyamide \u00e0 deux composants \u00e0 haute teneur en poudre de zinc, inhibiteur de corrosion pour les surfaces ferreuses. Il convient comme base pour les finitions ult\u00e9rieures avec des peintures \u00e9poxy, polyur\u00e9thane synth\u00e9tique, etc. Il est utilis\u00e9 pour des applications sur des surfaces expos\u00e9es \u00e0 des atmosph\u00e8res particuli\u00e8rement corrosives, dans l&rsquo;industrie chimique, l&rsquo;industrie p\u00e9troli\u00e8re, l&rsquo;industrie alimentaire, la construction navale, la construction et la carrosserie industrielle.<\/p>\n<p><strong>RAPPORT DE CATALYSE :<\/strong> 10%<br \/>\n<strong>DURCISSEUR :<\/strong> HDR5.ZINCA<\/p>\n","protected":false},"excerpt":{"rendered":"<h2 style=\"text-align: left;\"><span style=\"font-size: 14pt;\">Appr\u00eat galvanisant \u00e9poxy organique \u00e0 deux composants\u00a0<\/span><\/h2>\n<p><img loading=\"lazy\" decoding=\"async\" class=\"alignnone wp-image-7502\" src=\"https:\/\/vivcolor.com\/wp-content\/uploads\/2020\/10\/ATTREZZI-ICON-300x300.jpg\" alt=\"\" width=\"62\" height=\"62\" srcset=\"https:\/\/vivcolor.com\/wp-content\/uploads\/2020\/10\/ATTREZZI-ICON-300x300.jpg 300w, https:\/\/vivcolor.com\/wp-content\/uploads\/2020\/10\/ATTREZZI-ICON-100x100.jpg 100w, https:\/\/vivcolor.com\/wp-content\/uploads\/2020\/10\/ATTREZZI-ICON-350x350.jpg 350w, https:\/\/vivcolor.com\/wp-content\/uploads\/2020\/10\/ATTREZZI-ICON-150x150.jpg 150w, https:\/\/vivcolor.com\/wp-content\/uploads\/2020\/10\/ATTREZZI-ICON.jpg 381w\" sizes=\"auto, (max-width: 62px) 100vw, 62px\" \/> Outils : Pistolet<\/p>\n<p><img loading=\"lazy\" decoding=\"async\" class=\"alignnone wp-image-7503\" src=\"https:\/\/vivcolor.com\/wp-content\/uploads\/2020\/10\/DILUENTE-ICON-300x300.jpg\" alt=\"\" width=\"62\" height=\"62\" srcset=\"https:\/\/vivcolor.com\/wp-content\/uploads\/2020\/10\/DILUENTE-ICON-300x300.jpg 300w, https:\/\/vivcolor.com\/wp-content\/uploads\/2020\/10\/DILUENTE-ICON-100x100.jpg 100w, https:\/\/vivcolor.com\/wp-content\/uploads\/2020\/10\/DILUENTE-ICON-350x350.jpg 350w, https:\/\/vivcolor.com\/wp-content\/uploads\/2020\/10\/DILUENTE-ICON-150x150.jpg 150w, https:\/\/vivcolor.com\/wp-content\/uploads\/2020\/10\/DILUENTE-ICON.jpg 381w\" sizes=\"auto, (max-width: 62px) 100vw, 62px\" \/> Dilution : \u00c9poxy<\/p>\n<p><img loading=\"lazy\" decoding=\"async\" class=\"alignnone wp-image-7507\" src=\"https:\/\/vivcolor.com\/wp-content\/uploads\/2020\/10\/SPRUZZO-ICON-300x300.jpg\" alt=\"\" width=\"62\" height=\"62\" srcset=\"https:\/\/vivcolor.com\/wp-content\/uploads\/2020\/10\/SPRUZZO-ICON-300x300.jpg 300w, https:\/\/vivcolor.com\/wp-content\/uploads\/2020\/10\/SPRUZZO-ICON-100x100.jpg 100w, https:\/\/vivcolor.com\/wp-content\/uploads\/2020\/10\/SPRUZZO-ICON-350x350.jpg 350w, https:\/\/vivcolor.com\/wp-content\/uploads\/2020\/10\/SPRUZZO-ICON-150x150.jpg 150w, https:\/\/vivcolor.com\/wp-content\/uploads\/2020\/10\/SPRUZZO-ICON.jpg 381w\" sizes=\"auto, (max-width: 62px) 100vw, 62px\" \/>\u00a0Dilution pour spray : 10-15% \u00e9poxy<\/p>\n<p><img loading=\"lazy\" decoding=\"async\" class=\"alignnone wp-image-7505\" src=\"https:\/\/vivcolor.com\/wp-content\/uploads\/2020\/10\/RULLO-E-PENNELLO-ICON-300x300.jpg\" alt=\"\" width=\"62\" height=\"62\" srcset=\"https:\/\/vivcolor.com\/wp-content\/uploads\/2020\/10\/RULLO-E-PENNELLO-ICON-300x300.jpg 300w, https:\/\/vivcolor.com\/wp-content\/uploads\/2020\/10\/RULLO-E-PENNELLO-ICON-100x100.jpg 100w, https:\/\/vivcolor.com\/wp-content\/uploads\/2020\/10\/RULLO-E-PENNELLO-ICON-350x350.jpg 350w, https:\/\/vivcolor.com\/wp-content\/uploads\/2020\/10\/RULLO-E-PENNELLO-ICON-150x150.jpg 150w, https:\/\/vivcolor.com\/wp-content\/uploads\/2020\/10\/RULLO-E-PENNELLO-ICON.jpg 381w\" sizes=\"auto, (max-width: 62px) 100vw, 62px\" \/> Dilution pour rouleau : N\/A<\/p>\n<p><img loading=\"lazy\" decoding=\"async\" class=\"alignnone wp-image-7504\" src=\"https:\/\/vivcolor.com\/wp-content\/uploads\/2020\/10\/RESA-ICON-300x300.jpg\" alt=\"\" width=\"62\" height=\"62\" srcset=\"https:\/\/vivcolor.com\/wp-content\/uploads\/2020\/10\/RESA-ICON-300x300.jpg 300w, https:\/\/vivcolor.com\/wp-content\/uploads\/2020\/10\/RESA-ICON-100x100.jpg 100w, https:\/\/vivcolor.com\/wp-content\/uploads\/2020\/10\/RESA-ICON-350x350.jpg 350w, https:\/\/vivcolor.com\/wp-content\/uploads\/2020\/10\/RESA-ICON-150x150.jpg 150w, https:\/\/vivcolor.com\/wp-content\/uploads\/2020\/10\/RESA-ICON.jpg 381w\" sizes=\"auto, (max-width: 62px) 100vw, 62px\" \/> Rendement : 5-6 m\u00b2\/kg<\/p>\n<p><img loading=\"lazy\" decoding=\"async\" class=\"alignnone wp-image-7506\" src=\"https:\/\/vivcolor.com\/wp-content\/uploads\/2020\/10\/SPESSORI-ICON-300x300.jpg\" alt=\"\" width=\"62\" height=\"62\" srcset=\"https:\/\/vivcolor.com\/wp-content\/uploads\/2020\/10\/SPESSORI-ICON-300x300.jpg 300w, https:\/\/vivcolor.com\/wp-content\/uploads\/2020\/10\/SPESSORI-ICON-100x100.jpg 100w, https:\/\/vivcolor.com\/wp-content\/uploads\/2020\/10\/SPESSORI-ICON-350x350.jpg 350w, https:\/\/vivcolor.com\/wp-content\/uploads\/2020\/10\/SPESSORI-ICON-150x150.jpg 150w, https:\/\/vivcolor.com\/wp-content\/uploads\/2020\/10\/SPESSORI-ICON.jpg 381w\" sizes=\"auto, (max-width: 62px) 100vw, 62px\" \/> R\u00e9sidu sec : 79 \u00b1 1 % (en poids)<\/p>\n<h4>Pour de plus amples renseignements :<\/h4>\n<p><a href=\"mailto:vivcolor@vivcolor.com\"><img loading=\"lazy\" decoding=\"async\" class=\"alignnone wp-image-7506\" src=\"https:\/\/vivcolor.com\/wp-content\/uploads\/2021\/11\/email.png\" alt=\"\" width=\"62\" height=\"62\" \/>\u00a0\u00a0\u00a0Envoyez-nous un courriel<\/a><\/p>\n<p><a href=\"tel:045 858 1034\"><img loading=\"lazy\" decoding=\"async\" class=\"alignnone wp-image-7506\" src=\"https:\/\/vivcolor.com\/wp-content\/uploads\/2021\/11\/phone.png\" alt=\"\" width=\"62\" height=\"62\" \/>\u00a0\u00a0\u00a0Appelez : +39 045 8581034<\/a><\/p>\n","protected":false},"featured_media":13742,"template":"","meta":[],"product_brand":[],"product_cat":[404],"product_tag":[],"class_list":{"0":"post-17514","1":"product","2":"type-product","3":"status-publish","4":"has-post-thumbnail","6":"product_cat-apprets-galvanisants","8":"first","9":"instock","10":"shipping-taxable","11":"product-type-simple"},"yoast_head":"<!-- This site is optimized with the Yoast SEO plugin v27.3 - https:\/\/yoast.com\/product\/yoast-seo-wordpress\/ -->\n<title>PRIMAIRE \u00c9POXY-SILICIUM \u00c0 BASE DE ZINC - Peintures, \u00e9maux et rev\u00eatements pour l&#039;industrie, la maison, les loisirs<\/title>\n<meta name=\"description\" content=\"Appr\u00eat \u00e9poxy-polyamide \u00e0 deux composants \u00e0 haute teneur en zinc m\u00e9tallique. Excellente r\u00e9sistance \u00e0 l&#039;eau et \u00e0 une vaste gamme de solvants. Utilis\u00e9 pour des applications sur des surfaces expos\u00e9es \u00e0 des atmosph\u00e8res particuli\u00e8rement corrosives, pour une utilisation dans l&#039;industrie chimique, dans l&#039;industrie p\u00e9troli\u00e8re, dans l&#039;industrie navale, dans la construction et dans la carrosserie industrielle. La peinture appliqu\u00e9e produit un film mat.\" \/>\n<meta name=\"robots\" content=\"index, follow, max-snippet:-1, max-image-preview:large, max-video-preview:-1\" \/>\n<link rel=\"canonical\" href=\"https:\/\/vivcolor.com\/fr\/p\/apprets-galvanisants\/vivepox-z40-copia\/\" \/>\n<meta property=\"og:locale\" content=\"fr_FR\" \/>\n<meta property=\"og:type\" content=\"article\" \/>\n<meta property=\"og:title\" content=\"PRIMAIRE \u00c9POXY-SILICIUM \u00c0 BASE DE ZINC - Peintures, \u00e9maux et rev\u00eatements pour l&#039;industrie, la maison, les loisirs\" \/>\n<meta property=\"og:description\" content=\"Appr\u00eat \u00e9poxy-polyamide \u00e0 deux composants \u00e0 haute teneur en zinc m\u00e9tallique. Excellente r\u00e9sistance \u00e0 l&#039;eau et \u00e0 une vaste gamme de solvants. Utilis\u00e9 pour des applications sur des surfaces expos\u00e9es \u00e0 des atmosph\u00e8res particuli\u00e8rement corrosives, pour une utilisation dans l&#039;industrie chimique, dans l&#039;industrie p\u00e9troli\u00e8re, dans l&#039;industrie navale, dans la construction et dans la carrosserie industrielle. La peinture appliqu\u00e9e produit un film mat.\" \/>\n<meta property=\"og:url\" content=\"https:\/\/vivcolor.com\/fr\/p\/apprets-galvanisants\/vivepox-z40-copia\/\" \/>\n<meta property=\"og:site_name\" content=\"Peintures, \u00e9maux et rev\u00eatements pour l&#039;industrie, la maison, les loisirs\" \/>\n<meta property=\"article:modified_time\" content=\"2025-03-27T13:15:35+00:00\" \/>\n<meta property=\"og:image\" content=\"https:\/\/vivcolor.com\/wp-content\/uploads\/2017\/06\/Latta-blu-2k.jpeg\" \/>\n\t<meta property=\"og:image:width\" content=\"431\" \/>\n\t<meta property=\"og:image:height\" content=\"479\" \/>\n\t<meta property=\"og:image:type\" content=\"image\/jpeg\" \/>\n<meta name=\"twitter:card\" content=\"summary_large_image\" \/>\n<meta name=\"twitter:label1\" content=\"Dur\u00e9e de lecture estim\u00e9e\" \/>\n\t<meta name=\"twitter:data1\" content=\"1 minute\" \/>\n<script type=\"application\/ld+json\" class=\"yoast-schema-graph\">{\"@context\":\"https:\\\/\\\/schema.org\",\"@graph\":[{\"@type\":\"WebPage\",\"@id\":\"https:\\\/\\\/vivcolor.com\\\/fr\\\/p\\\/apprets-galvanisants\\\/vivepox-z40-copia\\\/\",\"url\":\"https:\\\/\\\/vivcolor.com\\\/fr\\\/p\\\/apprets-galvanisants\\\/vivepox-z40-copia\\\/\",\"name\":\"PRIMAIRE \u00c9POXY-SILICIUM \u00c0 BASE DE ZINC - Peintures, \u00e9maux et rev\u00eatements pour l'industrie, la maison, les loisirs\",\"isPartOf\":{\"@id\":\"https:\\\/\\\/vivcolor.com\\\/fr\\\/#website\"},\"primaryImageOfPage\":{\"@id\":\"https:\\\/\\\/vivcolor.com\\\/fr\\\/p\\\/apprets-galvanisants\\\/vivepox-z40-copia\\\/#primaryimage\"},\"image\":{\"@id\":\"https:\\\/\\\/vivcolor.com\\\/fr\\\/p\\\/apprets-galvanisants\\\/vivepox-z40-copia\\\/#primaryimage\"},\"thumbnailUrl\":\"https:\\\/\\\/vivcolor.com\\\/wp-content\\\/uploads\\\/2017\\\/06\\\/Latta-blu-2k.jpeg\",\"datePublished\":\"2025-03-27T12:58:37+00:00\",\"dateModified\":\"2025-03-27T13:15:35+00:00\",\"description\":\"Appr\u00eat \u00e9poxy-polyamide \u00e0 deux composants \u00e0 haute teneur en zinc m\u00e9tallique. Excellente r\u00e9sistance \u00e0 l'eau et \u00e0 une vaste gamme de solvants. Utilis\u00e9 pour des applications sur des surfaces expos\u00e9es \u00e0 des atmosph\u00e8res particuli\u00e8rement corrosives, pour une utilisation dans l'industrie chimique, dans l'industrie p\u00e9troli\u00e8re, dans l'industrie navale, dans la construction et dans la carrosserie industrielle. La peinture appliqu\u00e9e produit un film mat.\",\"breadcrumb\":{\"@id\":\"https:\\\/\\\/vivcolor.com\\\/fr\\\/p\\\/apprets-galvanisants\\\/vivepox-z40-copia\\\/#breadcrumb\"},\"inLanguage\":\"fr-FR\",\"potentialAction\":[{\"@type\":\"ReadAction\",\"target\":[\"https:\\\/\\\/vivcolor.com\\\/fr\\\/p\\\/apprets-galvanisants\\\/vivepox-z40-copia\\\/\"]}]},{\"@type\":\"ImageObject\",\"inLanguage\":\"fr-FR\",\"@id\":\"https:\\\/\\\/vivcolor.com\\\/fr\\\/p\\\/apprets-galvanisants\\\/vivepox-z40-copia\\\/#primaryimage\",\"url\":\"https:\\\/\\\/vivcolor.com\\\/wp-content\\\/uploads\\\/2017\\\/06\\\/Latta-blu-2k.jpeg\",\"contentUrl\":\"https:\\\/\\\/vivcolor.com\\\/wp-content\\\/uploads\\\/2017\\\/06\\\/Latta-blu-2k.jpeg\",\"width\":431,\"height\":479,\"caption\":\"Pot bleu 2k\"},{\"@type\":\"BreadcrumbList\",\"@id\":\"https:\\\/\\\/vivcolor.com\\\/fr\\\/p\\\/apprets-galvanisants\\\/vivepox-z40-copia\\\/#breadcrumb\",\"itemListElement\":[{\"@type\":\"ListItem\",\"position\":1,\"name\":\"Home\",\"item\":\"https:\\\/\\\/vivcolor.com\\\/fr\\\/\"},{\"@type\":\"ListItem\",\"position\":2,\"name\":\"Produits\",\"item\":\"https:\\\/\\\/vivcolor.com\\\/fr\\\/produits\\\/\"},{\"@type\":\"ListItem\",\"position\":3,\"name\":\"PRIMAIRE \u00c9POXY-SILICIUM \u00c0 BASE DE ZINC\"}]},{\"@type\":\"WebSite\",\"@id\":\"https:\\\/\\\/vivcolor.com\\\/fr\\\/#website\",\"url\":\"https:\\\/\\\/vivcolor.com\\\/fr\\\/\",\"name\":\"Peintures, \u00e9maux et rev\u00eatements pour l'industrie, la maison, les loisirs\",\"description\":\"Vivcolor - Verona\",\"publisher\":{\"@id\":\"https:\\\/\\\/vivcolor.com\\\/fr\\\/#organization\"},\"potentialAction\":[{\"@type\":\"SearchAction\",\"target\":{\"@type\":\"EntryPoint\",\"urlTemplate\":\"https:\\\/\\\/vivcolor.com\\\/fr\\\/?s={search_term_string}\"},\"query-input\":{\"@type\":\"PropertyValueSpecification\",\"valueRequired\":true,\"valueName\":\"search_term_string\"}}],\"inLanguage\":\"fr-FR\"},{\"@type\":\"Organization\",\"@id\":\"https:\\\/\\\/vivcolor.com\\\/fr\\\/#organization\",\"name\":\"Vivcolor Vernici e Pitture e Rivestimenti industriali\",\"url\":\"https:\\\/\\\/vivcolor.com\\\/fr\\\/\",\"logo\":{\"@type\":\"ImageObject\",\"inLanguage\":\"fr-FR\",\"@id\":\"https:\\\/\\\/vivcolor.com\\\/fr\\\/#\\\/schema\\\/logo\\\/image\\\/\",\"url\":\"https:\\\/\\\/vivcolor.com\\\/wp-content\\\/uploads\\\/2021\\\/06\\\/logov2_web.png\",\"contentUrl\":\"https:\\\/\\\/vivcolor.com\\\/wp-content\\\/uploads\\\/2021\\\/06\\\/logov2_web.png\",\"width\":400,\"height\":168,\"caption\":\"Vivcolor Vernici e Pitture e Rivestimenti industriali\"},\"image\":{\"@id\":\"https:\\\/\\\/vivcolor.com\\\/fr\\\/#\\\/schema\\\/logo\\\/image\\\/\"}}]}<\/script>\n<!-- \/ Yoast SEO plugin. -->","yoast_head_json":{"title":"PRIMAIRE \u00c9POXY-SILICIUM \u00c0 BASE DE ZINC - Peintures, \u00e9maux et rev\u00eatements pour l'industrie, la maison, les loisirs","description":"Appr\u00eat \u00e9poxy-polyamide \u00e0 deux composants \u00e0 haute teneur en zinc m\u00e9tallique. Excellente r\u00e9sistance \u00e0 l'eau et \u00e0 une vaste gamme de solvants. Utilis\u00e9 pour des applications sur des surfaces expos\u00e9es \u00e0 des atmosph\u00e8res particuli\u00e8rement corrosives, pour une utilisation dans l'industrie chimique, dans l'industrie p\u00e9troli\u00e8re, dans l'industrie navale, dans la construction et dans la carrosserie industrielle. La peinture appliqu\u00e9e produit un film mat.","robots":{"index":"index","follow":"follow","max-snippet":"max-snippet:-1","max-image-preview":"max-image-preview:large","max-video-preview":"max-video-preview:-1"},"canonical":"https:\/\/vivcolor.com\/fr\/p\/apprets-galvanisants\/vivepox-z40-copia\/","og_locale":"fr_FR","og_type":"article","og_title":"PRIMAIRE \u00c9POXY-SILICIUM \u00c0 BASE DE ZINC - Peintures, \u00e9maux et rev\u00eatements pour l'industrie, la maison, les loisirs","og_description":"Appr\u00eat \u00e9poxy-polyamide \u00e0 deux composants \u00e0 haute teneur en zinc m\u00e9tallique. Excellente r\u00e9sistance \u00e0 l'eau et \u00e0 une vaste gamme de solvants. Utilis\u00e9 pour des applications sur des surfaces expos\u00e9es \u00e0 des atmosph\u00e8res particuli\u00e8rement corrosives, pour une utilisation dans l'industrie chimique, dans l'industrie p\u00e9troli\u00e8re, dans l'industrie navale, dans la construction et dans la carrosserie industrielle. La peinture appliqu\u00e9e produit un film mat.","og_url":"https:\/\/vivcolor.com\/fr\/p\/apprets-galvanisants\/vivepox-z40-copia\/","og_site_name":"Peintures, \u00e9maux et rev\u00eatements pour l'industrie, la maison, les loisirs","article_modified_time":"2025-03-27T13:15:35+00:00","og_image":[{"width":431,"height":479,"url":"https:\/\/vivcolor.com\/wp-content\/uploads\/2017\/06\/Latta-blu-2k.jpeg","type":"image\/jpeg"}],"twitter_card":"summary_large_image","twitter_misc":{"Dur\u00e9e de lecture estim\u00e9e":"1 minute"},"schema":{"@context":"https:\/\/schema.org","@graph":[{"@type":"WebPage","@id":"https:\/\/vivcolor.com\/fr\/p\/apprets-galvanisants\/vivepox-z40-copia\/","url":"https:\/\/vivcolor.com\/fr\/p\/apprets-galvanisants\/vivepox-z40-copia\/","name":"PRIMAIRE \u00c9POXY-SILICIUM \u00c0 BASE DE ZINC - Peintures, \u00e9maux et rev\u00eatements pour l'industrie, la maison, les loisirs","isPartOf":{"@id":"https:\/\/vivcolor.com\/fr\/#website"},"primaryImageOfPage":{"@id":"https:\/\/vivcolor.com\/fr\/p\/apprets-galvanisants\/vivepox-z40-copia\/#primaryimage"},"image":{"@id":"https:\/\/vivcolor.com\/fr\/p\/apprets-galvanisants\/vivepox-z40-copia\/#primaryimage"},"thumbnailUrl":"https:\/\/vivcolor.com\/wp-content\/uploads\/2017\/06\/Latta-blu-2k.jpeg","datePublished":"2025-03-27T12:58:37+00:00","dateModified":"2025-03-27T13:15:35+00:00","description":"Appr\u00eat \u00e9poxy-polyamide \u00e0 deux composants \u00e0 haute teneur en zinc m\u00e9tallique. Excellente r\u00e9sistance \u00e0 l'eau et \u00e0 une vaste gamme de solvants. Utilis\u00e9 pour des applications sur des surfaces expos\u00e9es \u00e0 des atmosph\u00e8res particuli\u00e8rement corrosives, pour une utilisation dans l'industrie chimique, dans l'industrie p\u00e9troli\u00e8re, dans l'industrie navale, dans la construction et dans la carrosserie industrielle. La peinture appliqu\u00e9e produit un film mat.","breadcrumb":{"@id":"https:\/\/vivcolor.com\/fr\/p\/apprets-galvanisants\/vivepox-z40-copia\/#breadcrumb"},"inLanguage":"fr-FR","potentialAction":[{"@type":"ReadAction","target":["https:\/\/vivcolor.com\/fr\/p\/apprets-galvanisants\/vivepox-z40-copia\/"]}]},{"@type":"ImageObject","inLanguage":"fr-FR","@id":"https:\/\/vivcolor.com\/fr\/p\/apprets-galvanisants\/vivepox-z40-copia\/#primaryimage","url":"https:\/\/vivcolor.com\/wp-content\/uploads\/2017\/06\/Latta-blu-2k.jpeg","contentUrl":"https:\/\/vivcolor.com\/wp-content\/uploads\/2017\/06\/Latta-blu-2k.jpeg","width":431,"height":479,"caption":"Pot bleu 2k"},{"@type":"BreadcrumbList","@id":"https:\/\/vivcolor.com\/fr\/p\/apprets-galvanisants\/vivepox-z40-copia\/#breadcrumb","itemListElement":[{"@type":"ListItem","position":1,"name":"Home","item":"https:\/\/vivcolor.com\/fr\/"},{"@type":"ListItem","position":2,"name":"Produits","item":"https:\/\/vivcolor.com\/fr\/produits\/"},{"@type":"ListItem","position":3,"name":"PRIMAIRE \u00c9POXY-SILICIUM \u00c0 BASE DE ZINC"}]},{"@type":"WebSite","@id":"https:\/\/vivcolor.com\/fr\/#website","url":"https:\/\/vivcolor.com\/fr\/","name":"Peintures, \u00e9maux et rev\u00eatements pour l'industrie, la maison, les loisirs","description":"Vivcolor - Verona","publisher":{"@id":"https:\/\/vivcolor.com\/fr\/#organization"},"potentialAction":[{"@type":"SearchAction","target":{"@type":"EntryPoint","urlTemplate":"https:\/\/vivcolor.com\/fr\/?s={search_term_string}"},"query-input":{"@type":"PropertyValueSpecification","valueRequired":true,"valueName":"search_term_string"}}],"inLanguage":"fr-FR"},{"@type":"Organization","@id":"https:\/\/vivcolor.com\/fr\/#organization","name":"Vivcolor Vernici e Pitture e Rivestimenti industriali","url":"https:\/\/vivcolor.com\/fr\/","logo":{"@type":"ImageObject","inLanguage":"fr-FR","@id":"https:\/\/vivcolor.com\/fr\/#\/schema\/logo\/image\/","url":"https:\/\/vivcolor.com\/wp-content\/uploads\/2021\/06\/logov2_web.png","contentUrl":"https:\/\/vivcolor.com\/wp-content\/uploads\/2021\/06\/logov2_web.png","width":400,"height":168,"caption":"Vivcolor Vernici e Pitture e Rivestimenti industriali"},"image":{"@id":"https:\/\/vivcolor.com\/fr\/#\/schema\/logo\/image\/"}}]}},"_links":{"self":[{"href":"https:\/\/vivcolor.com\/fr\/wp-json\/wp\/v2\/product\/17514","targetHints":{"allow":["GET"]}}],"collection":[{"href":"https:\/\/vivcolor.com\/fr\/wp-json\/wp\/v2\/product"}],"about":[{"href":"https:\/\/vivcolor.com\/fr\/wp-json\/wp\/v2\/types\/product"}],"wp:featuredmedia":[{"embeddable":true,"href":"https:\/\/vivcolor.com\/fr\/wp-json\/wp\/v2\/media\/13742"}],"wp:attachment":[{"href":"https:\/\/vivcolor.com\/fr\/wp-json\/wp\/v2\/media?parent=17514"}],"wp:term":[{"taxonomy":"product_brand","embeddable":true,"href":"https:\/\/vivcolor.com\/fr\/wp-json\/wp\/v2\/product_brand?post=17514"},{"taxonomy":"product_cat","embeddable":true,"href":"https:\/\/vivcolor.com\/fr\/wp-json\/wp\/v2\/product_cat?post=17514"},{"taxonomy":"product_tag","embeddable":true,"href":"https:\/\/vivcolor.com\/fr\/wp-json\/wp\/v2\/product_tag?post=17514"}],"curies":[{"name":"wp","href":"https:\/\/api.w.org\/{rel}","templated":true}]}}