{"id":14450,"date":"2020-10-23T08:40:42","date_gmt":"2022-08-30T13:25:32","guid":{"rendered":"https:\/\/vivcolor.com\/p\/non%20class\u00e9\/vivepox-sols-mat-2k\/"},"modified":"2022-09-13T14:16:53","modified_gmt":"2022-09-13T14:16:53","slug":"vivepox-sols-mat-2k","status":"publish","type":"product","link":"https:\/\/vivcolor.com\/fr\/p\/laques-epoxy-a-base-deau\/laques-epoxy\/vivepox-sols-mat-2k\/","title":{"rendered":"VIVEPOX SOLS MAT 2K"},"content":{"rendered":"<div class=\"page\" title=\"Page 1\">\n<div class=\"section\">\n<div class=\"layoutArea\">\n<div class=\"column\">\n<p>Finition \u00e9poxy-polyamide \u00e0 deux composants \u00e0 haute r\u00e9sistance \u00e0 l&rsquo;eau et au contact avec les huiles, les solvants, l\u2019essence, les acides et les bases. Excellente adh\u00e9rence sur les surfaces m\u00e9talliques. Cette laque particuli\u00e8re est indiqu\u00e9e pour les applications sur le b\u00e9ton et les sols. La version <strong>texturis\u00e9e poss\u00e8de d\u2019excellentes qualit\u00e9s antid\u00e9rapantes<\/strong>. Il n&rsquo;est pas recommand\u00e9 d&rsquo;utiliser le produit comme finition ext\u00e9rieure si des qualit\u00e9s esth\u00e9tiques \u00e9lev\u00e9es sont requises.<\/p>\n<\/div>\n<\/div>\n<\/div>\n<\/div>\n","protected":false},"excerpt":{"rendered":"<h2 style=\"text-align: left;\"><span style=\"font-size: 14pt;\">Laque \u00e9poxy pour sols 2k\u00a0<\/span><\/h2>\n<p><img loading=\"lazy\" decoding=\"async\" class=\"alignnone wp-image-7502\" src=\"https:\/\/vivcolor.com\/wp-content\/uploads\/2020\/10\/ATTREZZI-ICON-300x300.jpg\" alt=\"\" width=\"62\" height=\"62\" srcset=\"https:\/\/vivcolor.com\/wp-content\/uploads\/2020\/10\/ATTREZZI-ICON-300x300.jpg 300w, https:\/\/vivcolor.com\/wp-content\/uploads\/2020\/10\/ATTREZZI-ICON-100x100.jpg 100w, https:\/\/vivcolor.com\/wp-content\/uploads\/2020\/10\/ATTREZZI-ICON-350x350.jpg 350w, https:\/\/vivcolor.com\/wp-content\/uploads\/2020\/10\/ATTREZZI-ICON-150x150.jpg 150w, https:\/\/vivcolor.com\/wp-content\/uploads\/2020\/10\/ATTREZZI-ICON.jpg 381w\" sizes=\"auto, (max-width: 62px) 100vw, 62px\" \/> Outils : Brosse, rouleau, pistolet<\/p>\n<p><img loading=\"lazy\" decoding=\"async\" class=\"alignnone wp-image-7503\" src=\"https:\/\/vivcolor.com\/wp-content\/uploads\/2020\/10\/DILUENTE-ICON-300x300.jpg\" alt=\"\" width=\"62\" height=\"62\" srcset=\"https:\/\/vivcolor.com\/wp-content\/uploads\/2020\/10\/DILUENTE-ICON-300x300.jpg 300w, https:\/\/vivcolor.com\/wp-content\/uploads\/2020\/10\/DILUENTE-ICON-100x100.jpg 100w, https:\/\/vivcolor.com\/wp-content\/uploads\/2020\/10\/DILUENTE-ICON-350x350.jpg 350w, https:\/\/vivcolor.com\/wp-content\/uploads\/2020\/10\/DILUENTE-ICON-150x150.jpg 150w, https:\/\/vivcolor.com\/wp-content\/uploads\/2020\/10\/DILUENTE-ICON.jpg 381w\" sizes=\"auto, (max-width: 62px) 100vw, 62px\" \/> Dilution : \u00c9poxy<\/p>\n<p><img loading=\"lazy\" decoding=\"async\" class=\"alignnone wp-image-7507\" src=\"https:\/\/vivcolor.com\/wp-content\/uploads\/2020\/10\/SPRUZZO-ICON-300x300.jpg\" alt=\"\" width=\"62\" height=\"62\" srcset=\"https:\/\/vivcolor.com\/wp-content\/uploads\/2020\/10\/SPRUZZO-ICON-300x300.jpg 300w, https:\/\/vivcolor.com\/wp-content\/uploads\/2020\/10\/SPRUZZO-ICON-100x100.jpg 100w, https:\/\/vivcolor.com\/wp-content\/uploads\/2020\/10\/SPRUZZO-ICON-350x350.jpg 350w, https:\/\/vivcolor.com\/wp-content\/uploads\/2020\/10\/SPRUZZO-ICON-150x150.jpg 150w, https:\/\/vivcolor.com\/wp-content\/uploads\/2020\/10\/SPRUZZO-ICON.jpg 381w\" sizes=\"auto, (max-width: 62px) 100vw, 62px\" \/>\u00a0Dilution pour spray : 10-20 % \u00e9poxy<\/p>\n<p><img loading=\"lazy\" decoding=\"async\" class=\"alignnone wp-image-7505\" src=\"https:\/\/vivcolor.com\/wp-content\/uploads\/2020\/10\/RULLO-E-PENNELLO-ICON-300x300.jpg\" alt=\"\" width=\"62\" height=\"62\" srcset=\"https:\/\/vivcolor.com\/wp-content\/uploads\/2020\/10\/RULLO-E-PENNELLO-ICON-300x300.jpg 300w, https:\/\/vivcolor.com\/wp-content\/uploads\/2020\/10\/RULLO-E-PENNELLO-ICON-100x100.jpg 100w, https:\/\/vivcolor.com\/wp-content\/uploads\/2020\/10\/RULLO-E-PENNELLO-ICON-350x350.jpg 350w, https:\/\/vivcolor.com\/wp-content\/uploads\/2020\/10\/RULLO-E-PENNELLO-ICON-150x150.jpg 150w, https:\/\/vivcolor.com\/wp-content\/uploads\/2020\/10\/RULLO-E-PENNELLO-ICON.jpg 381w\" sizes=\"auto, (max-width: 62px) 100vw, 62px\" \/>\u00a0Diluant au rouleau : 5-15 % \u00e9poxy<\/p>\n<p><img loading=\"lazy\" decoding=\"async\" class=\"alignnone wp-image-7504\" src=\"https:\/\/vivcolor.com\/wp-content\/uploads\/2020\/10\/RESA-ICON-300x300.jpg\" alt=\"\" width=\"62\" height=\"62\" srcset=\"https:\/\/vivcolor.com\/wp-content\/uploads\/2020\/10\/RESA-ICON-300x300.jpg 300w, https:\/\/vivcolor.com\/wp-content\/uploads\/2020\/10\/RESA-ICON-100x100.jpg 100w, https:\/\/vivcolor.com\/wp-content\/uploads\/2020\/10\/RESA-ICON-350x350.jpg 350w, https:\/\/vivcolor.com\/wp-content\/uploads\/2020\/10\/RESA-ICON-150x150.jpg 150w, https:\/\/vivcolor.com\/wp-content\/uploads\/2020\/10\/RESA-ICON.jpg 381w\" sizes=\"auto, (max-width: 62px) 100vw, 62px\" \/>\u00a0Rendement : 5-7 m\u00b2\/kg<\/p>\n<p><img loading=\"lazy\" decoding=\"async\" class=\"alignnone wp-image-7506\" src=\"https:\/\/vivcolor.com\/wp-content\/uploads\/2020\/10\/SPESSORI-ICON-300x300.jpg\" alt=\"\" width=\"62\" height=\"62\" srcset=\"https:\/\/vivcolor.com\/wp-content\/uploads\/2020\/10\/SPESSORI-ICON-300x300.jpg 300w, https:\/\/vivcolor.com\/wp-content\/uploads\/2020\/10\/SPESSORI-ICON-100x100.jpg 100w, https:\/\/vivcolor.com\/wp-content\/uploads\/2020\/10\/SPESSORI-ICON-350x350.jpg 350w, https:\/\/vivcolor.com\/wp-content\/uploads\/2020\/10\/SPESSORI-ICON-150x150.jpg 150w, https:\/\/vivcolor.com\/wp-content\/uploads\/2020\/10\/SPESSORI-ICON.jpg 381w\" sizes=\"auto, (max-width: 62px) 100vw, 62px\" \/> R\u00e9sidu sec : 78 \u00b1 1 % (en poids)<\/p>\n<p><strong>RAPPORT DE CATALYSE : 20% <\/strong><br \/>\n<strong>DURCISSEUR : HDR5N100G4<\/strong><\/p>\n<h4>Pour de plus amples renseignements :<\/h4>\n<p><a href=\"mailto:vivcolor@vivcolor.com\"><img loading=\"lazy\" decoding=\"async\" class=\"alignnone wp-image-7506\" src=\"https:\/\/vivcolor.com\/wp-content\/uploads\/2021\/11\/email.png\" alt=\"\" width=\"62\" height=\"62\" \/>\u00a0\u00a0\u00a0Envoyez-nous un courriel<\/a><\/p>\n<p><a href=\"tel:045 858 1034\"><img loading=\"lazy\" decoding=\"async\" class=\"alignnone wp-image-7506\" src=\"https:\/\/vivcolor.com\/wp-content\/uploads\/2021\/11\/phone.png\" alt=\"\" width=\"62\" height=\"62\" \/>\u00a0\u00a0\u00a0Appelez\u00a0: +39 045 8581034<\/a><\/p>\n","protected":false},"featured_media":13205,"template":"","meta":[],"product_brand":[],"product_cat":[373],"product_tag":[],"class_list":{"0":"post-14450","1":"product","2":"type-product","3":"status-publish","4":"has-post-thumbnail","6":"product_cat-laques-epoxy","8":"first","9":"instock","10":"shipping-taxable","11":"product-type-simple"},"yoast_head":"<!-- This site is optimized with the Yoast SEO plugin v27.3 - https:\/\/yoast.com\/product\/yoast-seo-wordpress\/ -->\n<title>VIVEPOX SOLS MAT 2K - Peintures, \u00e9maux et rev\u00eatements pour l&#039;industrie, la maison, les loisirs<\/title>\n<meta name=\"description\" content=\"VIV Color Leader produzione e vendita vernici, pitture e smalti. Contattaci per ulteriori informazioni sul prodotto, servizio di customer care sempre attivo.\" \/>\n<meta name=\"robots\" content=\"index, follow, max-snippet:-1, max-image-preview:large, max-video-preview:-1\" \/>\n<link rel=\"canonical\" href=\"https:\/\/vivcolor.com\/fr\/p\/laques-epoxy-a-base-deau\/laques-epoxy\/vivepox-sols-mat-2k\/\" \/>\n<meta property=\"og:locale\" content=\"fr_FR\" \/>\n<meta property=\"og:type\" content=\"article\" \/>\n<meta property=\"og:title\" content=\"VIVEPOX SOLS MAT 2K - Peintures, \u00e9maux et rev\u00eatements pour l&#039;industrie, la maison, les loisirs\" \/>\n<meta property=\"og:description\" content=\"VIV Color Leader produzione e vendita vernici, pitture e smalti. Contattaci per ulteriori informazioni sul prodotto, servizio di customer care sempre attivo.\" \/>\n<meta property=\"og:url\" content=\"https:\/\/vivcolor.com\/fr\/p\/laques-epoxy-a-base-deau\/laques-epoxy\/vivepox-sols-mat-2k\/\" \/>\n<meta property=\"og:site_name\" content=\"Peintures, \u00e9maux et rev\u00eatements pour l&#039;industrie, la maison, les loisirs\" \/>\n<meta property=\"article:modified_time\" content=\"2022-09-13T14:16:53+00:00\" \/>\n<meta property=\"og:image\" content=\"https:\/\/vivcolor.com\/wp-content\/uploads\/2020\/10\/Latta-rossa-2k.jpg\" \/>\n\t<meta property=\"og:image:width\" content=\"431\" \/>\n\t<meta property=\"og:image:height\" content=\"479\" \/>\n\t<meta property=\"og:image:type\" content=\"image\/jpeg\" \/>\n<meta name=\"twitter:card\" content=\"summary_large_image\" \/>\n<script type=\"application\/ld+json\" class=\"yoast-schema-graph\">{\"@context\":\"https:\\\/\\\/schema.org\",\"@graph\":[{\"@type\":\"WebPage\",\"@id\":\"https:\\\/\\\/vivcolor.com\\\/fr\\\/p\\\/laques-epoxy-a-base-deau\\\/laques-epoxy\\\/vivepox-sols-mat-2k\\\/\",\"url\":\"https:\\\/\\\/vivcolor.com\\\/fr\\\/p\\\/laques-epoxy-a-base-deau\\\/laques-epoxy\\\/vivepox-sols-mat-2k\\\/\",\"name\":\"VIVEPOX SOLS MAT 2K - Peintures, \u00e9maux et rev\u00eatements pour l'industrie, la maison, les loisirs\",\"isPartOf\":{\"@id\":\"https:\\\/\\\/vivcolor.com\\\/fr\\\/#website\"},\"primaryImageOfPage\":{\"@id\":\"https:\\\/\\\/vivcolor.com\\\/fr\\\/p\\\/laques-epoxy-a-base-deau\\\/laques-epoxy\\\/vivepox-sols-mat-2k\\\/#primaryimage\"},\"image\":{\"@id\":\"https:\\\/\\\/vivcolor.com\\\/fr\\\/p\\\/laques-epoxy-a-base-deau\\\/laques-epoxy\\\/vivepox-sols-mat-2k\\\/#primaryimage\"},\"thumbnailUrl\":\"https:\\\/\\\/vivcolor.com\\\/wp-content\\\/uploads\\\/2020\\\/10\\\/Latta-rossa-2k.jpg\",\"datePublished\":\"2022-08-30T13:25:32+00:00\",\"dateModified\":\"2022-09-13T14:16:53+00:00\",\"description\":\"VIV Color Leader produzione e vendita vernici, pitture e smalti. Contattaci per ulteriori informazioni sul prodotto, servizio di customer care sempre attivo.\",\"breadcrumb\":{\"@id\":\"https:\\\/\\\/vivcolor.com\\\/fr\\\/p\\\/laques-epoxy-a-base-deau\\\/laques-epoxy\\\/vivepox-sols-mat-2k\\\/#breadcrumb\"},\"inLanguage\":\"fr-FR\",\"potentialAction\":[{\"@type\":\"ReadAction\",\"target\":[\"https:\\\/\\\/vivcolor.com\\\/fr\\\/p\\\/laques-epoxy-a-base-deau\\\/laques-epoxy\\\/vivepox-sols-mat-2k\\\/\"]}]},{\"@type\":\"ImageObject\",\"inLanguage\":\"fr-FR\",\"@id\":\"https:\\\/\\\/vivcolor.com\\\/fr\\\/p\\\/laques-epoxy-a-base-deau\\\/laques-epoxy\\\/vivepox-sols-mat-2k\\\/#primaryimage\",\"url\":\"https:\\\/\\\/vivcolor.com\\\/wp-content\\\/uploads\\\/2020\\\/10\\\/Latta-rossa-2k.jpg\",\"contentUrl\":\"https:\\\/\\\/vivcolor.com\\\/wp-content\\\/uploads\\\/2020\\\/10\\\/Latta-rossa-2k.jpg\",\"width\":431,\"height\":479,\"caption\":\"Pot rouge 2k\"},{\"@type\":\"BreadcrumbList\",\"@id\":\"https:\\\/\\\/vivcolor.com\\\/fr\\\/p\\\/laques-epoxy-a-base-deau\\\/laques-epoxy\\\/vivepox-sols-mat-2k\\\/#breadcrumb\",\"itemListElement\":[{\"@type\":\"ListItem\",\"position\":1,\"name\":\"Home\",\"item\":\"https:\\\/\\\/vivcolor.com\\\/fr\\\/\"},{\"@type\":\"ListItem\",\"position\":2,\"name\":\"Produits\",\"item\":\"https:\\\/\\\/vivcolor.com\\\/fr\\\/produits\\\/\"},{\"@type\":\"ListItem\",\"position\":3,\"name\":\"VIVEPOX SOLS MAT 2K\"}]},{\"@type\":\"WebSite\",\"@id\":\"https:\\\/\\\/vivcolor.com\\\/fr\\\/#website\",\"url\":\"https:\\\/\\\/vivcolor.com\\\/fr\\\/\",\"name\":\"Peintures, \u00e9maux et rev\u00eatements pour l'industrie, la maison, les loisirs\",\"description\":\"Vivcolor - Verona\",\"publisher\":{\"@id\":\"https:\\\/\\\/vivcolor.com\\\/fr\\\/#organization\"},\"potentialAction\":[{\"@type\":\"SearchAction\",\"target\":{\"@type\":\"EntryPoint\",\"urlTemplate\":\"https:\\\/\\\/vivcolor.com\\\/fr\\\/?s={search_term_string}\"},\"query-input\":{\"@type\":\"PropertyValueSpecification\",\"valueRequired\":true,\"valueName\":\"search_term_string\"}}],\"inLanguage\":\"fr-FR\"},{\"@type\":\"Organization\",\"@id\":\"https:\\\/\\\/vivcolor.com\\\/fr\\\/#organization\",\"name\":\"Vivcolor Vernici e Pitture e Rivestimenti industriali\",\"url\":\"https:\\\/\\\/vivcolor.com\\\/fr\\\/\",\"logo\":{\"@type\":\"ImageObject\",\"inLanguage\":\"fr-FR\",\"@id\":\"https:\\\/\\\/vivcolor.com\\\/fr\\\/#\\\/schema\\\/logo\\\/image\\\/\",\"url\":\"https:\\\/\\\/vivcolor.com\\\/wp-content\\\/uploads\\\/2021\\\/06\\\/logov2_web.png\",\"contentUrl\":\"https:\\\/\\\/vivcolor.com\\\/wp-content\\\/uploads\\\/2021\\\/06\\\/logov2_web.png\",\"width\":400,\"height\":168,\"caption\":\"Vivcolor Vernici e Pitture e Rivestimenti industriali\"},\"image\":{\"@id\":\"https:\\\/\\\/vivcolor.com\\\/fr\\\/#\\\/schema\\\/logo\\\/image\\\/\"}}]}<\/script>\n<!-- \/ Yoast SEO plugin. -->","yoast_head_json":{"title":"VIVEPOX SOLS MAT 2K - Peintures, \u00e9maux et rev\u00eatements pour l'industrie, la maison, les loisirs","description":"VIV Color Leader produzione e vendita vernici, pitture e smalti. Contattaci per ulteriori informazioni sul prodotto, servizio di customer care sempre attivo.","robots":{"index":"index","follow":"follow","max-snippet":"max-snippet:-1","max-image-preview":"max-image-preview:large","max-video-preview":"max-video-preview:-1"},"canonical":"https:\/\/vivcolor.com\/fr\/p\/laques-epoxy-a-base-deau\/laques-epoxy\/vivepox-sols-mat-2k\/","og_locale":"fr_FR","og_type":"article","og_title":"VIVEPOX SOLS MAT 2K - Peintures, \u00e9maux et rev\u00eatements pour l'industrie, la maison, les loisirs","og_description":"VIV Color Leader produzione e vendita vernici, pitture e smalti. Contattaci per ulteriori informazioni sul prodotto, servizio di customer care sempre attivo.","og_url":"https:\/\/vivcolor.com\/fr\/p\/laques-epoxy-a-base-deau\/laques-epoxy\/vivepox-sols-mat-2k\/","og_site_name":"Peintures, \u00e9maux et rev\u00eatements pour l'industrie, la maison, les loisirs","article_modified_time":"2022-09-13T14:16:53+00:00","og_image":[{"width":431,"height":479,"url":"https:\/\/vivcolor.com\/wp-content\/uploads\/2020\/10\/Latta-rossa-2k.jpg","type":"image\/jpeg"}],"twitter_card":"summary_large_image","schema":{"@context":"https:\/\/schema.org","@graph":[{"@type":"WebPage","@id":"https:\/\/vivcolor.com\/fr\/p\/laques-epoxy-a-base-deau\/laques-epoxy\/vivepox-sols-mat-2k\/","url":"https:\/\/vivcolor.com\/fr\/p\/laques-epoxy-a-base-deau\/laques-epoxy\/vivepox-sols-mat-2k\/","name":"VIVEPOX SOLS MAT 2K - Peintures, \u00e9maux et rev\u00eatements pour l'industrie, la maison, les loisirs","isPartOf":{"@id":"https:\/\/vivcolor.com\/fr\/#website"},"primaryImageOfPage":{"@id":"https:\/\/vivcolor.com\/fr\/p\/laques-epoxy-a-base-deau\/laques-epoxy\/vivepox-sols-mat-2k\/#primaryimage"},"image":{"@id":"https:\/\/vivcolor.com\/fr\/p\/laques-epoxy-a-base-deau\/laques-epoxy\/vivepox-sols-mat-2k\/#primaryimage"},"thumbnailUrl":"https:\/\/vivcolor.com\/wp-content\/uploads\/2020\/10\/Latta-rossa-2k.jpg","datePublished":"2022-08-30T13:25:32+00:00","dateModified":"2022-09-13T14:16:53+00:00","description":"VIV Color Leader produzione e vendita vernici, pitture e smalti. Contattaci per ulteriori informazioni sul prodotto, servizio di customer care sempre attivo.","breadcrumb":{"@id":"https:\/\/vivcolor.com\/fr\/p\/laques-epoxy-a-base-deau\/laques-epoxy\/vivepox-sols-mat-2k\/#breadcrumb"},"inLanguage":"fr-FR","potentialAction":[{"@type":"ReadAction","target":["https:\/\/vivcolor.com\/fr\/p\/laques-epoxy-a-base-deau\/laques-epoxy\/vivepox-sols-mat-2k\/"]}]},{"@type":"ImageObject","inLanguage":"fr-FR","@id":"https:\/\/vivcolor.com\/fr\/p\/laques-epoxy-a-base-deau\/laques-epoxy\/vivepox-sols-mat-2k\/#primaryimage","url":"https:\/\/vivcolor.com\/wp-content\/uploads\/2020\/10\/Latta-rossa-2k.jpg","contentUrl":"https:\/\/vivcolor.com\/wp-content\/uploads\/2020\/10\/Latta-rossa-2k.jpg","width":431,"height":479,"caption":"Pot rouge 2k"},{"@type":"BreadcrumbList","@id":"https:\/\/vivcolor.com\/fr\/p\/laques-epoxy-a-base-deau\/laques-epoxy\/vivepox-sols-mat-2k\/#breadcrumb","itemListElement":[{"@type":"ListItem","position":1,"name":"Home","item":"https:\/\/vivcolor.com\/fr\/"},{"@type":"ListItem","position":2,"name":"Produits","item":"https:\/\/vivcolor.com\/fr\/produits\/"},{"@type":"ListItem","position":3,"name":"VIVEPOX SOLS MAT 2K"}]},{"@type":"WebSite","@id":"https:\/\/vivcolor.com\/fr\/#website","url":"https:\/\/vivcolor.com\/fr\/","name":"Peintures, \u00e9maux et rev\u00eatements pour l'industrie, la maison, les loisirs","description":"Vivcolor - Verona","publisher":{"@id":"https:\/\/vivcolor.com\/fr\/#organization"},"potentialAction":[{"@type":"SearchAction","target":{"@type":"EntryPoint","urlTemplate":"https:\/\/vivcolor.com\/fr\/?s={search_term_string}"},"query-input":{"@type":"PropertyValueSpecification","valueRequired":true,"valueName":"search_term_string"}}],"inLanguage":"fr-FR"},{"@type":"Organization","@id":"https:\/\/vivcolor.com\/fr\/#organization","name":"Vivcolor Vernici e Pitture e Rivestimenti industriali","url":"https:\/\/vivcolor.com\/fr\/","logo":{"@type":"ImageObject","inLanguage":"fr-FR","@id":"https:\/\/vivcolor.com\/fr\/#\/schema\/logo\/image\/","url":"https:\/\/vivcolor.com\/wp-content\/uploads\/2021\/06\/logov2_web.png","contentUrl":"https:\/\/vivcolor.com\/wp-content\/uploads\/2021\/06\/logov2_web.png","width":400,"height":168,"caption":"Vivcolor Vernici e Pitture e Rivestimenti industriali"},"image":{"@id":"https:\/\/vivcolor.com\/fr\/#\/schema\/logo\/image\/"}}]}},"_links":{"self":[{"href":"https:\/\/vivcolor.com\/fr\/wp-json\/wp\/v2\/product\/14450","targetHints":{"allow":["GET"]}}],"collection":[{"href":"https:\/\/vivcolor.com\/fr\/wp-json\/wp\/v2\/product"}],"about":[{"href":"https:\/\/vivcolor.com\/fr\/wp-json\/wp\/v2\/types\/product"}],"wp:featuredmedia":[{"embeddable":true,"href":"https:\/\/vivcolor.com\/fr\/wp-json\/wp\/v2\/media\/13205"}],"wp:attachment":[{"href":"https:\/\/vivcolor.com\/fr\/wp-json\/wp\/v2\/media?parent=14450"}],"wp:term":[{"taxonomy":"product_brand","embeddable":true,"href":"https:\/\/vivcolor.com\/fr\/wp-json\/wp\/v2\/product_brand?post=14450"},{"taxonomy":"product_cat","embeddable":true,"href":"https:\/\/vivcolor.com\/fr\/wp-json\/wp\/v2\/product_cat?post=14450"},{"taxonomy":"product_tag","embeddable":true,"href":"https:\/\/vivcolor.com\/fr\/wp-json\/wp\/v2\/product_tag?post=14450"}],"curies":[{"name":"wp","href":"https:\/\/api.w.org\/{rel}","templated":true}]}}