{"id":14407,"date":"2020-10-05T22:24:49","date_gmt":"2022-08-30T13:23:27","guid":{"rendered":"https:\/\/vivcolor.com\/p\/non%20class\u00e9\/acriviv-70-100-special-inox\/"},"modified":"2025-01-27T10:54:53","modified_gmt":"2025-01-27T10:54:53","slug":"acriviv-70-100-special-inox","status":"publish","type":"product","link":"https:\/\/vivcolor.com\/fr\/p\/apprets-emaux-acryliques-et-adhesion-directe\/laques-acryliques-a-deux-composants\/acriviv-70-100-special-inox\/","title":{"rendered":"ACRIVIV 70.100 SP\u00c9CIAL INOX"},"content":{"rendered":"<p><strong>Laque monocouche \u00e0 deux composants<\/strong> pr\u00e9sentant une haute r\u00e9sistance aux agents atmosph\u00e9riques, un bon pouvoir passivant, une bonne r\u00e9sistance aux agents chimiques agressifs, une tr\u00e8s faible inflammabilit\u00e9 (une fois le durcissement achev\u00e9), une bonne \u00e9lasticit\u00e9, une excellente tenue de la brillance et un haut pouvoir couvrant.<br \/>\nLa laque est particuli\u00e8rement adapt\u00e9e \u00e0 un usage industriel pour la peinture directe de substrats m\u00e9talliques tels que le fer, les alliages l\u00e9gers, le fer galvanis\u00e9 et <strong>l&rsquo;acier inoxydable sans qu&rsquo;il soit n\u00e9cessaire d&rsquo;appliquer un appr\u00eat d\u2019adh\u00e9rence ou un traitement de surface abrasif.<\/strong><br \/>\nLe film appliqu\u00e9 est semi-brillant avec un toucher doux et un excellent pouvoir de r\u00e9sistance aux rayures.<br \/>\nL\u2019application de la laque ACRIVIV 70.100 S.I. (une fois compl\u00e8tement s\u00e8che et avec un film sans imperfections) permet d\u2019obtenir une r\u00e9sistance \u00e0 la chaleur continue d&rsquo;environ 90-100\u00b0C.<br \/>\nAu-del\u00e0 de cette temp\u00e9rature, les caract\u00e9ristiques techniques du produit ne sont pas garanties.<\/p>\n<p><strong>2AG2I\/2AG3I RAPPORT DE CATALYSE : <\/strong>15%<br \/>\n<strong>DURCISSEUR : <\/strong>HDR2.001<\/p>\n<p>&nbsp;<\/p>\n<p><strong>2AG4I RAPPORT DE CATALYSE : <\/strong>10%<br \/>\n<strong>DURCISSEUR : <\/strong>HDR2.001<\/p>\n","protected":false},"excerpt":{"rendered":"<h2 style=\"text-align: left;\"><span style=\"font-size: 14pt;\">Laque de finition semi-brillante monocouche pour INOX<\/span><\/h2>\n<p><img loading=\"lazy\" decoding=\"async\" class=\"alignnone wp-image-7502\" src=\"https:\/\/vivcolor.com\/wp-content\/uploads\/2020\/10\/ATTREZZI-ICON-300x300.jpg\" alt=\"\" width=\"62\" height=\"62\" srcset=\"https:\/\/vivcolor.com\/wp-content\/uploads\/2020\/10\/ATTREZZI-ICON-300x300.jpg 300w, https:\/\/vivcolor.com\/wp-content\/uploads\/2020\/10\/ATTREZZI-ICON-100x100.jpg 100w, https:\/\/vivcolor.com\/wp-content\/uploads\/2020\/10\/ATTREZZI-ICON-350x350.jpg 350w, https:\/\/vivcolor.com\/wp-content\/uploads\/2020\/10\/ATTREZZI-ICON-150x150.jpg 150w, https:\/\/vivcolor.com\/wp-content\/uploads\/2020\/10\/ATTREZZI-ICON.jpg 381w\" sizes=\"auto, (max-width: 62px) 100vw, 62px\" \/> Outils : Pistolet<\/p>\n<p><img loading=\"lazy\" decoding=\"async\" class=\"alignnone wp-image-7503\" src=\"https:\/\/vivcolor.com\/wp-content\/uploads\/2020\/10\/DILUENTE-ICON-300x300.jpg\" alt=\"\" width=\"62\" height=\"62\" srcset=\"https:\/\/vivcolor.com\/wp-content\/uploads\/2020\/10\/DILUENTE-ICON-300x300.jpg 300w, https:\/\/vivcolor.com\/wp-content\/uploads\/2020\/10\/DILUENTE-ICON-100x100.jpg 100w, https:\/\/vivcolor.com\/wp-content\/uploads\/2020\/10\/DILUENTE-ICON-350x350.jpg 350w, https:\/\/vivcolor.com\/wp-content\/uploads\/2020\/10\/DILUENTE-ICON-150x150.jpg 150w, https:\/\/vivcolor.com\/wp-content\/uploads\/2020\/10\/DILUENTE-ICON.jpg 381w\" sizes=\"auto, (max-width: 62px) 100vw, 62px\" \/> Dilution : Diluant acrylique<\/p>\n<p><img loading=\"lazy\" decoding=\"async\" class=\"alignnone wp-image-7507\" src=\"https:\/\/vivcolor.com\/wp-content\/uploads\/2020\/10\/SPRUZZO-ICON-300x300.jpg\" alt=\"\" width=\"62\" height=\"62\" srcset=\"https:\/\/vivcolor.com\/wp-content\/uploads\/2020\/10\/SPRUZZO-ICON-300x300.jpg 300w, https:\/\/vivcolor.com\/wp-content\/uploads\/2020\/10\/SPRUZZO-ICON-100x100.jpg 100w, https:\/\/vivcolor.com\/wp-content\/uploads\/2020\/10\/SPRUZZO-ICON-350x350.jpg 350w, https:\/\/vivcolor.com\/wp-content\/uploads\/2020\/10\/SPRUZZO-ICON-150x150.jpg 150w, https:\/\/vivcolor.com\/wp-content\/uploads\/2020\/10\/SPRUZZO-ICON.jpg 381w\" sizes=\"auto, (max-width: 62px) 100vw, 62px\" \/> Dilution pour spray : 10-20 % acrylique<\/p>\n<p><img loading=\"lazy\" decoding=\"async\" class=\"alignnone wp-image-7505\" src=\"https:\/\/vivcolor.com\/wp-content\/uploads\/2020\/10\/RULLO-E-PENNELLO-ICON-300x300.jpg\" alt=\"\" width=\"62\" height=\"62\" srcset=\"https:\/\/vivcolor.com\/wp-content\/uploads\/2020\/10\/RULLO-E-PENNELLO-ICON-300x300.jpg 300w, https:\/\/vivcolor.com\/wp-content\/uploads\/2020\/10\/RULLO-E-PENNELLO-ICON-100x100.jpg 100w, https:\/\/vivcolor.com\/wp-content\/uploads\/2020\/10\/RULLO-E-PENNELLO-ICON-350x350.jpg 350w, https:\/\/vivcolor.com\/wp-content\/uploads\/2020\/10\/RULLO-E-PENNELLO-ICON-150x150.jpg 150w, https:\/\/vivcolor.com\/wp-content\/uploads\/2020\/10\/RULLO-E-PENNELLO-ICON.jpg 381w\" sizes=\"auto, (max-width: 62px) 100vw, 62px\" \/>\u00a0Dilution pour rouleau : N\/A<\/p>\n<p><img loading=\"lazy\" decoding=\"async\" class=\"alignnone wp-image-7504\" src=\"https:\/\/vivcolor.com\/wp-content\/uploads\/2020\/10\/RESA-ICON-300x300.jpg\" alt=\"\" width=\"62\" height=\"62\" srcset=\"https:\/\/vivcolor.com\/wp-content\/uploads\/2020\/10\/RESA-ICON-300x300.jpg 300w, https:\/\/vivcolor.com\/wp-content\/uploads\/2020\/10\/RESA-ICON-100x100.jpg 100w, https:\/\/vivcolor.com\/wp-content\/uploads\/2020\/10\/RESA-ICON-350x350.jpg 350w, https:\/\/vivcolor.com\/wp-content\/uploads\/2020\/10\/RESA-ICON-150x150.jpg 150w, https:\/\/vivcolor.com\/wp-content\/uploads\/2020\/10\/RESA-ICON.jpg 381w\" sizes=\"auto, (max-width: 62px) 100vw, 62px\" \/>\u00a0Rendement : 8,5 m\u00b2\/kg<\/p>\n<p><img loading=\"lazy\" decoding=\"async\" class=\"alignnone wp-image-7506\" src=\"https:\/\/vivcolor.com\/wp-content\/uploads\/2020\/10\/SPESSORI-ICON-300x300.jpg\" alt=\"\" width=\"62\" height=\"62\" srcset=\"https:\/\/vivcolor.com\/wp-content\/uploads\/2020\/10\/SPESSORI-ICON-300x300.jpg 300w, https:\/\/vivcolor.com\/wp-content\/uploads\/2020\/10\/SPESSORI-ICON-100x100.jpg 100w, https:\/\/vivcolor.com\/wp-content\/uploads\/2020\/10\/SPESSORI-ICON-350x350.jpg 350w, https:\/\/vivcolor.com\/wp-content\/uploads\/2020\/10\/SPESSORI-ICON-150x150.jpg 150w, https:\/\/vivcolor.com\/wp-content\/uploads\/2020\/10\/SPESSORI-ICON.jpg 381w\" sizes=\"auto, (max-width: 62px) 100vw, 62px\" \/> R\u00e9sidu sec : 70 \u00b1 1 % (en poids)<\/p>\n<h4>Pour de plus amples renseignements :<\/h4>\n<p><a href=\"mailto:vivcolor@vivcolor.com\"><img loading=\"lazy\" decoding=\"async\" class=\"alignnone wp-image-7506\" src=\"https:\/\/vivcolor.com\/wp-content\/uploads\/2021\/11\/email.png\" alt=\"\" width=\"62\" height=\"62\" \/>\u00a0\u00a0\u00a0Envoyez-nous un courriel<\/a><\/p>\n<p><a href=\"tel:045 858 1034\"><img loading=\"lazy\" decoding=\"async\" class=\"alignnone wp-image-7506\" src=\"https:\/\/vivcolor.com\/wp-content\/uploads\/2021\/11\/phone.png\" alt=\"\" width=\"62\" height=\"62\" \/>\u00a0\u00a0\u00a0Appelez\u00a0: +39 045 8581034<\/a><\/p>\n","protected":false},"featured_media":13205,"template":"","meta":[],"product_brand":[],"product_cat":[414],"product_tag":[],"class_list":{"0":"post-14407","1":"product","2":"type-product","3":"status-publish","4":"has-post-thumbnail","6":"product_cat-laques-acryliques-a-deux-composants","7":"pa_colore-couleurs-ral-groupe-1","8":"pa_colore-couleurs-ral-groupe-2","9":"pa_colore-couleurs-ral-groupe-3","10":"pa_colore-couleurs-ral-groupe-4","11":"pa_confezione-25-kg-fr","13":"first","14":"instock","15":"shipping-taxable","16":"product-type-simple"},"yoast_head":"<!-- This site is optimized with the Yoast SEO plugin v27.3 - https:\/\/yoast.com\/product\/yoast-seo-wordpress\/ -->\n<title>ACRIVIV 70.100 SP\u00c9CIAL INOX - Peintures, \u00e9maux et rev\u00eatements pour l&#039;industrie, la maison, les loisirs<\/title>\n<meta name=\"description\" content=\"VIV Color Leader produzione e vendita vernici, pitture e smalti. Contattaci per ulteriori informazioni sul prodotto, servizio di customer care sempre attivo.\" \/>\n<meta name=\"robots\" content=\"index, follow, max-snippet:-1, max-image-preview:large, max-video-preview:-1\" \/>\n<link rel=\"canonical\" href=\"https:\/\/vivcolor.com\/fr\/p\/apprets-emaux-acryliques-et-adhesion-directe\/laques-acryliques-a-deux-composants\/acriviv-70-100-special-inox\/\" \/>\n<meta property=\"og:locale\" content=\"fr_FR\" \/>\n<meta property=\"og:type\" content=\"article\" \/>\n<meta property=\"og:title\" content=\"ACRIVIV 70.100 SP\u00c9CIAL INOX - Peintures, \u00e9maux et rev\u00eatements pour l&#039;industrie, la maison, les loisirs\" \/>\n<meta property=\"og:description\" content=\"VIV Color Leader produzione e vendita vernici, pitture e smalti. Contattaci per ulteriori informazioni sul prodotto, servizio di customer care sempre attivo.\" \/>\n<meta property=\"og:url\" content=\"https:\/\/vivcolor.com\/fr\/p\/apprets-emaux-acryliques-et-adhesion-directe\/laques-acryliques-a-deux-composants\/acriviv-70-100-special-inox\/\" \/>\n<meta property=\"og:site_name\" content=\"Peintures, \u00e9maux et rev\u00eatements pour l&#039;industrie, la maison, les loisirs\" \/>\n<meta property=\"article:modified_time\" content=\"2025-01-27T10:54:53+00:00\" \/>\n<meta property=\"og:image\" content=\"https:\/\/vivcolor.com\/wp-content\/uploads\/2020\/10\/Latta-rossa-2k.jpg\" \/>\n\t<meta property=\"og:image:width\" content=\"431\" \/>\n\t<meta property=\"og:image:height\" content=\"479\" \/>\n\t<meta property=\"og:image:type\" content=\"image\/jpeg\" \/>\n<meta name=\"twitter:card\" content=\"summary_large_image\" \/>\n<meta name=\"twitter:label1\" content=\"Dur\u00e9e de lecture estim\u00e9e\" \/>\n\t<meta name=\"twitter:data1\" content=\"2 minutes\" \/>\n<script type=\"application\/ld+json\" class=\"yoast-schema-graph\">{\"@context\":\"https:\\\/\\\/schema.org\",\"@graph\":[{\"@type\":\"WebPage\",\"@id\":\"https:\\\/\\\/vivcolor.com\\\/fr\\\/p\\\/apprets-emaux-acryliques-et-adhesion-directe\\\/laques-acryliques-a-deux-composants\\\/acriviv-70-100-special-inox\\\/\",\"url\":\"https:\\\/\\\/vivcolor.com\\\/fr\\\/p\\\/apprets-emaux-acryliques-et-adhesion-directe\\\/laques-acryliques-a-deux-composants\\\/acriviv-70-100-special-inox\\\/\",\"name\":\"ACRIVIV 70.100 SP\u00c9CIAL INOX - Peintures, \u00e9maux et rev\u00eatements pour l'industrie, la maison, les loisirs\",\"isPartOf\":{\"@id\":\"https:\\\/\\\/vivcolor.com\\\/fr\\\/#website\"},\"primaryImageOfPage\":{\"@id\":\"https:\\\/\\\/vivcolor.com\\\/fr\\\/p\\\/apprets-emaux-acryliques-et-adhesion-directe\\\/laques-acryliques-a-deux-composants\\\/acriviv-70-100-special-inox\\\/#primaryimage\"},\"image\":{\"@id\":\"https:\\\/\\\/vivcolor.com\\\/fr\\\/p\\\/apprets-emaux-acryliques-et-adhesion-directe\\\/laques-acryliques-a-deux-composants\\\/acriviv-70-100-special-inox\\\/#primaryimage\"},\"thumbnailUrl\":\"https:\\\/\\\/vivcolor.com\\\/wp-content\\\/uploads\\\/2020\\\/10\\\/Latta-rossa-2k.jpg\",\"datePublished\":\"2022-08-30T13:23:27+00:00\",\"dateModified\":\"2025-01-27T10:54:53+00:00\",\"description\":\"VIV Color Leader produzione e vendita vernici, pitture e smalti. Contattaci per ulteriori informazioni sul prodotto, servizio di customer care sempre attivo.\",\"breadcrumb\":{\"@id\":\"https:\\\/\\\/vivcolor.com\\\/fr\\\/p\\\/apprets-emaux-acryliques-et-adhesion-directe\\\/laques-acryliques-a-deux-composants\\\/acriviv-70-100-special-inox\\\/#breadcrumb\"},\"inLanguage\":\"fr-FR\",\"potentialAction\":[{\"@type\":\"ReadAction\",\"target\":[\"https:\\\/\\\/vivcolor.com\\\/fr\\\/p\\\/apprets-emaux-acryliques-et-adhesion-directe\\\/laques-acryliques-a-deux-composants\\\/acriviv-70-100-special-inox\\\/\"]}]},{\"@type\":\"ImageObject\",\"inLanguage\":\"fr-FR\",\"@id\":\"https:\\\/\\\/vivcolor.com\\\/fr\\\/p\\\/apprets-emaux-acryliques-et-adhesion-directe\\\/laques-acryliques-a-deux-composants\\\/acriviv-70-100-special-inox\\\/#primaryimage\",\"url\":\"https:\\\/\\\/vivcolor.com\\\/wp-content\\\/uploads\\\/2020\\\/10\\\/Latta-rossa-2k.jpg\",\"contentUrl\":\"https:\\\/\\\/vivcolor.com\\\/wp-content\\\/uploads\\\/2020\\\/10\\\/Latta-rossa-2k.jpg\",\"width\":431,\"height\":479,\"caption\":\"Pot rouge 2k\"},{\"@type\":\"BreadcrumbList\",\"@id\":\"https:\\\/\\\/vivcolor.com\\\/fr\\\/p\\\/apprets-emaux-acryliques-et-adhesion-directe\\\/laques-acryliques-a-deux-composants\\\/acriviv-70-100-special-inox\\\/#breadcrumb\",\"itemListElement\":[{\"@type\":\"ListItem\",\"position\":1,\"name\":\"Home\",\"item\":\"https:\\\/\\\/vivcolor.com\\\/fr\\\/\"},{\"@type\":\"ListItem\",\"position\":2,\"name\":\"Produits\",\"item\":\"https:\\\/\\\/vivcolor.com\\\/fr\\\/produits\\\/\"},{\"@type\":\"ListItem\",\"position\":3,\"name\":\"ACRIVIV 70.100 SP\u00c9CIAL INOX\"}]},{\"@type\":\"WebSite\",\"@id\":\"https:\\\/\\\/vivcolor.com\\\/fr\\\/#website\",\"url\":\"https:\\\/\\\/vivcolor.com\\\/fr\\\/\",\"name\":\"Peintures, \u00e9maux et rev\u00eatements pour l'industrie, la maison, les loisirs\",\"description\":\"Vivcolor - Verona\",\"publisher\":{\"@id\":\"https:\\\/\\\/vivcolor.com\\\/fr\\\/#organization\"},\"potentialAction\":[{\"@type\":\"SearchAction\",\"target\":{\"@type\":\"EntryPoint\",\"urlTemplate\":\"https:\\\/\\\/vivcolor.com\\\/fr\\\/?s={search_term_string}\"},\"query-input\":{\"@type\":\"PropertyValueSpecification\",\"valueRequired\":true,\"valueName\":\"search_term_string\"}}],\"inLanguage\":\"fr-FR\"},{\"@type\":\"Organization\",\"@id\":\"https:\\\/\\\/vivcolor.com\\\/fr\\\/#organization\",\"name\":\"Vivcolor Vernici e Pitture e Rivestimenti industriali\",\"url\":\"https:\\\/\\\/vivcolor.com\\\/fr\\\/\",\"logo\":{\"@type\":\"ImageObject\",\"inLanguage\":\"fr-FR\",\"@id\":\"https:\\\/\\\/vivcolor.com\\\/fr\\\/#\\\/schema\\\/logo\\\/image\\\/\",\"url\":\"https:\\\/\\\/vivcolor.com\\\/wp-content\\\/uploads\\\/2021\\\/06\\\/logov2_web.png\",\"contentUrl\":\"https:\\\/\\\/vivcolor.com\\\/wp-content\\\/uploads\\\/2021\\\/06\\\/logov2_web.png\",\"width\":400,\"height\":168,\"caption\":\"Vivcolor Vernici e Pitture e Rivestimenti industriali\"},\"image\":{\"@id\":\"https:\\\/\\\/vivcolor.com\\\/fr\\\/#\\\/schema\\\/logo\\\/image\\\/\"}}]}<\/script>\n<!-- \/ Yoast SEO plugin. -->","yoast_head_json":{"title":"ACRIVIV 70.100 SP\u00c9CIAL INOX - Peintures, \u00e9maux et rev\u00eatements pour l'industrie, la maison, les loisirs","description":"VIV Color Leader produzione e vendita vernici, pitture e smalti. Contattaci per ulteriori informazioni sul prodotto, servizio di customer care sempre attivo.","robots":{"index":"index","follow":"follow","max-snippet":"max-snippet:-1","max-image-preview":"max-image-preview:large","max-video-preview":"max-video-preview:-1"},"canonical":"https:\/\/vivcolor.com\/fr\/p\/apprets-emaux-acryliques-et-adhesion-directe\/laques-acryliques-a-deux-composants\/acriviv-70-100-special-inox\/","og_locale":"fr_FR","og_type":"article","og_title":"ACRIVIV 70.100 SP\u00c9CIAL INOX - Peintures, \u00e9maux et rev\u00eatements pour l'industrie, la maison, les loisirs","og_description":"VIV Color Leader produzione e vendita vernici, pitture e smalti. Contattaci per ulteriori informazioni sul prodotto, servizio di customer care sempre attivo.","og_url":"https:\/\/vivcolor.com\/fr\/p\/apprets-emaux-acryliques-et-adhesion-directe\/laques-acryliques-a-deux-composants\/acriviv-70-100-special-inox\/","og_site_name":"Peintures, \u00e9maux et rev\u00eatements pour l'industrie, la maison, les loisirs","article_modified_time":"2025-01-27T10:54:53+00:00","og_image":[{"width":431,"height":479,"url":"https:\/\/vivcolor.com\/wp-content\/uploads\/2020\/10\/Latta-rossa-2k.jpg","type":"image\/jpeg"}],"twitter_card":"summary_large_image","twitter_misc":{"Dur\u00e9e de lecture estim\u00e9e":"2 minutes"},"schema":{"@context":"https:\/\/schema.org","@graph":[{"@type":"WebPage","@id":"https:\/\/vivcolor.com\/fr\/p\/apprets-emaux-acryliques-et-adhesion-directe\/laques-acryliques-a-deux-composants\/acriviv-70-100-special-inox\/","url":"https:\/\/vivcolor.com\/fr\/p\/apprets-emaux-acryliques-et-adhesion-directe\/laques-acryliques-a-deux-composants\/acriviv-70-100-special-inox\/","name":"ACRIVIV 70.100 SP\u00c9CIAL INOX - Peintures, \u00e9maux et rev\u00eatements pour l'industrie, la maison, les loisirs","isPartOf":{"@id":"https:\/\/vivcolor.com\/fr\/#website"},"primaryImageOfPage":{"@id":"https:\/\/vivcolor.com\/fr\/p\/apprets-emaux-acryliques-et-adhesion-directe\/laques-acryliques-a-deux-composants\/acriviv-70-100-special-inox\/#primaryimage"},"image":{"@id":"https:\/\/vivcolor.com\/fr\/p\/apprets-emaux-acryliques-et-adhesion-directe\/laques-acryliques-a-deux-composants\/acriviv-70-100-special-inox\/#primaryimage"},"thumbnailUrl":"https:\/\/vivcolor.com\/wp-content\/uploads\/2020\/10\/Latta-rossa-2k.jpg","datePublished":"2022-08-30T13:23:27+00:00","dateModified":"2025-01-27T10:54:53+00:00","description":"VIV Color Leader produzione e vendita vernici, pitture e smalti. Contattaci per ulteriori informazioni sul prodotto, servizio di customer care sempre attivo.","breadcrumb":{"@id":"https:\/\/vivcolor.com\/fr\/p\/apprets-emaux-acryliques-et-adhesion-directe\/laques-acryliques-a-deux-composants\/acriviv-70-100-special-inox\/#breadcrumb"},"inLanguage":"fr-FR","potentialAction":[{"@type":"ReadAction","target":["https:\/\/vivcolor.com\/fr\/p\/apprets-emaux-acryliques-et-adhesion-directe\/laques-acryliques-a-deux-composants\/acriviv-70-100-special-inox\/"]}]},{"@type":"ImageObject","inLanguage":"fr-FR","@id":"https:\/\/vivcolor.com\/fr\/p\/apprets-emaux-acryliques-et-adhesion-directe\/laques-acryliques-a-deux-composants\/acriviv-70-100-special-inox\/#primaryimage","url":"https:\/\/vivcolor.com\/wp-content\/uploads\/2020\/10\/Latta-rossa-2k.jpg","contentUrl":"https:\/\/vivcolor.com\/wp-content\/uploads\/2020\/10\/Latta-rossa-2k.jpg","width":431,"height":479,"caption":"Pot rouge 2k"},{"@type":"BreadcrumbList","@id":"https:\/\/vivcolor.com\/fr\/p\/apprets-emaux-acryliques-et-adhesion-directe\/laques-acryliques-a-deux-composants\/acriviv-70-100-special-inox\/#breadcrumb","itemListElement":[{"@type":"ListItem","position":1,"name":"Home","item":"https:\/\/vivcolor.com\/fr\/"},{"@type":"ListItem","position":2,"name":"Produits","item":"https:\/\/vivcolor.com\/fr\/produits\/"},{"@type":"ListItem","position":3,"name":"ACRIVIV 70.100 SP\u00c9CIAL INOX"}]},{"@type":"WebSite","@id":"https:\/\/vivcolor.com\/fr\/#website","url":"https:\/\/vivcolor.com\/fr\/","name":"Peintures, \u00e9maux et rev\u00eatements pour l'industrie, la maison, les loisirs","description":"Vivcolor - Verona","publisher":{"@id":"https:\/\/vivcolor.com\/fr\/#organization"},"potentialAction":[{"@type":"SearchAction","target":{"@type":"EntryPoint","urlTemplate":"https:\/\/vivcolor.com\/fr\/?s={search_term_string}"},"query-input":{"@type":"PropertyValueSpecification","valueRequired":true,"valueName":"search_term_string"}}],"inLanguage":"fr-FR"},{"@type":"Organization","@id":"https:\/\/vivcolor.com\/fr\/#organization","name":"Vivcolor Vernici e Pitture e Rivestimenti industriali","url":"https:\/\/vivcolor.com\/fr\/","logo":{"@type":"ImageObject","inLanguage":"fr-FR","@id":"https:\/\/vivcolor.com\/fr\/#\/schema\/logo\/image\/","url":"https:\/\/vivcolor.com\/wp-content\/uploads\/2021\/06\/logov2_web.png","contentUrl":"https:\/\/vivcolor.com\/wp-content\/uploads\/2021\/06\/logov2_web.png","width":400,"height":168,"caption":"Vivcolor Vernici e Pitture e Rivestimenti industriali"},"image":{"@id":"https:\/\/vivcolor.com\/fr\/#\/schema\/logo\/image\/"}}]}},"_links":{"self":[{"href":"https:\/\/vivcolor.com\/fr\/wp-json\/wp\/v2\/product\/14407","targetHints":{"allow":["GET"]}}],"collection":[{"href":"https:\/\/vivcolor.com\/fr\/wp-json\/wp\/v2\/product"}],"about":[{"href":"https:\/\/vivcolor.com\/fr\/wp-json\/wp\/v2\/types\/product"}],"wp:featuredmedia":[{"embeddable":true,"href":"https:\/\/vivcolor.com\/fr\/wp-json\/wp\/v2\/media\/13205"}],"wp:attachment":[{"href":"https:\/\/vivcolor.com\/fr\/wp-json\/wp\/v2\/media?parent=14407"}],"wp:term":[{"taxonomy":"product_brand","embeddable":true,"href":"https:\/\/vivcolor.com\/fr\/wp-json\/wp\/v2\/product_brand?post=14407"},{"taxonomy":"product_cat","embeddable":true,"href":"https:\/\/vivcolor.com\/fr\/wp-json\/wp\/v2\/product_cat?post=14407"},{"taxonomy":"product_tag","embeddable":true,"href":"https:\/\/vivcolor.com\/fr\/wp-json\/wp\/v2\/product_tag?post=14407"}],"curies":[{"name":"wp","href":"https:\/\/api.w.org\/{rel}","templated":true}]}}