{"id":14366,"date":"2017-06-27T14:30:54","date_gmt":"2022-08-30T13:15:54","guid":{"rendered":"https:\/\/vivcolor.com\/p\/non%20class\u00e9\/acriviv-appret\/"},"modified":"2025-05-13T11:59:59","modified_gmt":"2025-05-13T11:59:59","slug":"acriviv-appret","status":"publish","type":"product","link":"https:\/\/vivcolor.com\/fr\/p\/apprets-emaux-acryliques-et-adhesion-directe\/apprets-acryliques-a-deux-composants\/acriviv-appret\/","title":{"rendered":"ACRIVIV APPR\u00caT"},"content":{"rendered":"<p><strong>Appr\u00eat anticorrosion \u00e0 deux composants<\/strong> aux propri\u00e9t\u00e9s techniques \u00e9lev\u00e9es, bonne \u00e9lasticit\u00e9, bonne pon\u00e7abilit\u00e9 et tr\u00e8s faible inflammabilit\u00e9.<br \/>\nDot\u00e9 d\u2019un excellent pouvoir couvrant, le produit convient \u00e0 la peinture des substrats en m\u00e9tal ferreux et, apr\u00e8s un test d\u2019adh\u00e9rence, des plastiques nobles. Excellente adh\u00e9sion sur les m\u00e9taux avec des performances remarquables sur la <strong>T\u00f4le galvanis\u00e9e<\/strong>. Il est utilis\u00e9 en combinaison avec des finitions acryliques ou polyur\u00e9thanes. Convient \u00e9galement aux cycles <strong>\u00ab mouill\u00e9 sur mouill\u00e9 \u00bb.<\/strong><\/p>\n<p><strong>RAPPORT DE CATALYSE :<\/strong> 25%<br \/>\n<strong>DURCISSEUR : <\/strong>HDR2.003<\/p>\n","protected":false},"excerpt":{"rendered":"<h2 style=\"text-align: left;\"><span style=\"font-size: 14pt;\">Appr\u00eat acrylique \u00e0 deux composants\u00a0<\/span><\/h2>\n<p><img loading=\"lazy\" decoding=\"async\" class=\"alignnone wp-image-7502\" src=\"https:\/\/vivcolor.com\/wp-content\/uploads\/2020\/10\/ATTREZZI-ICON-300x300.jpg\" alt=\"\" width=\"62\" height=\"62\" srcset=\"https:\/\/vivcolor.com\/wp-content\/uploads\/2020\/10\/ATTREZZI-ICON-300x300.jpg 300w, https:\/\/vivcolor.com\/wp-content\/uploads\/2020\/10\/ATTREZZI-ICON-100x100.jpg 100w, https:\/\/vivcolor.com\/wp-content\/uploads\/2020\/10\/ATTREZZI-ICON-350x350.jpg 350w, https:\/\/vivcolor.com\/wp-content\/uploads\/2020\/10\/ATTREZZI-ICON-150x150.jpg 150w, https:\/\/vivcolor.com\/wp-content\/uploads\/2020\/10\/ATTREZZI-ICON.jpg 381w\" sizes=\"auto, (max-width: 62px) 100vw, 62px\" \/> Outils : Pistolet<\/p>\n<p><img loading=\"lazy\" decoding=\"async\" class=\"alignnone wp-image-7503\" src=\"https:\/\/vivcolor.com\/wp-content\/uploads\/2020\/10\/DILUENTE-ICON-300x300.jpg\" alt=\"\" width=\"62\" height=\"62\" srcset=\"https:\/\/vivcolor.com\/wp-content\/uploads\/2020\/10\/DILUENTE-ICON-300x300.jpg 300w, https:\/\/vivcolor.com\/wp-content\/uploads\/2020\/10\/DILUENTE-ICON-100x100.jpg 100w, https:\/\/vivcolor.com\/wp-content\/uploads\/2020\/10\/DILUENTE-ICON-350x350.jpg 350w, https:\/\/vivcolor.com\/wp-content\/uploads\/2020\/10\/DILUENTE-ICON-150x150.jpg 150w, https:\/\/vivcolor.com\/wp-content\/uploads\/2020\/10\/DILUENTE-ICON.jpg 381w\" sizes=\"auto, (max-width: 62px) 100vw, 62px\" \/> Dilution : Diluant nitro<\/p>\n<p><img loading=\"lazy\" decoding=\"async\" class=\"alignnone wp-image-7507\" src=\"https:\/\/vivcolor.com\/wp-content\/uploads\/2020\/10\/SPRUZZO-ICON-300x300.jpg\" alt=\"\" width=\"62\" height=\"62\" srcset=\"https:\/\/vivcolor.com\/wp-content\/uploads\/2020\/10\/SPRUZZO-ICON-300x300.jpg 300w, https:\/\/vivcolor.com\/wp-content\/uploads\/2020\/10\/SPRUZZO-ICON-100x100.jpg 100w, https:\/\/vivcolor.com\/wp-content\/uploads\/2020\/10\/SPRUZZO-ICON-350x350.jpg 350w, https:\/\/vivcolor.com\/wp-content\/uploads\/2020\/10\/SPRUZZO-ICON-150x150.jpg 150w, https:\/\/vivcolor.com\/wp-content\/uploads\/2020\/10\/SPRUZZO-ICON.jpg 381w\" sizes=\"auto, (max-width: 62px) 100vw, 62px\" \/>\u00a0Dilution pour spray : 10-20 % nitro<\/p>\n<p><img loading=\"lazy\" decoding=\"async\" class=\"alignnone wp-image-7505\" src=\"https:\/\/vivcolor.com\/wp-content\/uploads\/2020\/10\/RULLO-E-PENNELLO-ICON-300x300.jpg\" alt=\"\" width=\"62\" height=\"62\" srcset=\"https:\/\/vivcolor.com\/wp-content\/uploads\/2020\/10\/RULLO-E-PENNELLO-ICON-300x300.jpg 300w, https:\/\/vivcolor.com\/wp-content\/uploads\/2020\/10\/RULLO-E-PENNELLO-ICON-100x100.jpg 100w, https:\/\/vivcolor.com\/wp-content\/uploads\/2020\/10\/RULLO-E-PENNELLO-ICON-350x350.jpg 350w, https:\/\/vivcolor.com\/wp-content\/uploads\/2020\/10\/RULLO-E-PENNELLO-ICON-150x150.jpg 150w, https:\/\/vivcolor.com\/wp-content\/uploads\/2020\/10\/RULLO-E-PENNELLO-ICON.jpg 381w\" sizes=\"auto, (max-width: 62px) 100vw, 62px\" \/>\u00a0Dilution pour rouleau : N\/A<\/p>\n<p><img loading=\"lazy\" decoding=\"async\" class=\"alignnone wp-image-7504\" src=\"https:\/\/vivcolor.com\/wp-content\/uploads\/2020\/10\/RESA-ICON-300x300.jpg\" alt=\"\" width=\"62\" height=\"62\" srcset=\"https:\/\/vivcolor.com\/wp-content\/uploads\/2020\/10\/RESA-ICON-300x300.jpg 300w, https:\/\/vivcolor.com\/wp-content\/uploads\/2020\/10\/RESA-ICON-100x100.jpg 100w, https:\/\/vivcolor.com\/wp-content\/uploads\/2020\/10\/RESA-ICON-350x350.jpg 350w, https:\/\/vivcolor.com\/wp-content\/uploads\/2020\/10\/RESA-ICON-150x150.jpg 150w, https:\/\/vivcolor.com\/wp-content\/uploads\/2020\/10\/RESA-ICON.jpg 381w\" sizes=\"auto, (max-width: 62px) 100vw, 62px\" \/>\u00a0Rendement : 7 m\u00b2\/kg<\/p>\n<p><img loading=\"lazy\" decoding=\"async\" class=\"alignnone wp-image-7506\" src=\"https:\/\/vivcolor.com\/wp-content\/uploads\/2020\/10\/SPESSORI-ICON-300x300.jpg\" alt=\"\" width=\"62\" height=\"62\" srcset=\"https:\/\/vivcolor.com\/wp-content\/uploads\/2020\/10\/SPESSORI-ICON-300x300.jpg 300w, https:\/\/vivcolor.com\/wp-content\/uploads\/2020\/10\/SPESSORI-ICON-100x100.jpg 100w, https:\/\/vivcolor.com\/wp-content\/uploads\/2020\/10\/SPESSORI-ICON-350x350.jpg 350w, https:\/\/vivcolor.com\/wp-content\/uploads\/2020\/10\/SPESSORI-ICON-150x150.jpg 150w, https:\/\/vivcolor.com\/wp-content\/uploads\/2020\/10\/SPESSORI-ICON.jpg 381w\" sizes=\"auto, (max-width: 62px) 100vw, 62px\" \/> R\u00e9sidu sec : 70 \u00b1 1 % (en poids)<\/p>\n<h4>Pour de plus amples renseignements :<\/h4>\n<p><a href=\"mailto:vivcolor@vivcolor.com\"><img loading=\"lazy\" decoding=\"async\" class=\"alignnone wp-image-7506\" src=\"https:\/\/vivcolor.com\/wp-content\/uploads\/2021\/11\/email.png\" alt=\"\" width=\"62\" height=\"62\" \/>\u00a0\u00a0\u00a0Envoyez-nous un courriel<\/a><\/p>\n<p><a href=\"tel:045 858 1034\"><img loading=\"lazy\" decoding=\"async\" class=\"alignnone wp-image-7506\" src=\"https:\/\/vivcolor.com\/wp-content\/uploads\/2021\/11\/phone.png\" alt=\"\" width=\"62\" height=\"62\" \/>\u00a0\u00a0\u00a0Appelez\u00a0: +39 045 8581034<\/a><\/p>\n","protected":false},"featured_media":13742,"template":"","meta":[],"product_brand":[],"product_cat":[411],"product_tag":[],"class_list":{"0":"post-14366","1":"product","2":"type-product","3":"status-publish","4":"has-post-thumbnail","6":"product_cat-apprets-acryliques-a-deux-composants","7":"pa_colore-blanc-ral-9018","8":"pa_confezione-20-kg-fr","10":"first","11":"instock","12":"shipping-taxable","13":"product-type-simple"},"yoast_head":"<!-- This site is optimized with the Yoast SEO plugin v27.3 - https:\/\/yoast.com\/product\/yoast-seo-wordpress\/ -->\n<title>ACRIVIV APPR\u00caT - Peintures, \u00e9maux et rev\u00eatements pour l&#039;industrie, la maison, les loisirs<\/title>\n<meta name=\"description\" content=\"VIV Color Leader produzione e vendita vernici, pitture e smalti. Contattaci per ulteriori informazioni sul prodotto, servizio di customer care sempre attivo.\" \/>\n<meta name=\"robots\" content=\"index, follow, max-snippet:-1, max-image-preview:large, max-video-preview:-1\" \/>\n<link rel=\"canonical\" href=\"https:\/\/vivcolor.com\/fr\/p\/apprets-emaux-acryliques-et-adhesion-directe\/apprets-acryliques-a-deux-composants\/acriviv-appret\/\" \/>\n<meta property=\"og:locale\" content=\"fr_FR\" \/>\n<meta property=\"og:type\" content=\"article\" \/>\n<meta property=\"og:title\" content=\"ACRIVIV APPR\u00caT - Peintures, \u00e9maux et rev\u00eatements pour l&#039;industrie, la maison, les loisirs\" \/>\n<meta property=\"og:description\" content=\"VIV Color Leader produzione e vendita vernici, pitture e smalti. Contattaci per ulteriori informazioni sul prodotto, servizio di customer care sempre attivo.\" \/>\n<meta property=\"og:url\" content=\"https:\/\/vivcolor.com\/fr\/p\/apprets-emaux-acryliques-et-adhesion-directe\/apprets-acryliques-a-deux-composants\/acriviv-appret\/\" \/>\n<meta property=\"og:site_name\" content=\"Peintures, \u00e9maux et rev\u00eatements pour l&#039;industrie, la maison, les loisirs\" \/>\n<meta property=\"article:modified_time\" content=\"2025-05-13T11:59:59+00:00\" \/>\n<meta property=\"og:image\" content=\"https:\/\/vivcolor.com\/wp-content\/uploads\/2017\/06\/Latta-blu-2k.jpeg\" \/>\n\t<meta property=\"og:image:width\" content=\"431\" \/>\n\t<meta property=\"og:image:height\" content=\"479\" \/>\n\t<meta property=\"og:image:type\" content=\"image\/jpeg\" \/>\n<meta name=\"twitter:card\" content=\"summary_large_image\" \/>\n<script type=\"application\/ld+json\" class=\"yoast-schema-graph\">{\"@context\":\"https:\\\/\\\/schema.org\",\"@graph\":[{\"@type\":\"WebPage\",\"@id\":\"https:\\\/\\\/vivcolor.com\\\/fr\\\/p\\\/apprets-emaux-acryliques-et-adhesion-directe\\\/apprets-acryliques-a-deux-composants\\\/acriviv-appret\\\/\",\"url\":\"https:\\\/\\\/vivcolor.com\\\/fr\\\/p\\\/apprets-emaux-acryliques-et-adhesion-directe\\\/apprets-acryliques-a-deux-composants\\\/acriviv-appret\\\/\",\"name\":\"ACRIVIV APPR\u00caT - Peintures, \u00e9maux et rev\u00eatements pour l'industrie, la maison, les loisirs\",\"isPartOf\":{\"@id\":\"https:\\\/\\\/vivcolor.com\\\/fr\\\/#website\"},\"primaryImageOfPage\":{\"@id\":\"https:\\\/\\\/vivcolor.com\\\/fr\\\/p\\\/apprets-emaux-acryliques-et-adhesion-directe\\\/apprets-acryliques-a-deux-composants\\\/acriviv-appret\\\/#primaryimage\"},\"image\":{\"@id\":\"https:\\\/\\\/vivcolor.com\\\/fr\\\/p\\\/apprets-emaux-acryliques-et-adhesion-directe\\\/apprets-acryliques-a-deux-composants\\\/acriviv-appret\\\/#primaryimage\"},\"thumbnailUrl\":\"https:\\\/\\\/vivcolor.com\\\/wp-content\\\/uploads\\\/2017\\\/06\\\/Latta-blu-2k.jpeg\",\"datePublished\":\"2022-08-30T13:15:54+00:00\",\"dateModified\":\"2025-05-13T11:59:59+00:00\",\"description\":\"VIV Color Leader produzione e vendita vernici, pitture e smalti. Contattaci per ulteriori informazioni sul prodotto, servizio di customer care sempre attivo.\",\"breadcrumb\":{\"@id\":\"https:\\\/\\\/vivcolor.com\\\/fr\\\/p\\\/apprets-emaux-acryliques-et-adhesion-directe\\\/apprets-acryliques-a-deux-composants\\\/acriviv-appret\\\/#breadcrumb\"},\"inLanguage\":\"fr-FR\",\"potentialAction\":[{\"@type\":\"ReadAction\",\"target\":[\"https:\\\/\\\/vivcolor.com\\\/fr\\\/p\\\/apprets-emaux-acryliques-et-adhesion-directe\\\/apprets-acryliques-a-deux-composants\\\/acriviv-appret\\\/\"]}]},{\"@type\":\"ImageObject\",\"inLanguage\":\"fr-FR\",\"@id\":\"https:\\\/\\\/vivcolor.com\\\/fr\\\/p\\\/apprets-emaux-acryliques-et-adhesion-directe\\\/apprets-acryliques-a-deux-composants\\\/acriviv-appret\\\/#primaryimage\",\"url\":\"https:\\\/\\\/vivcolor.com\\\/wp-content\\\/uploads\\\/2017\\\/06\\\/Latta-blu-2k.jpeg\",\"contentUrl\":\"https:\\\/\\\/vivcolor.com\\\/wp-content\\\/uploads\\\/2017\\\/06\\\/Latta-blu-2k.jpeg\",\"width\":431,\"height\":479,\"caption\":\"Pot bleu 2k\"},{\"@type\":\"BreadcrumbList\",\"@id\":\"https:\\\/\\\/vivcolor.com\\\/fr\\\/p\\\/apprets-emaux-acryliques-et-adhesion-directe\\\/apprets-acryliques-a-deux-composants\\\/acriviv-appret\\\/#breadcrumb\",\"itemListElement\":[{\"@type\":\"ListItem\",\"position\":1,\"name\":\"Home\",\"item\":\"https:\\\/\\\/vivcolor.com\\\/fr\\\/\"},{\"@type\":\"ListItem\",\"position\":2,\"name\":\"Produits\",\"item\":\"https:\\\/\\\/vivcolor.com\\\/fr\\\/produits\\\/\"},{\"@type\":\"ListItem\",\"position\":3,\"name\":\"ACRIVIV APPR\u00caT\"}]},{\"@type\":\"WebSite\",\"@id\":\"https:\\\/\\\/vivcolor.com\\\/fr\\\/#website\",\"url\":\"https:\\\/\\\/vivcolor.com\\\/fr\\\/\",\"name\":\"Peintures, \u00e9maux et rev\u00eatements pour l'industrie, la maison, les loisirs\",\"description\":\"Vivcolor - Verona\",\"publisher\":{\"@id\":\"https:\\\/\\\/vivcolor.com\\\/fr\\\/#organization\"},\"potentialAction\":[{\"@type\":\"SearchAction\",\"target\":{\"@type\":\"EntryPoint\",\"urlTemplate\":\"https:\\\/\\\/vivcolor.com\\\/fr\\\/?s={search_term_string}\"},\"query-input\":{\"@type\":\"PropertyValueSpecification\",\"valueRequired\":true,\"valueName\":\"search_term_string\"}}],\"inLanguage\":\"fr-FR\"},{\"@type\":\"Organization\",\"@id\":\"https:\\\/\\\/vivcolor.com\\\/fr\\\/#organization\",\"name\":\"Vivcolor Vernici e Pitture e Rivestimenti industriali\",\"url\":\"https:\\\/\\\/vivcolor.com\\\/fr\\\/\",\"logo\":{\"@type\":\"ImageObject\",\"inLanguage\":\"fr-FR\",\"@id\":\"https:\\\/\\\/vivcolor.com\\\/fr\\\/#\\\/schema\\\/logo\\\/image\\\/\",\"url\":\"https:\\\/\\\/vivcolor.com\\\/wp-content\\\/uploads\\\/2021\\\/06\\\/logov2_web.png\",\"contentUrl\":\"https:\\\/\\\/vivcolor.com\\\/wp-content\\\/uploads\\\/2021\\\/06\\\/logov2_web.png\",\"width\":400,\"height\":168,\"caption\":\"Vivcolor Vernici e Pitture e Rivestimenti industriali\"},\"image\":{\"@id\":\"https:\\\/\\\/vivcolor.com\\\/fr\\\/#\\\/schema\\\/logo\\\/image\\\/\"}}]}<\/script>\n<!-- \/ Yoast SEO plugin. -->","yoast_head_json":{"title":"ACRIVIV APPR\u00caT - Peintures, \u00e9maux et rev\u00eatements pour l'industrie, la maison, les loisirs","description":"VIV Color Leader produzione e vendita vernici, pitture e smalti. Contattaci per ulteriori informazioni sul prodotto, servizio di customer care sempre attivo.","robots":{"index":"index","follow":"follow","max-snippet":"max-snippet:-1","max-image-preview":"max-image-preview:large","max-video-preview":"max-video-preview:-1"},"canonical":"https:\/\/vivcolor.com\/fr\/p\/apprets-emaux-acryliques-et-adhesion-directe\/apprets-acryliques-a-deux-composants\/acriviv-appret\/","og_locale":"fr_FR","og_type":"article","og_title":"ACRIVIV APPR\u00caT - Peintures, \u00e9maux et rev\u00eatements pour l'industrie, la maison, les loisirs","og_description":"VIV Color Leader produzione e vendita vernici, pitture e smalti. Contattaci per ulteriori informazioni sul prodotto, servizio di customer care sempre attivo.","og_url":"https:\/\/vivcolor.com\/fr\/p\/apprets-emaux-acryliques-et-adhesion-directe\/apprets-acryliques-a-deux-composants\/acriviv-appret\/","og_site_name":"Peintures, \u00e9maux et rev\u00eatements pour l'industrie, la maison, les loisirs","article_modified_time":"2025-05-13T11:59:59+00:00","og_image":[{"width":431,"height":479,"url":"https:\/\/vivcolor.com\/wp-content\/uploads\/2017\/06\/Latta-blu-2k.jpeg","type":"image\/jpeg"}],"twitter_card":"summary_large_image","schema":{"@context":"https:\/\/schema.org","@graph":[{"@type":"WebPage","@id":"https:\/\/vivcolor.com\/fr\/p\/apprets-emaux-acryliques-et-adhesion-directe\/apprets-acryliques-a-deux-composants\/acriviv-appret\/","url":"https:\/\/vivcolor.com\/fr\/p\/apprets-emaux-acryliques-et-adhesion-directe\/apprets-acryliques-a-deux-composants\/acriviv-appret\/","name":"ACRIVIV APPR\u00caT - Peintures, \u00e9maux et rev\u00eatements pour l'industrie, la maison, les loisirs","isPartOf":{"@id":"https:\/\/vivcolor.com\/fr\/#website"},"primaryImageOfPage":{"@id":"https:\/\/vivcolor.com\/fr\/p\/apprets-emaux-acryliques-et-adhesion-directe\/apprets-acryliques-a-deux-composants\/acriviv-appret\/#primaryimage"},"image":{"@id":"https:\/\/vivcolor.com\/fr\/p\/apprets-emaux-acryliques-et-adhesion-directe\/apprets-acryliques-a-deux-composants\/acriviv-appret\/#primaryimage"},"thumbnailUrl":"https:\/\/vivcolor.com\/wp-content\/uploads\/2017\/06\/Latta-blu-2k.jpeg","datePublished":"2022-08-30T13:15:54+00:00","dateModified":"2025-05-13T11:59:59+00:00","description":"VIV Color Leader produzione e vendita vernici, pitture e smalti. Contattaci per ulteriori informazioni sul prodotto, servizio di customer care sempre attivo.","breadcrumb":{"@id":"https:\/\/vivcolor.com\/fr\/p\/apprets-emaux-acryliques-et-adhesion-directe\/apprets-acryliques-a-deux-composants\/acriviv-appret\/#breadcrumb"},"inLanguage":"fr-FR","potentialAction":[{"@type":"ReadAction","target":["https:\/\/vivcolor.com\/fr\/p\/apprets-emaux-acryliques-et-adhesion-directe\/apprets-acryliques-a-deux-composants\/acriviv-appret\/"]}]},{"@type":"ImageObject","inLanguage":"fr-FR","@id":"https:\/\/vivcolor.com\/fr\/p\/apprets-emaux-acryliques-et-adhesion-directe\/apprets-acryliques-a-deux-composants\/acriviv-appret\/#primaryimage","url":"https:\/\/vivcolor.com\/wp-content\/uploads\/2017\/06\/Latta-blu-2k.jpeg","contentUrl":"https:\/\/vivcolor.com\/wp-content\/uploads\/2017\/06\/Latta-blu-2k.jpeg","width":431,"height":479,"caption":"Pot bleu 2k"},{"@type":"BreadcrumbList","@id":"https:\/\/vivcolor.com\/fr\/p\/apprets-emaux-acryliques-et-adhesion-directe\/apprets-acryliques-a-deux-composants\/acriviv-appret\/#breadcrumb","itemListElement":[{"@type":"ListItem","position":1,"name":"Home","item":"https:\/\/vivcolor.com\/fr\/"},{"@type":"ListItem","position":2,"name":"Produits","item":"https:\/\/vivcolor.com\/fr\/produits\/"},{"@type":"ListItem","position":3,"name":"ACRIVIV APPR\u00caT"}]},{"@type":"WebSite","@id":"https:\/\/vivcolor.com\/fr\/#website","url":"https:\/\/vivcolor.com\/fr\/","name":"Peintures, \u00e9maux et rev\u00eatements pour l'industrie, la maison, les loisirs","description":"Vivcolor - Verona","publisher":{"@id":"https:\/\/vivcolor.com\/fr\/#organization"},"potentialAction":[{"@type":"SearchAction","target":{"@type":"EntryPoint","urlTemplate":"https:\/\/vivcolor.com\/fr\/?s={search_term_string}"},"query-input":{"@type":"PropertyValueSpecification","valueRequired":true,"valueName":"search_term_string"}}],"inLanguage":"fr-FR"},{"@type":"Organization","@id":"https:\/\/vivcolor.com\/fr\/#organization","name":"Vivcolor Vernici e Pitture e Rivestimenti industriali","url":"https:\/\/vivcolor.com\/fr\/","logo":{"@type":"ImageObject","inLanguage":"fr-FR","@id":"https:\/\/vivcolor.com\/fr\/#\/schema\/logo\/image\/","url":"https:\/\/vivcolor.com\/wp-content\/uploads\/2021\/06\/logov2_web.png","contentUrl":"https:\/\/vivcolor.com\/wp-content\/uploads\/2021\/06\/logov2_web.png","width":400,"height":168,"caption":"Vivcolor Vernici e Pitture e Rivestimenti industriali"},"image":{"@id":"https:\/\/vivcolor.com\/fr\/#\/schema\/logo\/image\/"}}]}},"_links":{"self":[{"href":"https:\/\/vivcolor.com\/fr\/wp-json\/wp\/v2\/product\/14366","targetHints":{"allow":["GET"]}}],"collection":[{"href":"https:\/\/vivcolor.com\/fr\/wp-json\/wp\/v2\/product"}],"about":[{"href":"https:\/\/vivcolor.com\/fr\/wp-json\/wp\/v2\/types\/product"}],"wp:featuredmedia":[{"embeddable":true,"href":"https:\/\/vivcolor.com\/fr\/wp-json\/wp\/v2\/media\/13742"}],"wp:attachment":[{"href":"https:\/\/vivcolor.com\/fr\/wp-json\/wp\/v2\/media?parent=14366"}],"wp:term":[{"taxonomy":"product_brand","embeddable":true,"href":"https:\/\/vivcolor.com\/fr\/wp-json\/wp\/v2\/product_brand?post=14366"},{"taxonomy":"product_cat","embeddable":true,"href":"https:\/\/vivcolor.com\/fr\/wp-json\/wp\/v2\/product_cat?post=14366"},{"taxonomy":"product_tag","embeddable":true,"href":"https:\/\/vivcolor.com\/fr\/wp-json\/wp\/v2\/product_tag?post=14366"}],"curies":[{"name":"wp","href":"https:\/\/api.w.org\/{rel}","templated":true}]}}