{"id":14310,"date":"2017-06-26T10:47:26","date_gmt":"2022-08-30T12:44:58","guid":{"rendered":"https:\/\/vivcolor.com\/p\/non%20class\u00e9\/vivquartz-lavable-au-quartz\/"},"modified":"2025-04-29T10:24:47","modified_gmt":"2025-04-29T10:24:47","slug":"vivquartz-lavable-au-quartz","status":"publish","type":"product","link":"https:\/\/vivcolor.com\/fr\/p\/peintures-pour-le-batiment\/vivquartz-lavable-au-quartz\/","title":{"rendered":"VIVQUARTZ &#8211; LAVABLE AU QUARTZ"},"content":{"rendered":"<p><strong>Peinture professionnelle pour quartz<\/strong> \u00e0 base de r\u00e9sines styr\u00e8ne-acryliques, avec un rendement tr\u00e8s \u00e9lev\u00e9, un <strong>excellent pouvoir couvrant et une r\u00e9sistance au lavage<\/strong>. Elle forme une fine pellicule r\u00e9sistante aux intemp\u00e9ries, id\u00e9ale pour les supports neufs ou anciens, garantissant un travail de longue dur\u00e9e. <strong>Additiv\u00e9e avec des biocides enrob\u00e9s \u00e0 lib\u00e9ration progressive<\/strong>, elle offre une <strong>protection prolong\u00e9e contre les algues et les moisissures.<\/strong><\/p>\n<p><strong>MURS NEUFS<\/strong><\/p>\n<p>Brosser les poussi\u00e8res et les impuret\u00e9s. Appliquer une couche de <strong>VIVFIX<\/strong>. Proc\u00e9der \u00e0 l&rsquo;application de 2 couches de peinture en respectant le temps d&rsquo;application.<\/p>\n<p><strong>MURS \u00c0 REMETTRE EN \u00c9TAT<\/strong><\/p>\n<p>Enlever la peinture qui s&rsquo;est d\u00e9tach\u00e9e, puis remplir et poncer. Proc\u00e9der \u00e0 l&rsquo;application en diluant l\u00e9g\u00e8rement (5%) la premi\u00e8re couche<\/p>\n<p>&nbsp;<\/p>\n","protected":false},"excerpt":{"rendered":"<h2 style=\"text-align: left;\"><span style=\"font-size: 14pt;\">Peinture murale au quartz<\/span><\/h2>\n<p><img loading=\"lazy\" decoding=\"async\" class=\"alignnone wp-image-7502\" src=\"https:\/\/vivcolor.com\/wp-content\/uploads\/2020\/10\/ATTREZZI-ICON-300x300.jpg\" alt=\"\" width=\"62\" height=\"62\" srcset=\"https:\/\/vivcolor.com\/wp-content\/uploads\/2020\/10\/ATTREZZI-ICON-300x300.jpg 300w, https:\/\/vivcolor.com\/wp-content\/uploads\/2020\/10\/ATTREZZI-ICON-100x100.jpg 100w, https:\/\/vivcolor.com\/wp-content\/uploads\/2020\/10\/ATTREZZI-ICON-350x350.jpg 350w, https:\/\/vivcolor.com\/wp-content\/uploads\/2020\/10\/ATTREZZI-ICON-150x150.jpg 150w, https:\/\/vivcolor.com\/wp-content\/uploads\/2020\/10\/ATTREZZI-ICON.jpg 381w\" sizes=\"auto, (max-width: 62px) 100vw, 62px\" \/> Outils : Brosse, rouleau<\/p>\n<p><img loading=\"lazy\" decoding=\"async\" class=\"alignnone wp-image-7503\" src=\"https:\/\/vivcolor.com\/wp-content\/uploads\/2020\/10\/DILUENTE-ICON-300x300.jpg\" alt=\"\" width=\"62\" height=\"62\" srcset=\"https:\/\/vivcolor.com\/wp-content\/uploads\/2020\/10\/DILUENTE-ICON-300x300.jpg 300w, https:\/\/vivcolor.com\/wp-content\/uploads\/2020\/10\/DILUENTE-ICON-100x100.jpg 100w, https:\/\/vivcolor.com\/wp-content\/uploads\/2020\/10\/DILUENTE-ICON-350x350.jpg 350w, https:\/\/vivcolor.com\/wp-content\/uploads\/2020\/10\/DILUENTE-ICON-150x150.jpg 150w, https:\/\/vivcolor.com\/wp-content\/uploads\/2020\/10\/DILUENTE-ICON.jpg 381w\" sizes=\"auto, (max-width: 62px) 100vw, 62px\" \/> Dilution : Eau<\/p>\n<p><img loading=\"lazy\" decoding=\"async\" class=\"alignnone wp-image-7505\" src=\"https:\/\/vivcolor.com\/wp-content\/uploads\/2020\/10\/RULLO-E-PENNELLO-ICON-300x300.jpg\" alt=\"\" width=\"60\" height=\"60\" srcset=\"https:\/\/vivcolor.com\/wp-content\/uploads\/2020\/10\/RULLO-E-PENNELLO-ICON-300x300.jpg 300w, https:\/\/vivcolor.com\/wp-content\/uploads\/2020\/10\/RULLO-E-PENNELLO-ICON-100x100.jpg 100w, https:\/\/vivcolor.com\/wp-content\/uploads\/2020\/10\/RULLO-E-PENNELLO-ICON-350x350.jpg 350w, https:\/\/vivcolor.com\/wp-content\/uploads\/2020\/10\/RULLO-E-PENNELLO-ICON-150x150.jpg 150w, https:\/\/vivcolor.com\/wp-content\/uploads\/2020\/10\/RULLO-E-PENNELLO-ICON.jpg 381w\" sizes=\"auto, (max-width: 60px) 100vw, 60px\" \/>Dilution pour rouleau : 25-35 % eau<\/p>\n<p><img loading=\"lazy\" decoding=\"async\" class=\"alignnone wp-image-7504\" src=\"https:\/\/vivcolor.com\/wp-content\/uploads\/2020\/10\/RESA-ICON-300x300.jpg\" alt=\"\" width=\"62\" height=\"62\" srcset=\"https:\/\/vivcolor.com\/wp-content\/uploads\/2020\/10\/RESA-ICON-300x300.jpg 300w, https:\/\/vivcolor.com\/wp-content\/uploads\/2020\/10\/RESA-ICON-100x100.jpg 100w, https:\/\/vivcolor.com\/wp-content\/uploads\/2020\/10\/RESA-ICON-350x350.jpg 350w, https:\/\/vivcolor.com\/wp-content\/uploads\/2020\/10\/RESA-ICON-150x150.jpg 150w, https:\/\/vivcolor.com\/wp-content\/uploads\/2020\/10\/RESA-ICON.jpg 381w\" sizes=\"auto, (max-width: 62px) 100vw, 62px\" \/> Rendement : 8-10 m\u00b2\/l<\/p>\n<h4>Pour de plus amples renseignements :<\/h4>\n<p><a href=\"mailto:vivcolor@vivcolor.com\"><img loading=\"lazy\" decoding=\"async\" class=\"alignnone wp-image-7506\" src=\"https:\/\/vivcolor.com\/wp-content\/uploads\/2021\/11\/email.png\" alt=\"\" width=\"62\" height=\"62\" \/>\u00a0\u00a0\u00a0Envoyez-nous un courriel<\/a><\/p>\n<p><a href=\"tel:045 858 1034\"><img loading=\"lazy\" decoding=\"async\" class=\"alignnone wp-image-7506\" src=\"https:\/\/vivcolor.com\/wp-content\/uploads\/2021\/11\/phone.png\" alt=\"\" width=\"62\" height=\"62\" \/>\u00a0\u00a0\u00a0Appelez\u00a0: +39 045 8581034<\/a><\/p>\n","protected":false},"featured_media":14021,"template":"","meta":[],"product_brand":[],"product_cat":[365],"product_tag":[],"class_list":{"0":"post-14310","1":"product","2":"type-product","3":"status-publish","4":"has-post-thumbnail","6":"product_cat-peintures-pour-le-batiment","7":"pa_colore-blanc","8":"pa_confezione-15-lt-fr","10":"first","11":"instock","12":"shipping-taxable","13":"product-type-simple"},"yoast_head":"<!-- This site is optimized with the Yoast SEO plugin v27.3 - https:\/\/yoast.com\/product\/yoast-seo-wordpress\/ -->\n<title>VIVQUARTZ - LAVABLE AU QUARTZ - Peintures, \u00e9maux et rev\u00eatements pour l&#039;industrie, la maison, les loisirs<\/title>\n<meta name=\"description\" content=\"VIV Color Leader produzione e vendita vernici, pitture e smalti. Contattaci per ulteriori informazioni sul prodotto, servizio di customer care sempre attivo.\" \/>\n<meta name=\"robots\" content=\"index, follow, max-snippet:-1, max-image-preview:large, max-video-preview:-1\" \/>\n<link rel=\"canonical\" href=\"https:\/\/vivcolor.com\/fr\/p\/peintures-pour-le-batiment\/vivquartz-lavable-au-quartz\/\" \/>\n<meta property=\"og:locale\" content=\"fr_FR\" \/>\n<meta property=\"og:type\" content=\"article\" \/>\n<meta property=\"og:title\" content=\"VIVQUARTZ - LAVABLE AU QUARTZ - Peintures, \u00e9maux et rev\u00eatements pour l&#039;industrie, la maison, les loisirs\" \/>\n<meta property=\"og:description\" content=\"VIV Color Leader produzione e vendita vernici, pitture e smalti. Contattaci per ulteriori informazioni sul prodotto, servizio di customer care sempre attivo.\" \/>\n<meta property=\"og:url\" content=\"https:\/\/vivcolor.com\/fr\/p\/peintures-pour-le-batiment\/vivquartz-lavable-au-quartz\/\" \/>\n<meta property=\"og:site_name\" content=\"Peintures, \u00e9maux et rev\u00eatements pour l&#039;industrie, la maison, les loisirs\" \/>\n<meta property=\"article:modified_time\" content=\"2025-04-29T10:24:47+00:00\" \/>\n<meta property=\"og:image\" content=\"https:\/\/vivcolor.com\/wp-content\/uploads\/2022\/03\/vivquartz-TAGLIO.jpg\" \/>\n\t<meta property=\"og:image:width\" content=\"1670\" \/>\n\t<meta property=\"og:image:height\" content=\"1670\" \/>\n\t<meta property=\"og:image:type\" content=\"image\/jpeg\" \/>\n<meta name=\"twitter:card\" content=\"summary_large_image\" \/>\n<meta name=\"twitter:label1\" content=\"Dur\u00e9e de lecture estim\u00e9e\" \/>\n\t<meta name=\"twitter:data1\" content=\"1 minute\" \/>\n<script type=\"application\/ld+json\" class=\"yoast-schema-graph\">{\"@context\":\"https:\\\/\\\/schema.org\",\"@graph\":[{\"@type\":\"WebPage\",\"@id\":\"https:\\\/\\\/vivcolor.com\\\/fr\\\/p\\\/peintures-pour-le-batiment\\\/vivquartz-lavable-au-quartz\\\/\",\"url\":\"https:\\\/\\\/vivcolor.com\\\/fr\\\/p\\\/peintures-pour-le-batiment\\\/vivquartz-lavable-au-quartz\\\/\",\"name\":\"VIVQUARTZ - LAVABLE AU QUARTZ - Peintures, \u00e9maux et rev\u00eatements pour l'industrie, la maison, les loisirs\",\"isPartOf\":{\"@id\":\"https:\\\/\\\/vivcolor.com\\\/fr\\\/#website\"},\"primaryImageOfPage\":{\"@id\":\"https:\\\/\\\/vivcolor.com\\\/fr\\\/p\\\/peintures-pour-le-batiment\\\/vivquartz-lavable-au-quartz\\\/#primaryimage\"},\"image\":{\"@id\":\"https:\\\/\\\/vivcolor.com\\\/fr\\\/p\\\/peintures-pour-le-batiment\\\/vivquartz-lavable-au-quartz\\\/#primaryimage\"},\"thumbnailUrl\":\"https:\\\/\\\/vivcolor.com\\\/wp-content\\\/uploads\\\/2022\\\/03\\\/vivquartz-TAGLIO.jpg\",\"datePublished\":\"2022-08-30T12:44:58+00:00\",\"dateModified\":\"2025-04-29T10:24:47+00:00\",\"description\":\"VIV Color Leader produzione e vendita vernici, pitture e smalti. Contattaci per ulteriori informazioni sul prodotto, servizio di customer care sempre attivo.\",\"breadcrumb\":{\"@id\":\"https:\\\/\\\/vivcolor.com\\\/fr\\\/p\\\/peintures-pour-le-batiment\\\/vivquartz-lavable-au-quartz\\\/#breadcrumb\"},\"inLanguage\":\"fr-FR\",\"potentialAction\":[{\"@type\":\"ReadAction\",\"target\":[\"https:\\\/\\\/vivcolor.com\\\/fr\\\/p\\\/peintures-pour-le-batiment\\\/vivquartz-lavable-au-quartz\\\/\"]}]},{\"@type\":\"ImageObject\",\"inLanguage\":\"fr-FR\",\"@id\":\"https:\\\/\\\/vivcolor.com\\\/fr\\\/p\\\/peintures-pour-le-batiment\\\/vivquartz-lavable-au-quartz\\\/#primaryimage\",\"url\":\"https:\\\/\\\/vivcolor.com\\\/wp-content\\\/uploads\\\/2022\\\/03\\\/vivquartz-TAGLIO.jpg\",\"contentUrl\":\"https:\\\/\\\/vivcolor.com\\\/wp-content\\\/uploads\\\/2022\\\/03\\\/vivquartz-TAGLIO.jpg\",\"width\":1670,\"height\":1670,\"caption\":\"vivquartz COUPE\"},{\"@type\":\"BreadcrumbList\",\"@id\":\"https:\\\/\\\/vivcolor.com\\\/fr\\\/p\\\/peintures-pour-le-batiment\\\/vivquartz-lavable-au-quartz\\\/#breadcrumb\",\"itemListElement\":[{\"@type\":\"ListItem\",\"position\":1,\"name\":\"Home\",\"item\":\"https:\\\/\\\/vivcolor.com\\\/fr\\\/\"},{\"@type\":\"ListItem\",\"position\":2,\"name\":\"Produits\",\"item\":\"https:\\\/\\\/vivcolor.com\\\/fr\\\/produits\\\/\"},{\"@type\":\"ListItem\",\"position\":3,\"name\":\"VIVQUARTZ &#8211; LAVABLE AU QUARTZ\"}]},{\"@type\":\"WebSite\",\"@id\":\"https:\\\/\\\/vivcolor.com\\\/fr\\\/#website\",\"url\":\"https:\\\/\\\/vivcolor.com\\\/fr\\\/\",\"name\":\"Peintures, \u00e9maux et rev\u00eatements pour l'industrie, la maison, les loisirs\",\"description\":\"Vivcolor - Verona\",\"publisher\":{\"@id\":\"https:\\\/\\\/vivcolor.com\\\/fr\\\/#organization\"},\"potentialAction\":[{\"@type\":\"SearchAction\",\"target\":{\"@type\":\"EntryPoint\",\"urlTemplate\":\"https:\\\/\\\/vivcolor.com\\\/fr\\\/?s={search_term_string}\"},\"query-input\":{\"@type\":\"PropertyValueSpecification\",\"valueRequired\":true,\"valueName\":\"search_term_string\"}}],\"inLanguage\":\"fr-FR\"},{\"@type\":\"Organization\",\"@id\":\"https:\\\/\\\/vivcolor.com\\\/fr\\\/#organization\",\"name\":\"Vivcolor Vernici e Pitture e Rivestimenti industriali\",\"url\":\"https:\\\/\\\/vivcolor.com\\\/fr\\\/\",\"logo\":{\"@type\":\"ImageObject\",\"inLanguage\":\"fr-FR\",\"@id\":\"https:\\\/\\\/vivcolor.com\\\/fr\\\/#\\\/schema\\\/logo\\\/image\\\/\",\"url\":\"https:\\\/\\\/vivcolor.com\\\/wp-content\\\/uploads\\\/2021\\\/06\\\/logov2_web.png\",\"contentUrl\":\"https:\\\/\\\/vivcolor.com\\\/wp-content\\\/uploads\\\/2021\\\/06\\\/logov2_web.png\",\"width\":400,\"height\":168,\"caption\":\"Vivcolor Vernici e Pitture e Rivestimenti industriali\"},\"image\":{\"@id\":\"https:\\\/\\\/vivcolor.com\\\/fr\\\/#\\\/schema\\\/logo\\\/image\\\/\"}}]}<\/script>\n<!-- \/ Yoast SEO plugin. -->","yoast_head_json":{"title":"VIVQUARTZ - LAVABLE AU QUARTZ - Peintures, \u00e9maux et rev\u00eatements pour l'industrie, la maison, les loisirs","description":"VIV Color Leader produzione e vendita vernici, pitture e smalti. Contattaci per ulteriori informazioni sul prodotto, servizio di customer care sempre attivo.","robots":{"index":"index","follow":"follow","max-snippet":"max-snippet:-1","max-image-preview":"max-image-preview:large","max-video-preview":"max-video-preview:-1"},"canonical":"https:\/\/vivcolor.com\/fr\/p\/peintures-pour-le-batiment\/vivquartz-lavable-au-quartz\/","og_locale":"fr_FR","og_type":"article","og_title":"VIVQUARTZ - LAVABLE AU QUARTZ - Peintures, \u00e9maux et rev\u00eatements pour l'industrie, la maison, les loisirs","og_description":"VIV Color Leader produzione e vendita vernici, pitture e smalti. Contattaci per ulteriori informazioni sul prodotto, servizio di customer care sempre attivo.","og_url":"https:\/\/vivcolor.com\/fr\/p\/peintures-pour-le-batiment\/vivquartz-lavable-au-quartz\/","og_site_name":"Peintures, \u00e9maux et rev\u00eatements pour l'industrie, la maison, les loisirs","article_modified_time":"2025-04-29T10:24:47+00:00","og_image":[{"width":1670,"height":1670,"url":"https:\/\/vivcolor.com\/wp-content\/uploads\/2022\/03\/vivquartz-TAGLIO.jpg","type":"image\/jpeg"}],"twitter_card":"summary_large_image","twitter_misc":{"Dur\u00e9e de lecture estim\u00e9e":"1 minute"},"schema":{"@context":"https:\/\/schema.org","@graph":[{"@type":"WebPage","@id":"https:\/\/vivcolor.com\/fr\/p\/peintures-pour-le-batiment\/vivquartz-lavable-au-quartz\/","url":"https:\/\/vivcolor.com\/fr\/p\/peintures-pour-le-batiment\/vivquartz-lavable-au-quartz\/","name":"VIVQUARTZ - LAVABLE AU QUARTZ - Peintures, \u00e9maux et rev\u00eatements pour l'industrie, la maison, les loisirs","isPartOf":{"@id":"https:\/\/vivcolor.com\/fr\/#website"},"primaryImageOfPage":{"@id":"https:\/\/vivcolor.com\/fr\/p\/peintures-pour-le-batiment\/vivquartz-lavable-au-quartz\/#primaryimage"},"image":{"@id":"https:\/\/vivcolor.com\/fr\/p\/peintures-pour-le-batiment\/vivquartz-lavable-au-quartz\/#primaryimage"},"thumbnailUrl":"https:\/\/vivcolor.com\/wp-content\/uploads\/2022\/03\/vivquartz-TAGLIO.jpg","datePublished":"2022-08-30T12:44:58+00:00","dateModified":"2025-04-29T10:24:47+00:00","description":"VIV Color Leader produzione e vendita vernici, pitture e smalti. Contattaci per ulteriori informazioni sul prodotto, servizio di customer care sempre attivo.","breadcrumb":{"@id":"https:\/\/vivcolor.com\/fr\/p\/peintures-pour-le-batiment\/vivquartz-lavable-au-quartz\/#breadcrumb"},"inLanguage":"fr-FR","potentialAction":[{"@type":"ReadAction","target":["https:\/\/vivcolor.com\/fr\/p\/peintures-pour-le-batiment\/vivquartz-lavable-au-quartz\/"]}]},{"@type":"ImageObject","inLanguage":"fr-FR","@id":"https:\/\/vivcolor.com\/fr\/p\/peintures-pour-le-batiment\/vivquartz-lavable-au-quartz\/#primaryimage","url":"https:\/\/vivcolor.com\/wp-content\/uploads\/2022\/03\/vivquartz-TAGLIO.jpg","contentUrl":"https:\/\/vivcolor.com\/wp-content\/uploads\/2022\/03\/vivquartz-TAGLIO.jpg","width":1670,"height":1670,"caption":"vivquartz COUPE"},{"@type":"BreadcrumbList","@id":"https:\/\/vivcolor.com\/fr\/p\/peintures-pour-le-batiment\/vivquartz-lavable-au-quartz\/#breadcrumb","itemListElement":[{"@type":"ListItem","position":1,"name":"Home","item":"https:\/\/vivcolor.com\/fr\/"},{"@type":"ListItem","position":2,"name":"Produits","item":"https:\/\/vivcolor.com\/fr\/produits\/"},{"@type":"ListItem","position":3,"name":"VIVQUARTZ &#8211; LAVABLE AU QUARTZ"}]},{"@type":"WebSite","@id":"https:\/\/vivcolor.com\/fr\/#website","url":"https:\/\/vivcolor.com\/fr\/","name":"Peintures, \u00e9maux et rev\u00eatements pour l'industrie, la maison, les loisirs","description":"Vivcolor - Verona","publisher":{"@id":"https:\/\/vivcolor.com\/fr\/#organization"},"potentialAction":[{"@type":"SearchAction","target":{"@type":"EntryPoint","urlTemplate":"https:\/\/vivcolor.com\/fr\/?s={search_term_string}"},"query-input":{"@type":"PropertyValueSpecification","valueRequired":true,"valueName":"search_term_string"}}],"inLanguage":"fr-FR"},{"@type":"Organization","@id":"https:\/\/vivcolor.com\/fr\/#organization","name":"Vivcolor Vernici e Pitture e Rivestimenti industriali","url":"https:\/\/vivcolor.com\/fr\/","logo":{"@type":"ImageObject","inLanguage":"fr-FR","@id":"https:\/\/vivcolor.com\/fr\/#\/schema\/logo\/image\/","url":"https:\/\/vivcolor.com\/wp-content\/uploads\/2021\/06\/logov2_web.png","contentUrl":"https:\/\/vivcolor.com\/wp-content\/uploads\/2021\/06\/logov2_web.png","width":400,"height":168,"caption":"Vivcolor Vernici e Pitture e Rivestimenti industriali"},"image":{"@id":"https:\/\/vivcolor.com\/fr\/#\/schema\/logo\/image\/"}}]}},"_links":{"self":[{"href":"https:\/\/vivcolor.com\/fr\/wp-json\/wp\/v2\/product\/14310","targetHints":{"allow":["GET"]}}],"collection":[{"href":"https:\/\/vivcolor.com\/fr\/wp-json\/wp\/v2\/product"}],"about":[{"href":"https:\/\/vivcolor.com\/fr\/wp-json\/wp\/v2\/types\/product"}],"wp:featuredmedia":[{"embeddable":true,"href":"https:\/\/vivcolor.com\/fr\/wp-json\/wp\/v2\/media\/14021"}],"wp:attachment":[{"href":"https:\/\/vivcolor.com\/fr\/wp-json\/wp\/v2\/media?parent=14310"}],"wp:term":[{"taxonomy":"product_brand","embeddable":true,"href":"https:\/\/vivcolor.com\/fr\/wp-json\/wp\/v2\/product_brand?post=14310"},{"taxonomy":"product_cat","embeddable":true,"href":"https:\/\/vivcolor.com\/fr\/wp-json\/wp\/v2\/product_cat?post=14310"},{"taxonomy":"product_tag","embeddable":true,"href":"https:\/\/vivcolor.com\/fr\/wp-json\/wp\/v2\/product_tag?post=14310"}],"curies":[{"name":"wp","href":"https:\/\/api.w.org\/{rel}","templated":true}]}}