{"id":14471,"date":"2022-08-30T13:26:10","date_gmt":"2022-08-30T13:26:10","guid":{"rendered":"https:\/\/vivcolor.com\/waterwood-shade-system\/"},"modified":"2022-09-26T17:32:04","modified_gmt":"2022-09-26T17:32:04","slug":"waterwood-shade-system","status":"publish","type":"page","link":"https:\/\/vivcolor.com\/fr\/waterwood-shade-system\/","title":{"rendered":"Waterwood Shade System"},"content":{"rendered":"<div class=\"wpb-content-wrapper\"><p>[vc_row bg_type=\u00a0\u00bbimage\u00a0\u00bb bg_image=\u00a0\u00bb11887&Prime; bg_image_type=\u00a0\u00bbanimated\u00a0\u00bb pattern_overlay=\u00a0\u00bbyes\u00a0\u00bb color_overlay=\u00a0\u00bbdark\u00a0\u00bb opacity_overlay=\u00a0\u00bb20&Prime; header_feature=\u00a0\u00bbyes\u00a0\u00bb padding_top=\u00a0\u00bb15%\u00a0\u00bb padding_bottom=\u00a0\u00bb15%\u00a0\u00bb][vc_column][vc_custom_heading text=\u00a0\u00bbWATERWOOD\u00a0\u00bb font_container=\u00a0\u00bbtag:h1|font_size:50px|text_align:center|color:%23ffffff\u00a0\u00bb use_theme_fonts=\u00a0\u00bbyes\u00a0\u00bb][\/vc_column][\/vc_row][vc_row flex_height=\u00a0\u00bbyes\u00a0\u00bb][vc_column width=\u00a0\u00bb1\/2&Prime;]<h2 class=\"eut-element eut-align-left eut-title-line\" style=\"\"><span>SYST\u00c8ME D'OMBRAGE WATERWOOD<\/span><\/h2>[vc_column_text]Avec WATERWOOD SHADE SYSTEM, vous pouvez choisir la couleur \u00e0 donner \u00e0 vos artefacts en bois.<\/p>\n<p>Vous pouvez utiliser:<\/p>\n<table style=\"hauteur: 96px; largeur: 100\u00a0%; border-collapse: r\u00e9duire; border-style: aucun; border-color: #ffffff;\">\n<tbody>\n<tr style=\"style de bordure: aucun;\">\n<td style=\"width: 50\u00a0%; height: 48\u00a0px; border-style: none; vertical-align: top; text-align: left;\">la <strong> FULL SHADE <\/strong> (couleurs primaires) pour les teintes d\u00e9cisif et traditionnel<\/td>\n<td style=\"largeur: 50\u00a0%; hauteur: 48\u00a0px; style de bordure: aucun;\"><a href=\"https:\/\/vivcolor.com\/wp-content\/uploads\/2022\/06\/full_shade.jpg \"> <img loading=\"lazy\" decoding=\"async\" width=\"300\" height=\"113\" class=\"aligncenter wp-image-14110 size-medium\" title=\"full shade\" src=\"https:\/\/vivcolor.com\/wp-content\/uploads\/2022\/06\/full_shade-300x113.jpg\" alt=\"pleine teinte\" srcset=\"https:\/\/vivcolor.com\/wp-content\/uploads\/2022\/06\/full_shade-300x113.jpg 300w, https:\/\/vivcolor.com\/wp-content\/uploads\/2022\/06\/full_shade-1024x387.jpg 1024w, https:\/\/vivcolor.com\/wp-content\/uploads\/2022\/06\/full_shade-768x290.jpg 768w, https:\/\/vivcolor.com\/wp-content\/uploads\/2022\/06\/full_shade-1536x581.jpg 1536w, https:\/\/vivcolor.com\/wp-content\/uploads\/2022\/06\/full_shade-350x132.jpg 350w, https:\/\/vivcolor.com\/wp-content\/uploads\/2022\/06\/full_shade-64x24.jpg 64w, https:\/\/vivcolor.com\/wp-content\/uploads\/2022\/06\/full_shade.jpg 1576w\" sizes=\"auto, (max-width: 300px) 100vw, 300px\" \/> <\/a><\/td>\n<\/tr>\n<tr style=\"style de bordure: aucun;\">\n<td style=\"width: 50%; height: 24px; border-style: none; vertical-align: top; text-align: left;\">le <strong> MID SHADE <\/strong> pour obtenir des tons plus doux &lt;\/ td&gt;<\/td>\n<td style=\"largeur: 50\u00a0%; hauteur: 24\u00a0px; style de bordure: aucun;\"><a href=\"https:\/\/vivcolor.com\/wp-content\/uploads\/2022\/06\/mid_shade.jpg \"> <img loading=\"lazy\" decoding=\"async\" width=\"300\" height=\"113\" class=\"aligncenter wp-image-14113 size-medium\" title=\"mid shade\" src=\"https:\/\/vivcolor.com\/wp-content\/uploads\/2022\/06\/mid_shade-300x113.jpg\" alt=\"mi-ombre\" srcset=\"https:\/\/vivcolor.com\/wp-content\/uploads\/2022\/06\/mid_shade-300x113.jpg 300w, https:\/\/vivcolor.com\/wp-content\/uploads\/2022\/06\/mid_shade-1024x387.jpg 1024w, https:\/\/vivcolor.com\/wp-content\/uploads\/2022\/06\/mid_shade-768x290.jpg 768w, https:\/\/vivcolor.com\/wp-content\/uploads\/2022\/06\/mid_shade-1536x581.jpg 1536w, https:\/\/vivcolor.com\/wp-content\/uploads\/2022\/06\/mid_shade-350x132.jpg 350w, https:\/\/vivcolor.com\/wp-content\/uploads\/2022\/06\/mid_shade-64x24.jpg 64w, https:\/\/vivcolor.com\/wp-content\/uploads\/2022\/06\/mid_shade.jpg 1576w\" sizes=\"auto, (max-width: 300px) 100vw, 300px\" \/> <\/a><\/td>\n<\/tr>\n<tr style=\"style de bordure: aucun;\">\n<td style=\"width: 50%; height: 24px; border-style: none; vertical-align: top; text-align: left;\">la <strong> LIGHT SHADE <\/strong> pour faire briller les veines de votre bois et ainsi obtenir une couleur plus naturelle.<\/td>\n<td style=\"largeur: 50\u00a0%; hauteur: 24\u00a0px; style de bordure: aucun;\"><a href=\"https:\/\/vivcolor.com\/wp-content\/uploads\/2022\/06\/light_shade.jpg \"> <img loading=\"lazy\" decoding=\"async\" width=\"300\" height=\"113\" class=\" aligncenter wp-image-14116 size-medium\" title=\"light shade\" src=\"https:\/\/vivcolor.com\/wp-content\/uploads\/2022\/06\/light_shade-300x113.jpg\" alt=\"ombre claire\" srcset=\"https:\/\/vivcolor.com\/wp-content\/uploads\/2022\/06\/light_shade-300x113.jpg 300w, https:\/\/vivcolor.com\/wp-content\/uploads\/2022\/06\/light_shade-1024x387.jpg 1024w, https:\/\/vivcolor.com\/wp-content\/uploads\/2022\/06\/light_shade-768x290.jpg 768w, https:\/\/vivcolor.com\/wp-content\/uploads\/2022\/06\/light_shade-1536x581.jpg 1536w, https:\/\/vivcolor.com\/wp-content\/uploads\/2022\/06\/light_shade-350x132.jpg 350w, https:\/\/vivcolor.com\/wp-content\/uploads\/2022\/06\/light_shade-64x24.jpg 64w, https:\/\/vivcolor.com\/wp-content\/uploads\/2022\/06\/light_shade.jpg 1576w\" sizes=\"auto, (max-width: 300px) 100vw, 300px\" \/> <\/a><\/td>\n<\/tr>\n<\/tbody>\n<\/table>\n<p><strong> En plus du choix chromatique, vous pouvez \u00e9galement d\u00e9cider du v\u00e9hicule avec lequel cr\u00e9er les nuances. <\/strong><\/p>\n<p>Alors,<\/p>\n<ul>\n<li>En utilisant <strong> WATERWOOOD WAXED FINISH <\/strong>, vous pouvez obtenir un agent d&rsquo;impr\u00e9gnation cir\u00e9 pour mieux prot\u00e9ger le bois en lui donnant une plus grande imperm\u00e9abilit\u00e9.<\/li>\n<li>En utilisant <strong> WATERWOOD FLATTING <\/strong> vous pouvez obtenir un agent d&rsquo;impr\u00e9gnation plus r\u00e9sineux et protecteur pour les expositions externes<\/li>\n<li>En utilisant <strong> WATERWOOD IMPREGNANTE <\/strong> vous conserverez les caract\u00e9ristiques d&rsquo;origine.<\/li>\n<\/ul>\n<p>Demandez \u00e0 votre magasin de peinture de confiance comment obtenir votre teinte et votre produit pr\u00e9f\u00e9r\u00e9.[\/vc_column_text][\/vc_column][vc_column width=\u00a0\u00bb1\/2&Prime;][vc_single_image image=\u00a0\u00bb13902&Prime; img_size=\u00a0\u00bbfull\u00a0\u00bb alignment=\u00a0\u00bbcenter\u00a0\u00bb onclick=\u00a0\u00bbcustom_link\u00a0\u00bb link=\u00a0\u00bbhttps:%2F%2Fvivcolor.com%2Fp%2Fprodotti-speciali%2Fwaterwood%2F|\u00a0\u00bb]<div class=\"eut-element eut-align-center\"><a class=\"eut-btn eut-btn-medium eut-square eut-bg-primary-1\" href=\"https:\/\/vivcolor.com\/fr\/waterwood-2\/\" target=\"_self\" style=\"\"><span>AFFICHER LE PRODUIT<\/span><\/a><\/div>[\/vc_column][\/vc_row][vc_row][vc_column][vc_single_image image=\u00a0\u00bb14132&Prime; img_size=\u00a0\u00bbfull\u00a0\u00bb alignment=\u00a0\u00bbcenter\u00a0\u00bb style=\u00a0\u00bbvc_box_outline\u00a0\u00bb border_color=\u00a0\u00bbblack\u00a0\u00bb onclick=\u00a0\u00bbcustom_link\u00a0\u00bb img_link_target=\u00a0\u00bb_blank\u00a0\u00bb link=\u00a0\u00bbhttps:%2F%2Fvivcolor.com%2Fwp-content%2Fuploads%2F2022%2F06%2Fcartella_colori_waterwood_definitiva.pdf|\u00a0\u00bb][vc_column_text]Impr\u00e9gnant acrylique \u00e0 base d&rsquo;eau pour usage int\u00e9rieur et ext\u00e9rieur. Il p\u00e9n\u00e8tre en profondeur et met en valeur le grain naturel du bois tout en prot\u00e9geant ses fibres.<\/p>\n<p>Les couleurs pouvant \u00eatre obtenues avec le <strong> WATERWOOD SHADE SYSTEM <\/strong><\/p>\n<ol>\n<li>Ils conf\u00e8rent aux produits une <strong> protection durable <\/strong> dans le temps contre la d\u00e9t\u00e9rioration.<\/li>\n<li>L&rsquo;excellente <strong> capacit\u00e9 de p\u00e9n\u00e9tration <\/strong> dans la fibre permet d&rsquo;obtenir des couleurs uniformes qui constituent une base id\u00e9ale pour les couches de finition ult\u00e9rieures et pour leur filmage correct,<\/li>\n<li>Ils sont facilement applicables en bricolage avec <strong> d&rsquo;excellents r\u00e9sultats esth\u00e9tiques <\/strong>.<\/li>\n<\/ol>\n<p>Pour obtenir une protection maximale \u00e0 l&rsquo;ext\u00e9rieur, dans des conditions de forte exposition aux agents atmosph\u00e9riques et \u00e0 la lumi\u00e8re du soleil, il est recommand\u00e9 de recouvrir le produit avec des finitions appropri\u00e9es telles que notre WATERWOOD FLATTING et WATERWOOD WAXED FINISH.<\/p>\n<p>La ligne WATERWOOD, \u00e9tant \u00e0 base d&rsquo;eau et fabriqu\u00e9e avec des mati\u00e8res premi\u00e8res <strong> \u00e0 tr\u00e8s faible toxicit\u00e9 <\/strong>, est inodore et est donc particuli\u00e8rement adapt\u00e9e aux applications dans des environnements mal ventil\u00e9s.[\/vc_column_text][vc_btn title=\u00a0\u00bbT\u00c9L\u00c9CHARGER LES INFORMATIONS PDF\u00a0\u00bb style=\u00a0\u00bboutline\u00a0\u00bb shape=\u00a0\u00bbsquare\u00a0\u00bb color=\u00a0\u00bbdanger\u00a0\u00bb size=\u00a0\u00bblg\u00a0\u00bb align=\u00a0\u00bbcenter\u00a0\u00bb i_icon_fontawesome=\u00a0\u00bbfas fa-download\u00a0\u00bb add_icon=\u00a0\u00bbtrue\u00a0\u00bb link=\u00a0\u00bburl:https%3A%2F%2Fvivcolor.com%2Fwp-content%2Fuploads%2F2022%2F06%2Fcartella_colori_waterwood_definitiva.pdf|target:_blank|\u00a0\u00bb][\/vc_column][\/vc_row][vc_row][vc_column]<div class=\"eut-element eut-carousel-wrapper\" style=\"\">\t<div class=\"eut-carousel eut-gallery-popup eut-carousel-element \" data-items=\"4\" data-slider-autoplay=\"yes\" data-slider-speed=\"3000\" data-slider-pause=\"no\">\r\n\r\n\t\t\t<div class=\"eut-carousel-item\">\t<figure class=\"eut-image-hover\">\t\t<div class=\"eut-media\"><img loading=\"lazy\" decoding=\"async\" width=\"600\" height=\"600\" src=\"https:\/\/vivcolor.com\/wp-content\/uploads\/2022\/03\/wood-gebb63ec69_1920-600x600.jpg\" class=\"attachment-eut-image-small-square size-eut-image-small-square\" alt=\"wood gebb63ec69 1920\" srcset=\"https:\/\/vivcolor.com\/wp-content\/uploads\/2022\/03\/wood-gebb63ec69_1920-600x600.jpg 600w, https:\/\/vivcolor.com\/wp-content\/uploads\/2022\/03\/wood-gebb63ec69_1920-150x150.jpg 150w, https:\/\/vivcolor.com\/wp-content\/uploads\/2022\/03\/wood-gebb63ec69_1920-1120x1120.jpg 1120w, https:\/\/vivcolor.com\/wp-content\/uploads\/2022\/03\/wood-gebb63ec69_1920-100x100.jpg 100w\" sizes=\"auto, (max-width: 600px) 100vw, 600px\" \/>\t\t<\/div>\t<\/figure><\/div><div class=\"eut-carousel-item\">\t<figure class=\"eut-image-hover\">\t\t<div class=\"eut-media\"><img loading=\"lazy\" decoding=\"async\" width=\"600\" height=\"600\" src=\"https:\/\/vivcolor.com\/wp-content\/uploads\/2022\/03\/drops-g2168f8ad8_1920-600x600.jpg\" class=\"attachment-eut-image-small-square size-eut-image-small-square\" alt=\"drops g2168f8ad8 1920\" srcset=\"https:\/\/vivcolor.com\/wp-content\/uploads\/2022\/03\/drops-g2168f8ad8_1920-600x600.jpg 600w, https:\/\/vivcolor.com\/wp-content\/uploads\/2022\/03\/drops-g2168f8ad8_1920-150x150.jpg 150w, https:\/\/vivcolor.com\/wp-content\/uploads\/2022\/03\/drops-g2168f8ad8_1920-100x100.jpg 100w\" sizes=\"auto, (max-width: 600px) 100vw, 600px\" \/>\t\t<\/div>\t<\/figure><\/div><div class=\"eut-carousel-item\">\t<figure class=\"eut-image-hover\">\t\t<div class=\"eut-media\"><img loading=\"lazy\" decoding=\"async\" width=\"600\" height=\"600\" src=\"https:\/\/vivcolor.com\/wp-content\/uploads\/2022\/03\/pad-gda0388cc2_1920-600x600.jpg\" class=\"attachment-eut-image-small-square size-eut-image-small-square\" alt=\"pad gda0388cc2 1920\" srcset=\"https:\/\/vivcolor.com\/wp-content\/uploads\/2022\/03\/pad-gda0388cc2_1920-600x600.jpg 600w, https:\/\/vivcolor.com\/wp-content\/uploads\/2022\/03\/pad-gda0388cc2_1920-150x150.jpg 150w, https:\/\/vivcolor.com\/wp-content\/uploads\/2022\/03\/pad-gda0388cc2_1920-1120x1120.jpg 1120w, https:\/\/vivcolor.com\/wp-content\/uploads\/2022\/03\/pad-gda0388cc2_1920-100x100.jpg 100w\" sizes=\"auto, (max-width: 600px) 100vw, 600px\" \/>\t\t<\/div>\t<\/figure><\/div><div class=\"eut-carousel-item\">\t<figure class=\"eut-image-hover\">\t\t<div class=\"eut-media\"><img loading=\"lazy\" decoding=\"async\" width=\"600\" height=\"600\" src=\"https:\/\/vivcolor.com\/wp-content\/uploads\/2022\/03\/drops-g54557af5e_1920-600x600.jpg\" class=\"attachment-eut-image-small-square size-eut-image-small-square\" alt=\"drops g54557af5e 1920\" srcset=\"https:\/\/vivcolor.com\/wp-content\/uploads\/2022\/03\/drops-g54557af5e_1920-600x600.jpg 600w, https:\/\/vivcolor.com\/wp-content\/uploads\/2022\/03\/drops-g54557af5e_1920-150x150.jpg 150w, https:\/\/vivcolor.com\/wp-content\/uploads\/2022\/03\/drops-g54557af5e_1920-1120x1120.jpg 1120w, https:\/\/vivcolor.com\/wp-content\/uploads\/2022\/03\/drops-g54557af5e_1920-100x100.jpg 100w\" sizes=\"auto, (max-width: 600px) 100vw, 600px\" \/>\t\t<\/div>\t<\/figure><\/div>\t<\/div><\/div>[\/vc_column][\/vc_row]<\/p>\n<\/div>","protected":false},"excerpt":{"rendered":"<p>[vc_row bg_type=\u00a0\u00bbimage\u00a0\u00bb bg_image=\u00a0\u00bb11887&Prime; bg_image_type=\u00a0\u00bbanimated\u00a0\u00bb pattern_overlay=\u00a0\u00bbyes\u00a0\u00bb color_overlay=\u00a0\u00bbdark\u00a0\u00bb opacity_overlay=\u00a0\u00bb20&Prime; header_feature=\u00a0\u00bbyes\u00a0\u00bb padding_top=\u00a0\u00bb15%\u00a0\u00bb padding_bottom=\u00a0\u00bb15%\u00a0\u00bb][vc_column][vc_custom_heading text=\u00a0\u00bbWATERWOOD\u00a0\u00bb font_container=\u00a0\u00bbtag:h1|font_size:50px|text_align:center|color:%23ffffff\u00a0\u00bb use_theme_fonts=\u00a0\u00bbyes\u00a0\u00bb][\/vc_column][\/vc_row][vc_row flex_height=\u00a0\u00bbyes\u00a0\u00bb][vc_column width=\u00a0\u00bb1\/2&Prime;][vc_column_text]Avec WATERWOOD SHADE SYSTEM, vous pouvez choisir la couleur \u00e0 donner \u00e0 vos artefacts en bois. Vous pouvez utiliser: la FULL SHADE (couleurs primaires) pour les teintes d\u00e9cisif et traditionnel le MID SHADE pour obtenir des tons plus doux &lt;\/ td&gt; [&hellip;]<\/p>\n","protected":false},"author":3,"featured_media":0,"parent":0,"menu_order":16,"comment_status":"closed","ping_status":"closed","template":"","meta":{"footnotes":""},"class_list":["post-14471","page","type-page","status-publish","hentry"],"yoast_head":"<!-- This site is optimized with the Yoast SEO plugin v27.3 - https:\/\/yoast.com\/product\/yoast-seo-wordpress\/ -->\n<title>Waterwood Shade System - Peintures, \u00e9maux et rev\u00eatements pour l&#039;industrie, la maison, les loisirs<\/title>\n<meta name=\"description\" content=\"Viv Color, Entra nel sito e contattaci per informazioni, servizio customer care sempre attivo.\" \/>\n<meta name=\"robots\" content=\"index, follow, max-snippet:-1, max-image-preview:large, max-video-preview:-1\" \/>\n<link rel=\"canonical\" href=\"https:\/\/vivcolor.com\/fr\/waterwood-shade-system\/\" \/>\n<meta property=\"og:locale\" content=\"fr_FR\" \/>\n<meta property=\"og:type\" content=\"article\" \/>\n<meta property=\"og:title\" content=\"Waterwood Shade System - Peintures, \u00e9maux et rev\u00eatements pour l&#039;industrie, la maison, les loisirs\" \/>\n<meta property=\"og:description\" content=\"Viv Color, Entra nel sito e contattaci per informazioni, servizio customer care sempre attivo.\" \/>\n<meta property=\"og:url\" content=\"https:\/\/vivcolor.com\/fr\/waterwood-shade-system\/\" \/>\n<meta property=\"og:site_name\" content=\"Peintures, \u00e9maux et rev\u00eatements pour l&#039;industrie, la maison, les loisirs\" \/>\n<meta property=\"article:modified_time\" content=\"2022-09-26T17:32:04+00:00\" \/>\n<meta property=\"og:image\" content=\"https:\/\/vivcolor.com\/wp-content\/uploads\/2022\/06\/full_shade-300x113.jpg\" \/>\n<meta name=\"twitter:card\" content=\"summary_large_image\" \/>\n<meta name=\"twitter:label1\" content=\"Dur\u00e9e de lecture estim\u00e9e\" \/>\n\t<meta name=\"twitter:data1\" content=\"3 minutes\" \/>\n<script type=\"application\/ld+json\" class=\"yoast-schema-graph\">{\"@context\":\"https:\\\/\\\/schema.org\",\"@graph\":[{\"@type\":\"WebPage\",\"@id\":\"https:\\\/\\\/vivcolor.com\\\/fr\\\/waterwood-shade-system\\\/\",\"url\":\"https:\\\/\\\/vivcolor.com\\\/fr\\\/waterwood-shade-system\\\/\",\"name\":\"Waterwood Shade System - Peintures, \u00e9maux et rev\u00eatements pour l'industrie, la maison, les loisirs\",\"isPartOf\":{\"@id\":\"https:\\\/\\\/vivcolor.com\\\/fr\\\/#website\"},\"primaryImageOfPage\":{\"@id\":\"https:\\\/\\\/vivcolor.com\\\/fr\\\/waterwood-shade-system\\\/#primaryimage\"},\"image\":{\"@id\":\"https:\\\/\\\/vivcolor.com\\\/fr\\\/waterwood-shade-system\\\/#primaryimage\"},\"thumbnailUrl\":\"https:\\\/\\\/vivcolor.com\\\/wp-content\\\/uploads\\\/2022\\\/06\\\/full_shade-300x113.jpg\",\"datePublished\":\"2022-08-30T13:26:10+00:00\",\"dateModified\":\"2022-09-26T17:32:04+00:00\",\"description\":\"Viv Color, Entra nel sito e contattaci per informazioni, servizio customer care sempre attivo.\",\"breadcrumb\":{\"@id\":\"https:\\\/\\\/vivcolor.com\\\/fr\\\/waterwood-shade-system\\\/#breadcrumb\"},\"inLanguage\":\"fr-FR\",\"potentialAction\":[{\"@type\":\"ReadAction\",\"target\":[\"https:\\\/\\\/vivcolor.com\\\/fr\\\/waterwood-shade-system\\\/\"]}]},{\"@type\":\"ImageObject\",\"inLanguage\":\"fr-FR\",\"@id\":\"https:\\\/\\\/vivcolor.com\\\/fr\\\/waterwood-shade-system\\\/#primaryimage\",\"url\":\"https:\\\/\\\/vivcolor.com\\\/wp-content\\\/uploads\\\/2022\\\/06\\\/full_shade-300x113.jpg\",\"contentUrl\":\"https:\\\/\\\/vivcolor.com\\\/wp-content\\\/uploads\\\/2022\\\/06\\\/full_shade-300x113.jpg\"},{\"@type\":\"BreadcrumbList\",\"@id\":\"https:\\\/\\\/vivcolor.com\\\/fr\\\/waterwood-shade-system\\\/#breadcrumb\",\"itemListElement\":[{\"@type\":\"ListItem\",\"position\":1,\"name\":\"Home\",\"item\":\"https:\\\/\\\/vivcolor.com\\\/fr\\\/\"},{\"@type\":\"ListItem\",\"position\":2,\"name\":\"Waterwood Shade System\"}]},{\"@type\":\"WebSite\",\"@id\":\"https:\\\/\\\/vivcolor.com\\\/fr\\\/#website\",\"url\":\"https:\\\/\\\/vivcolor.com\\\/fr\\\/\",\"name\":\"Peintures, \u00e9maux et rev\u00eatements pour l'industrie, la maison, les loisirs\",\"description\":\"Vivcolor - Verona\",\"publisher\":{\"@id\":\"https:\\\/\\\/vivcolor.com\\\/fr\\\/#organization\"},\"potentialAction\":[{\"@type\":\"SearchAction\",\"target\":{\"@type\":\"EntryPoint\",\"urlTemplate\":\"https:\\\/\\\/vivcolor.com\\\/fr\\\/?s={search_term_string}\"},\"query-input\":{\"@type\":\"PropertyValueSpecification\",\"valueRequired\":true,\"valueName\":\"search_term_string\"}}],\"inLanguage\":\"fr-FR\"},{\"@type\":\"Organization\",\"@id\":\"https:\\\/\\\/vivcolor.com\\\/fr\\\/#organization\",\"name\":\"Vivcolor Vernici e Pitture e Rivestimenti industriali\",\"url\":\"https:\\\/\\\/vivcolor.com\\\/fr\\\/\",\"logo\":{\"@type\":\"ImageObject\",\"inLanguage\":\"fr-FR\",\"@id\":\"https:\\\/\\\/vivcolor.com\\\/fr\\\/#\\\/schema\\\/logo\\\/image\\\/\",\"url\":\"https:\\\/\\\/vivcolor.com\\\/wp-content\\\/uploads\\\/2021\\\/06\\\/logov2_web.png\",\"contentUrl\":\"https:\\\/\\\/vivcolor.com\\\/wp-content\\\/uploads\\\/2021\\\/06\\\/logov2_web.png\",\"width\":400,\"height\":168,\"caption\":\"Vivcolor Vernici e Pitture e Rivestimenti industriali\"},\"image\":{\"@id\":\"https:\\\/\\\/vivcolor.com\\\/fr\\\/#\\\/schema\\\/logo\\\/image\\\/\"}}]}<\/script>\n<!-- \/ Yoast SEO plugin. -->","yoast_head_json":{"title":"Waterwood Shade System - Peintures, \u00e9maux et rev\u00eatements pour l'industrie, la maison, les loisirs","description":"Viv Color, Entra nel sito e contattaci per informazioni, servizio customer care sempre attivo.","robots":{"index":"index","follow":"follow","max-snippet":"max-snippet:-1","max-image-preview":"max-image-preview:large","max-video-preview":"max-video-preview:-1"},"canonical":"https:\/\/vivcolor.com\/fr\/waterwood-shade-system\/","og_locale":"fr_FR","og_type":"article","og_title":"Waterwood Shade System - Peintures, \u00e9maux et rev\u00eatements pour l'industrie, la maison, les loisirs","og_description":"Viv Color, Entra nel sito e contattaci per informazioni, servizio customer care sempre attivo.","og_url":"https:\/\/vivcolor.com\/fr\/waterwood-shade-system\/","og_site_name":"Peintures, \u00e9maux et rev\u00eatements pour l'industrie, la maison, les loisirs","article_modified_time":"2022-09-26T17:32:04+00:00","og_image":[{"url":"https:\/\/vivcolor.com\/wp-content\/uploads\/2022\/06\/full_shade-300x113.jpg","type":"","width":"","height":""}],"twitter_card":"summary_large_image","twitter_misc":{"Dur\u00e9e de lecture estim\u00e9e":"3 minutes"},"schema":{"@context":"https:\/\/schema.org","@graph":[{"@type":"WebPage","@id":"https:\/\/vivcolor.com\/fr\/waterwood-shade-system\/","url":"https:\/\/vivcolor.com\/fr\/waterwood-shade-system\/","name":"Waterwood Shade System - Peintures, \u00e9maux et rev\u00eatements pour l'industrie, la maison, les loisirs","isPartOf":{"@id":"https:\/\/vivcolor.com\/fr\/#website"},"primaryImageOfPage":{"@id":"https:\/\/vivcolor.com\/fr\/waterwood-shade-system\/#primaryimage"},"image":{"@id":"https:\/\/vivcolor.com\/fr\/waterwood-shade-system\/#primaryimage"},"thumbnailUrl":"https:\/\/vivcolor.com\/wp-content\/uploads\/2022\/06\/full_shade-300x113.jpg","datePublished":"2022-08-30T13:26:10+00:00","dateModified":"2022-09-26T17:32:04+00:00","description":"Viv Color, Entra nel sito e contattaci per informazioni, servizio customer care sempre attivo.","breadcrumb":{"@id":"https:\/\/vivcolor.com\/fr\/waterwood-shade-system\/#breadcrumb"},"inLanguage":"fr-FR","potentialAction":[{"@type":"ReadAction","target":["https:\/\/vivcolor.com\/fr\/waterwood-shade-system\/"]}]},{"@type":"ImageObject","inLanguage":"fr-FR","@id":"https:\/\/vivcolor.com\/fr\/waterwood-shade-system\/#primaryimage","url":"https:\/\/vivcolor.com\/wp-content\/uploads\/2022\/06\/full_shade-300x113.jpg","contentUrl":"https:\/\/vivcolor.com\/wp-content\/uploads\/2022\/06\/full_shade-300x113.jpg"},{"@type":"BreadcrumbList","@id":"https:\/\/vivcolor.com\/fr\/waterwood-shade-system\/#breadcrumb","itemListElement":[{"@type":"ListItem","position":1,"name":"Home","item":"https:\/\/vivcolor.com\/fr\/"},{"@type":"ListItem","position":2,"name":"Waterwood Shade System"}]},{"@type":"WebSite","@id":"https:\/\/vivcolor.com\/fr\/#website","url":"https:\/\/vivcolor.com\/fr\/","name":"Peintures, \u00e9maux et rev\u00eatements pour l'industrie, la maison, les loisirs","description":"Vivcolor - Verona","publisher":{"@id":"https:\/\/vivcolor.com\/fr\/#organization"},"potentialAction":[{"@type":"SearchAction","target":{"@type":"EntryPoint","urlTemplate":"https:\/\/vivcolor.com\/fr\/?s={search_term_string}"},"query-input":{"@type":"PropertyValueSpecification","valueRequired":true,"valueName":"search_term_string"}}],"inLanguage":"fr-FR"},{"@type":"Organization","@id":"https:\/\/vivcolor.com\/fr\/#organization","name":"Vivcolor Vernici e Pitture e Rivestimenti industriali","url":"https:\/\/vivcolor.com\/fr\/","logo":{"@type":"ImageObject","inLanguage":"fr-FR","@id":"https:\/\/vivcolor.com\/fr\/#\/schema\/logo\/image\/","url":"https:\/\/vivcolor.com\/wp-content\/uploads\/2021\/06\/logov2_web.png","contentUrl":"https:\/\/vivcolor.com\/wp-content\/uploads\/2021\/06\/logov2_web.png","width":400,"height":168,"caption":"Vivcolor Vernici e Pitture e Rivestimenti industriali"},"image":{"@id":"https:\/\/vivcolor.com\/fr\/#\/schema\/logo\/image\/"}}]}},"_links":{"self":[{"href":"https:\/\/vivcolor.com\/fr\/wp-json\/wp\/v2\/pages\/14471","targetHints":{"allow":["GET"]}}],"collection":[{"href":"https:\/\/vivcolor.com\/fr\/wp-json\/wp\/v2\/pages"}],"about":[{"href":"https:\/\/vivcolor.com\/fr\/wp-json\/wp\/v2\/types\/page"}],"author":[{"embeddable":true,"href":"https:\/\/vivcolor.com\/fr\/wp-json\/wp\/v2\/users\/3"}],"replies":[{"embeddable":true,"href":"https:\/\/vivcolor.com\/fr\/wp-json\/wp\/v2\/comments?post=14471"}],"version-history":[{"count":13,"href":"https:\/\/vivcolor.com\/fr\/wp-json\/wp\/v2\/pages\/14471\/revisions"}],"predecessor-version":[{"id":14835,"href":"https:\/\/vivcolor.com\/fr\/wp-json\/wp\/v2\/pages\/14471\/revisions\/14835"}],"wp:attachment":[{"href":"https:\/\/vivcolor.com\/fr\/wp-json\/wp\/v2\/media?parent=14471"}],"curies":[{"name":"wp","href":"https:\/\/api.w.org\/{rel}","templated":true}]}}