{"id":14385,"date":"2022-08-30T13:21:27","date_gmt":"2022-08-30T13:21:27","guid":{"rendered":"https:\/\/vivcolor.com\/politique-de-confidentialite\/"},"modified":"2022-08-30T13:21:27","modified_gmt":"2022-08-30T13:21:27","slug":"politique-de-confidentialite","status":"publish","type":"page","link":"https:\/\/vivcolor.com\/fr\/politique-de-confidentialite\/","title":{"rendered":"Politique de confidentialit\u00e9"},"content":{"rendered":"<p><strong>Informations conform\u00e9ment aux articles 13 et 14 du r\u00e8glement UE 2016\/679 (RGPD)<\/strong><\/p>\n<p>Cher client\/fournisseur,<\/p>\n<p>Conform\u00e9ment \u00e0 la r\u00e9glementation mise en place par le r\u00e8glement de l&rsquo;UE, nous fournissons par la pr\u00e9sente des informations sur l&rsquo;utilisation par la soci\u00e9t\u00e9 soussign\u00e9e des donn\u00e9es personnelles acquises dans le cadre des relations contractuelles avec vous ou de celles qui pourraient \u00eatre conclues \u00e0 l&rsquo;avenir.<\/p>\n<p><strong>Source des donn\u00e9es personnelles<\/strong><\/p>\n<p>Les donn\u00e9es en notre possession acquises dans le cadre de relations contractuelles sont collect\u00e9es directement aupr\u00e8s de la personne concern\u00e9e. Toutes les donn\u00e9es recueillies seront trait\u00e9es conform\u00e9ment \u00e0 la l\u00e9gislation en vigueur et, en tout \u00e9tat de cause, avec la confidentialit\u00e9 requise.<\/p>\n<p><strong>Finalit\u00e9s du traitement<\/strong><\/p>\n<p>La collecte ou le traitement des donn\u00e9es personnelles a pour seul but de remplir de mani\u00e8re ad\u00e9quate les obligations li\u00e9es \u00e0 l&rsquo;exercice de l&rsquo;activit\u00e9 de notre soci\u00e9t\u00e9, et notamment en ce qui concerne : les exigences pr\u00e9alables \u00e0 la stipulation d&rsquo;un contrat, l&rsquo;ex\u00e9cution des obligations contractuelles de nature comptable, gestionnaire et administrative envers la personne concern\u00e9e en ex\u00e9cution d\u2019un acte, d\u2019une s\u00e9rie d&rsquo;actes ou d\u2019un ensemble d&rsquo;op\u00e9rations n\u00e9cessaires \u00e0 l&rsquo;accomplissement des obligations susmentionn\u00e9es, l&rsquo;ex\u00e9cution des prestations li\u00e9es ou instrumentales au contrat aupr\u00e8s de tout organisme public ou priv\u00e9, ainsi que l&rsquo;ex\u00e9cution d\u2019obligations l\u00e9gales.<\/p>\n<p><strong>Mode de traitement<\/strong><\/p>\n<p>En relation avec les finalit\u00e9s susmentionn\u00e9es, les donn\u00e9es personnelles sont trait\u00e9es au moyen d&rsquo;outils manuels, informatiques et t\u00e9l\u00e9matiques avec une logique strictement li\u00e9e \u00e0 ces finalit\u00e9s et, en tout cas, de mani\u00e8re \u00e0 garantir la s\u00e9curit\u00e9 et la confidentialit\u00e9 des donn\u00e9es conform\u00e9ment \u00e0 la loi susmentionn\u00e9e. Ces donn\u00e9es seront conserv\u00e9es pendant 10 ans et, en tout \u00e9tat de cause, en coordination avec la r\u00e9glementation en vigueur en mati\u00e8re de relations contractuelles et de fiscalit\u00e9.<\/p>\n<p><strong>Nature de la collecte<\/strong><\/p>\n<p>Pour la stipulation et l&rsquo;ex\u00e9cution de la relation contractuelle, la collecte des donn\u00e9es personnelles est \u00e9galement obligatoire, car elle est n\u00e9cessaire \u00e0 l\u2019accomplissement des obligations l\u00e9gales et fiscales ; le refus de fournir ces donn\u00e9es rend impossible l&rsquo;\u00e9tablissement de relations avec la soci\u00e9t\u00e9. Le traitement qui en d\u00e9rive ne n\u00e9cessite donc pas le consentement de la personne concern\u00e9e.<\/p>\n<p><strong>Communication et diffusion<\/strong><\/p>\n<p>Les donn\u00e9es personnelles et leur traitement seront communiqu\u00e9s \u00e0 des soci\u00e9t\u00e9s pour l&rsquo;exercice d&rsquo;activit\u00e9s \u00e9conomiques (commerce, gestion, gestion de syst\u00e8mes d&rsquo;information, assurances, interm\u00e9diation bancaire ou non bancaire, affacturage, gestion du courrier, mise sous pli et envoi de la correspondance) ou pour l&rsquo;accomplissement d&rsquo;obligations l\u00e9gales (cabinets d&rsquo;experts-comptables, avocats). Les donn\u00e9es ne seront pas diffus\u00e9es ni communiqu\u00e9es en dehors de l&rsquo;UE.<\/p>\n<p>Les personnes charg\u00e9es des op\u00e9rations de traitement pourront prendre connaissance de vos donn\u00e9es.<\/p>\n<p><strong>Droits de la personne concern\u00e9e<\/strong><\/p>\n<p>La personne concern\u00e9e peut s&rsquo;adresser au service de la politique de confidentialit\u00e9 du responsable du traitement pour v\u00e9rifier ses donn\u00e9es et les faire compl\u00e9ter, mettre \u00e0 jour ou rectifier et\/ou pour exercer les autres droits pr\u00e9vus \u00e0 l&rsquo;article 15 du r\u00e8glement de l&rsquo;UE (ci-joint).<\/p>\n<p><strong>Responsable du traitement des donn\u00e9es<\/strong><\/p>\n<p>Le responsable du traitement des donn\u00e9es est VIVCOLOR Srl, dont le si\u00e8ge est situ\u00e9 via Edison 19, 37066 Sommacampagna (VR).<\/p>\n<p><strong>En ce qui concerne le traitement des donn\u00e9es \u00e0 caract\u00e8re personnel tel qu&rsquo;il est expos\u00e9 ci-dessus, la personne dispose des droits \u00e9nonc\u00e9s ci-dessous conform\u00e9ment \u00e0 l&rsquo;article 15 du r\u00e8glement de l&rsquo;UE :<\/strong><\/p>\n<ol>\n<li>La personne concern\u00e9e a le droit d&rsquo;obtenir du responsable du traitement la confirmation que des donn\u00e9es \u00e0 caract\u00e8re personnel la concernant sont ou non trait\u00e9es et, dans l&rsquo;affirmative, d&rsquo;obtenir l&rsquo;acc\u00e8s aux donn\u00e9es \u00e0 caract\u00e8re personnel et aux informations suivantes :<\/li>\n<li>a) les finalit\u00e9s du traitement,<\/li>\n<li>b) les cat\u00e9gories de donn\u00e9es \u00e0 caract\u00e8re personnel concern\u00e9es,<\/li>\n<li>c) les destinataires ou les cat\u00e9gories de destinataires auxquels les donn\u00e9es \u00e0 caract\u00e8re personnel ont \u00e9t\u00e9 ou seront communiqu\u00e9es, en particulier s&rsquo;il s&rsquo;agit de destinataires situ\u00e9s dans des pays tiers ou d\u2019organisations internationales,<\/li>\n<li>d) si possible, la dur\u00e9e pr\u00e9vue de conservation des donn\u00e9es \u00e0 caract\u00e8re personnel ou, si cela n&rsquo;est pas possible, les crit\u00e8res utilis\u00e9s pour d\u00e9terminer cette dur\u00e9e,<\/li>\n<li>e) l&rsquo;existence du droit de la personne concern\u00e9e de demander au responsable du traitement la rectification ou la suppression des donn\u00e9es \u00e0 caract\u00e8re personnel la concernant ou de s&rsquo;opposer au traitement des donn\u00e9es \u00e0 caract\u00e8re personnel la concernant,<\/li>\n<li>f) le droit de porter plainte aupr\u00e8s d&rsquo;une autorit\u00e9 de contr\u00f4le,<\/li>\n<li>g) lorsque les donn\u00e9es ne sont pas collect\u00e9es aupr\u00e8s de la personne concern\u00e9e, toutes les informations disponibles sur leur origine,<\/li>\n<li>h) l&rsquo;existence d&rsquo;un processus d\u00e9cisionnel automatis\u00e9, y compris le profilage vis\u00e9 \u00e0 l&rsquo;article 22, paragraphes 1 et 4, et, au moins dans ce cas, des informations significatives sur la logique utilis\u00e9e, ainsi que l&rsquo;importance de ce traitement pour la personne concern\u00e9e et les cons\u00e9quences envisag\u00e9es.<\/li>\n<li>Dans le cas o\u00f9 les donn\u00e9es \u00e0 caract\u00e8re personnel sont transf\u00e9r\u00e9es vers un pays tiers ou une organisation internationale, la personne concern\u00e9e a le droit d&rsquo;\u00eatre inform\u00e9e de l&rsquo;existence de garanties pertinentes au sens de l&rsquo;article 46 en ce qui concerne le transfert.<\/li>\n<li>Le responsable du traitement des donn\u00e9es fournit une copie des donn\u00e9es personnelles trait\u00e9es. En cas de copies suppl\u00e9mentaires demand\u00e9es par la personne concern\u00e9e, le responsable du traitement des donn\u00e9es peut facturer des frais raisonnables bas\u00e9s sur les co\u00fbts administratifs correspondants. Si la personne concern\u00e9e fait la demande par voie \u00e9lectronique, et sauf indication contraire de la personne concern\u00e9e, les informations sont fournies dans un format \u00e9lectronique couramment utilis\u00e9.<\/li>\n<li>Le droit d&rsquo;obtenir une copie vis\u00e9 au paragraphe 3 ne doit pas porter atteinte aux droits et libert\u00e9s d&rsquo;autrui.<\/li>\n<\/ol>\n","protected":false},"excerpt":{"rendered":"<p>Informations conform\u00e9ment aux articles 13 et 14 du r\u00e8glement UE 2016\/679 (RGPD) Cher client\/fournisseur, Conform\u00e9ment \u00e0 la r\u00e9glementation mise en place par le r\u00e8glement de l&rsquo;UE, nous fournissons par la pr\u00e9sente des informations sur l&rsquo;utilisation par la soci\u00e9t\u00e9 soussign\u00e9e des donn\u00e9es personnelles acquises dans le cadre des relations contractuelles avec vous ou de celles qui [&hellip;]<\/p>\n","protected":false},"author":3,"featured_media":0,"parent":0,"menu_order":27,"comment_status":"closed","ping_status":"closed","template":"","meta":{"footnotes":""},"class_list":["post-14385","page","type-page","status-publish","hentry"],"yoast_head":"<!-- This site is optimized with the Yoast SEO plugin v27.3 - https:\/\/yoast.com\/product\/yoast-seo-wordpress\/ -->\n<title>Politique de confidentialit\u00e9 - Peintures, \u00e9maux et rev\u00eatements pour l&#039;industrie, la maison, les loisirs<\/title>\n<meta name=\"description\" content=\"Viv Color, Entra nel sito e contattaci per informazioni, servizio customer care sempre attivo.\" \/>\n<meta name=\"robots\" content=\"noindex, nofollow\" \/>\n<meta property=\"og:locale\" content=\"fr_FR\" \/>\n<meta property=\"og:type\" content=\"article\" \/>\n<meta property=\"og:title\" content=\"Politique de confidentialit\u00e9 - Peintures, \u00e9maux et rev\u00eatements pour l&#039;industrie, la maison, les loisirs\" \/>\n<meta property=\"og:description\" content=\"Viv Color, Entra nel sito e contattaci per informazioni, servizio customer care sempre attivo.\" \/>\n<meta property=\"og:url\" content=\"https:\/\/vivcolor.com\/fr\/politique-de-confidentialite\/\" \/>\n<meta property=\"og:site_name\" content=\"Peintures, \u00e9maux et rev\u00eatements pour l&#039;industrie, la maison, les loisirs\" \/>\n<meta name=\"twitter:card\" content=\"summary_large_image\" \/>\n<meta name=\"twitter:label1\" content=\"Dur\u00e9e de lecture estim\u00e9e\" \/>\n\t<meta name=\"twitter:data1\" content=\"5 minutes\" \/>\n<script type=\"application\/ld+json\" class=\"yoast-schema-graph\">{\"@context\":\"https:\\\/\\\/schema.org\",\"@graph\":[{\"@type\":\"WebPage\",\"@id\":\"https:\\\/\\\/vivcolor.com\\\/fr\\\/politique-de-confidentialite\\\/\",\"url\":\"https:\\\/\\\/vivcolor.com\\\/fr\\\/politique-de-confidentialite\\\/\",\"name\":\"Politique de confidentialit\u00e9 - Peintures, \u00e9maux et rev\u00eatements pour l'industrie, la maison, les loisirs\",\"isPartOf\":{\"@id\":\"https:\\\/\\\/vivcolor.com\\\/fr\\\/#website\"},\"datePublished\":\"2022-08-30T13:21:27+00:00\",\"description\":\"Viv Color, Entra nel sito e contattaci per informazioni, servizio customer care sempre attivo.\",\"breadcrumb\":{\"@id\":\"https:\\\/\\\/vivcolor.com\\\/fr\\\/politique-de-confidentialite\\\/#breadcrumb\"},\"inLanguage\":\"fr-FR\",\"potentialAction\":[{\"@type\":\"ReadAction\",\"target\":[\"https:\\\/\\\/vivcolor.com\\\/fr\\\/politique-de-confidentialite\\\/\"]}]},{\"@type\":\"BreadcrumbList\",\"@id\":\"https:\\\/\\\/vivcolor.com\\\/fr\\\/politique-de-confidentialite\\\/#breadcrumb\",\"itemListElement\":[{\"@type\":\"ListItem\",\"position\":1,\"name\":\"Home\",\"item\":\"https:\\\/\\\/vivcolor.com\\\/fr\\\/\"},{\"@type\":\"ListItem\",\"position\":2,\"name\":\"Politique de confidentialit\u00e9\"}]},{\"@type\":\"WebSite\",\"@id\":\"https:\\\/\\\/vivcolor.com\\\/fr\\\/#website\",\"url\":\"https:\\\/\\\/vivcolor.com\\\/fr\\\/\",\"name\":\"Peintures, \u00e9maux et rev\u00eatements pour l'industrie, la maison, les loisirs\",\"description\":\"Vivcolor - Verona\",\"publisher\":{\"@id\":\"https:\\\/\\\/vivcolor.com\\\/fr\\\/#organization\"},\"potentialAction\":[{\"@type\":\"SearchAction\",\"target\":{\"@type\":\"EntryPoint\",\"urlTemplate\":\"https:\\\/\\\/vivcolor.com\\\/fr\\\/?s={search_term_string}\"},\"query-input\":{\"@type\":\"PropertyValueSpecification\",\"valueRequired\":true,\"valueName\":\"search_term_string\"}}],\"inLanguage\":\"fr-FR\"},{\"@type\":\"Organization\",\"@id\":\"https:\\\/\\\/vivcolor.com\\\/fr\\\/#organization\",\"name\":\"Vivcolor Vernici e Pitture e Rivestimenti industriali\",\"url\":\"https:\\\/\\\/vivcolor.com\\\/fr\\\/\",\"logo\":{\"@type\":\"ImageObject\",\"inLanguage\":\"fr-FR\",\"@id\":\"https:\\\/\\\/vivcolor.com\\\/fr\\\/#\\\/schema\\\/logo\\\/image\\\/\",\"url\":\"https:\\\/\\\/vivcolor.com\\\/wp-content\\\/uploads\\\/2021\\\/06\\\/logov2_web.png\",\"contentUrl\":\"https:\\\/\\\/vivcolor.com\\\/wp-content\\\/uploads\\\/2021\\\/06\\\/logov2_web.png\",\"width\":400,\"height\":168,\"caption\":\"Vivcolor Vernici e Pitture e Rivestimenti industriali\"},\"image\":{\"@id\":\"https:\\\/\\\/vivcolor.com\\\/fr\\\/#\\\/schema\\\/logo\\\/image\\\/\"}}]}<\/script>\n<!-- \/ Yoast SEO plugin. -->","yoast_head_json":{"title":"Politique de confidentialit\u00e9 - Peintures, \u00e9maux et rev\u00eatements pour l'industrie, la maison, les loisirs","description":"Viv Color, Entra nel sito e contattaci per informazioni, servizio customer care sempre attivo.","robots":{"index":"noindex","follow":"nofollow"},"og_locale":"fr_FR","og_type":"article","og_title":"Politique de confidentialit\u00e9 - Peintures, \u00e9maux et rev\u00eatements pour l'industrie, la maison, les loisirs","og_description":"Viv Color, Entra nel sito e contattaci per informazioni, servizio customer care sempre attivo.","og_url":"https:\/\/vivcolor.com\/fr\/politique-de-confidentialite\/","og_site_name":"Peintures, \u00e9maux et rev\u00eatements pour l'industrie, la maison, les loisirs","twitter_card":"summary_large_image","twitter_misc":{"Dur\u00e9e de lecture estim\u00e9e":"5 minutes"},"schema":{"@context":"https:\/\/schema.org","@graph":[{"@type":"WebPage","@id":"https:\/\/vivcolor.com\/fr\/politique-de-confidentialite\/","url":"https:\/\/vivcolor.com\/fr\/politique-de-confidentialite\/","name":"Politique de confidentialit\u00e9 - Peintures, \u00e9maux et rev\u00eatements pour l'industrie, la maison, les loisirs","isPartOf":{"@id":"https:\/\/vivcolor.com\/fr\/#website"},"datePublished":"2022-08-30T13:21:27+00:00","description":"Viv Color, Entra nel sito e contattaci per informazioni, servizio customer care sempre attivo.","breadcrumb":{"@id":"https:\/\/vivcolor.com\/fr\/politique-de-confidentialite\/#breadcrumb"},"inLanguage":"fr-FR","potentialAction":[{"@type":"ReadAction","target":["https:\/\/vivcolor.com\/fr\/politique-de-confidentialite\/"]}]},{"@type":"BreadcrumbList","@id":"https:\/\/vivcolor.com\/fr\/politique-de-confidentialite\/#breadcrumb","itemListElement":[{"@type":"ListItem","position":1,"name":"Home","item":"https:\/\/vivcolor.com\/fr\/"},{"@type":"ListItem","position":2,"name":"Politique de confidentialit\u00e9"}]},{"@type":"WebSite","@id":"https:\/\/vivcolor.com\/fr\/#website","url":"https:\/\/vivcolor.com\/fr\/","name":"Peintures, \u00e9maux et rev\u00eatements pour l'industrie, la maison, les loisirs","description":"Vivcolor - Verona","publisher":{"@id":"https:\/\/vivcolor.com\/fr\/#organization"},"potentialAction":[{"@type":"SearchAction","target":{"@type":"EntryPoint","urlTemplate":"https:\/\/vivcolor.com\/fr\/?s={search_term_string}"},"query-input":{"@type":"PropertyValueSpecification","valueRequired":true,"valueName":"search_term_string"}}],"inLanguage":"fr-FR"},{"@type":"Organization","@id":"https:\/\/vivcolor.com\/fr\/#organization","name":"Vivcolor Vernici e Pitture e Rivestimenti industriali","url":"https:\/\/vivcolor.com\/fr\/","logo":{"@type":"ImageObject","inLanguage":"fr-FR","@id":"https:\/\/vivcolor.com\/fr\/#\/schema\/logo\/image\/","url":"https:\/\/vivcolor.com\/wp-content\/uploads\/2021\/06\/logov2_web.png","contentUrl":"https:\/\/vivcolor.com\/wp-content\/uploads\/2021\/06\/logov2_web.png","width":400,"height":168,"caption":"Vivcolor Vernici e Pitture e Rivestimenti industriali"},"image":{"@id":"https:\/\/vivcolor.com\/fr\/#\/schema\/logo\/image\/"}}]}},"_links":{"self":[{"href":"https:\/\/vivcolor.com\/fr\/wp-json\/wp\/v2\/pages\/14385","targetHints":{"allow":["GET"]}}],"collection":[{"href":"https:\/\/vivcolor.com\/fr\/wp-json\/wp\/v2\/pages"}],"about":[{"href":"https:\/\/vivcolor.com\/fr\/wp-json\/wp\/v2\/types\/page"}],"author":[{"embeddable":true,"href":"https:\/\/vivcolor.com\/fr\/wp-json\/wp\/v2\/users\/3"}],"replies":[{"embeddable":true,"href":"https:\/\/vivcolor.com\/fr\/wp-json\/wp\/v2\/comments?post=14385"}],"version-history":[{"count":0,"href":"https:\/\/vivcolor.com\/fr\/wp-json\/wp\/v2\/pages\/14385\/revisions"}],"wp:attachment":[{"href":"https:\/\/vivcolor.com\/fr\/wp-json\/wp\/v2\/media?parent=14385"}],"curies":[{"name":"wp","href":"https:\/\/api.w.org\/{rel}","templated":true}]}}