{"id":14382,"date":"2022-08-30T13:21:26","date_gmt":"2022-08-30T13:21:26","guid":{"rendered":"https:\/\/vivcolor.com\/entreprise\/politique-de-qualite\/"},"modified":"2025-10-17T13:35:52","modified_gmt":"2025-10-17T13:35:52","slug":"politique-de-qualite","status":"publish","type":"page","link":"https:\/\/vivcolor.com\/fr\/entreprise\/politique-de-qualite\/","title":{"rendered":"Politique de qualit\u00e9"},"content":{"rendered":"<div class=\"wpb-content-wrapper\"><p>[vc_row][vc_column width=\u00a0\u00bb2\/3&Prime;][vc_column_text]Soci\u00e9t\u00e9 op\u00e9rant dans le secteur des peintures et des vernis, Vivcolor Srl estime que la qualit\u00e9 de ses produits et ses services est le principal outil pour poursuivre, atteindre et am\u00e9liorer la satisfaction du client.<br \/>\nLa satisfaction de nos clients est un gage de croissance et de d\u00e9veloppement. Cet objectif ne peut \u00eatre atteint que par un personnel impliqu\u00e9, motiv\u00e9 et responsabilis\u00e9.<br \/>\nPour mettre en \u0153uvre la politique de qualit\u00e9, la direction se propose d&rsquo;atteindre les objectifs suivants :<\/p>\n<ul>\n<li>Cr\u00e9er une structure stable organis\u00e9e par des processus,<\/li>\n<li>Mettre en \u0153uvre le syst\u00e8me de gestion de la qualit\u00e9 conform\u00e9ment \u00e0 la norme ISO 90012015, reconnue en Europe et dans le monde,<\/li>\n<li>Orienter l&rsquo;entreprise vers la capacit\u00e9 \u00e0 r\u00e9pondre aux exigences des clients en termes de qualit\u00e9, de fiabilit\u00e9, de pr\u00e9cision et de ponctualit\u00e9 du service,<\/li>\n<li>Cr\u00e9er des canaux efficaces de communication et d&rsquo;\u00e9change d&rsquo;informations avec le client sur le produit fourni,<\/li>\n<li>Cr\u00e9er des canaux de communication efficaces entre les organismes de l&rsquo;entreprise, une condition pr\u00e9alable \u00e0 une meilleure prise de conscience du r\u00f4le de chacun et de l&rsquo;importance du travail de ses collaborateurs,<\/li>\n<li>Sensibiliser le personnel et diffuser la culture de la qualit\u00e9 \u00e0 tous les niveaux de l&rsquo;entreprise par la formation, l&rsquo;information et l&rsquo;engagement, afin d&rsquo;obtenir une plus grande comp\u00e9tence et autonomie de chaque personne dans l&rsquo;organisation,<\/li>\n<li>Impliquer de plus en plus ses fournisseurs en les recherchant comme partenaires pour l&rsquo;am\u00e9lioration continue des processus,<\/li>\n<li>S&rsquo;efforcer constamment d&rsquo;innover en mati\u00e8re de produits et de services et d&rsquo;optimiser ses processus internes,<\/li>\n<li>Maintenir un engagement constant dans la recherche de nouveaux march\u00e9s pour promouvoir la marque Vivcolor Srl au niveau national\/international,<\/li>\n<li>Respecter les lois et r\u00e8glements obligatoires, les politiques de l&rsquo;entreprise et les codes de bonnes pratiques,<\/li>\n<li>Faire de l&rsquo;am\u00e9lioration continue l&rsquo;outil essentiel pour accro\u00eetre la performance des processus internes et la comp\u00e9titivit\u00e9 de l&rsquo;entreprise.<\/li>\n<\/ul>\n<p>Ces objectifs ne peuvent \u00eatre r\u00e9alis\u00e9s qu&rsquo;avec l&rsquo;engagement total de chacun d&rsquo;entre nous.<\/p>\n<p>[\/vc_column_text][\/vc_column][vc_column width=\u00a0\u00bb1\/3&Prime;]<div class=\"eut-element eut-image eut-align-center\" style=\"\"><a href=\"https:\/\/vivcolor.com\/wp-content\/uploads\/2025\/10\/politica-della-qualita-.pdf\" target=\"_blank\"><img loading=\"lazy\" decoding=\"async\" width=\"1809\" height=\"2560\" src=\"https:\/\/vivcolor.com\/wp-content\/uploads\/2025\/10\/politica-della-qualita-2025-2-scaled.jpg\" class=\"attachment-full size-full\" alt=\"politica della qualita\u0300 2025\" srcset=\"https:\/\/vivcolor.com\/wp-content\/uploads\/2025\/10\/politica-della-qualita-2025-2-scaled.jpg 1809w, https:\/\/vivcolor.com\/wp-content\/uploads\/2025\/10\/politica-della-qualita-2025-2-212x300.jpg 212w, https:\/\/vivcolor.com\/wp-content\/uploads\/2025\/10\/politica-della-qualita-2025-2-724x1024.jpg 724w, https:\/\/vivcolor.com\/wp-content\/uploads\/2025\/10\/politica-della-qualita-2025-2-768x1087.jpg 768w, https:\/\/vivcolor.com\/wp-content\/uploads\/2025\/10\/politica-della-qualita-2025-2-1085x1536.jpg 1085w, https:\/\/vivcolor.com\/wp-content\/uploads\/2025\/10\/politica-della-qualita-2025-2-1447x2048.jpg 1447w, https:\/\/vivcolor.com\/wp-content\/uploads\/2025\/10\/politica-della-qualita-2025-2-1357x1920.jpg 1357w, https:\/\/vivcolor.com\/wp-content\/uploads\/2025\/10\/politica-della-qualita-2025-2-300x425.jpg 300w, https:\/\/vivcolor.com\/wp-content\/uploads\/2025\/10\/politica-della-qualita-2025-2-350x495.jpg 350w, https:\/\/vivcolor.com\/wp-content\/uploads\/2025\/10\/politica-della-qualita-2025-2-64x91.jpg 64w\" sizes=\"auto, (max-width: 1809px) 100vw, 1809px\" \/><\/a><\/div>[vc_column_text]Cliquez sur l\u2019image pour t\u00e9l\u00e9charger le document[\/vc_column_text][\/vc_column][\/vc_row]<\/p>\n<\/div>","protected":false},"excerpt":{"rendered":"<p>[vc_row][vc_column width=\u00a0\u00bb2\/3&Prime;][vc_column_text]Soci\u00e9t\u00e9 op\u00e9rant dans le secteur des peintures et des vernis, Vivcolor Srl estime que la qualit\u00e9 de ses produits et ses services est le principal outil pour poursuivre, atteindre et am\u00e9liorer la satisfaction du client. La satisfaction de nos clients est un gage de croissance et de d\u00e9veloppement. Cet objectif ne peut \u00eatre atteint [&hellip;]<\/p>\n","protected":false},"author":3,"featured_media":0,"parent":14221,"menu_order":30,"comment_status":"closed","ping_status":"closed","template":"","meta":{"footnotes":""},"class_list":["post-14382","page","type-page","status-publish","hentry"],"yoast_head":"<!-- This site is optimized with the Yoast SEO plugin v27.3 - https:\/\/yoast.com\/product\/yoast-seo-wordpress\/ -->\n<title>Politique de qualit\u00e9 - Peintures, \u00e9maux et rev\u00eatements pour l&#039;industrie, la maison, les loisirs<\/title>\n<meta name=\"description\" content=\"Viv Color, Entra nel sito e contattaci per informazioni, servizio customer care sempre attivo.\" \/>\n<meta name=\"robots\" content=\"index, follow, max-snippet:-1, max-image-preview:large, max-video-preview:-1\" \/>\n<link rel=\"canonical\" href=\"https:\/\/vivcolor.com\/fr\/entreprise\/politique-de-qualite\/\" \/>\n<meta property=\"og:locale\" content=\"fr_FR\" \/>\n<meta property=\"og:type\" content=\"article\" \/>\n<meta property=\"og:title\" content=\"Politique de qualit\u00e9 - Peintures, \u00e9maux et rev\u00eatements pour l&#039;industrie, la maison, les loisirs\" \/>\n<meta property=\"og:description\" content=\"Viv Color, Entra nel sito e contattaci per informazioni, servizio customer care sempre attivo.\" \/>\n<meta property=\"og:url\" content=\"https:\/\/vivcolor.com\/fr\/entreprise\/politique-de-qualite\/\" \/>\n<meta property=\"og:site_name\" content=\"Peintures, \u00e9maux et rev\u00eatements pour l&#039;industrie, la maison, les loisirs\" \/>\n<meta property=\"article:modified_time\" content=\"2025-10-17T13:35:52+00:00\" \/>\n<meta name=\"twitter:card\" content=\"summary_large_image\" \/>\n<meta name=\"twitter:label1\" content=\"Dur\u00e9e de lecture estim\u00e9e\" \/>\n\t<meta name=\"twitter:data1\" content=\"2 minutes\" \/>\n<script type=\"application\/ld+json\" class=\"yoast-schema-graph\">{\"@context\":\"https:\\\/\\\/schema.org\",\"@graph\":[{\"@type\":\"WebPage\",\"@id\":\"https:\\\/\\\/vivcolor.com\\\/fr\\\/entreprise\\\/politique-de-qualite\\\/\",\"url\":\"https:\\\/\\\/vivcolor.com\\\/fr\\\/entreprise\\\/politique-de-qualite\\\/\",\"name\":\"Politique de qualit\u00e9 - Peintures, \u00e9maux et rev\u00eatements pour l'industrie, la maison, les loisirs\",\"isPartOf\":{\"@id\":\"https:\\\/\\\/vivcolor.com\\\/fr\\\/#website\"},\"datePublished\":\"2022-08-30T13:21:26+00:00\",\"dateModified\":\"2025-10-17T13:35:52+00:00\",\"description\":\"Viv Color, Entra nel sito e contattaci per informazioni, servizio customer care sempre attivo.\",\"breadcrumb\":{\"@id\":\"https:\\\/\\\/vivcolor.com\\\/fr\\\/entreprise\\\/politique-de-qualite\\\/#breadcrumb\"},\"inLanguage\":\"fr-FR\",\"potentialAction\":[{\"@type\":\"ReadAction\",\"target\":[\"https:\\\/\\\/vivcolor.com\\\/fr\\\/entreprise\\\/politique-de-qualite\\\/\"]}]},{\"@type\":\"BreadcrumbList\",\"@id\":\"https:\\\/\\\/vivcolor.com\\\/fr\\\/entreprise\\\/politique-de-qualite\\\/#breadcrumb\",\"itemListElement\":[{\"@type\":\"ListItem\",\"position\":1,\"name\":\"Home\",\"item\":\"https:\\\/\\\/vivcolor.com\\\/fr\\\/\"},{\"@type\":\"ListItem\",\"position\":2,\"name\":\"Entreprise\",\"item\":\"https:\\\/\\\/vivcolor.com\\\/fr\\\/azienda\\\/\"},{\"@type\":\"ListItem\",\"position\":3,\"name\":\"Politique de qualit\u00e9\"}]},{\"@type\":\"WebSite\",\"@id\":\"https:\\\/\\\/vivcolor.com\\\/fr\\\/#website\",\"url\":\"https:\\\/\\\/vivcolor.com\\\/fr\\\/\",\"name\":\"Peintures, \u00e9maux et rev\u00eatements pour l'industrie, la maison, les loisirs\",\"description\":\"Vivcolor - Verona\",\"publisher\":{\"@id\":\"https:\\\/\\\/vivcolor.com\\\/fr\\\/#organization\"},\"potentialAction\":[{\"@type\":\"SearchAction\",\"target\":{\"@type\":\"EntryPoint\",\"urlTemplate\":\"https:\\\/\\\/vivcolor.com\\\/fr\\\/?s={search_term_string}\"},\"query-input\":{\"@type\":\"PropertyValueSpecification\",\"valueRequired\":true,\"valueName\":\"search_term_string\"}}],\"inLanguage\":\"fr-FR\"},{\"@type\":\"Organization\",\"@id\":\"https:\\\/\\\/vivcolor.com\\\/fr\\\/#organization\",\"name\":\"Vivcolor Vernici e Pitture e Rivestimenti industriali\",\"url\":\"https:\\\/\\\/vivcolor.com\\\/fr\\\/\",\"logo\":{\"@type\":\"ImageObject\",\"inLanguage\":\"fr-FR\",\"@id\":\"https:\\\/\\\/vivcolor.com\\\/fr\\\/#\\\/schema\\\/logo\\\/image\\\/\",\"url\":\"https:\\\/\\\/vivcolor.com\\\/wp-content\\\/uploads\\\/2021\\\/06\\\/logov2_web.png\",\"contentUrl\":\"https:\\\/\\\/vivcolor.com\\\/wp-content\\\/uploads\\\/2021\\\/06\\\/logov2_web.png\",\"width\":400,\"height\":168,\"caption\":\"Vivcolor Vernici e Pitture e Rivestimenti industriali\"},\"image\":{\"@id\":\"https:\\\/\\\/vivcolor.com\\\/fr\\\/#\\\/schema\\\/logo\\\/image\\\/\"}}]}<\/script>\n<!-- \/ Yoast SEO plugin. -->","yoast_head_json":{"title":"Politique de qualit\u00e9 - Peintures, \u00e9maux et rev\u00eatements pour l'industrie, la maison, les loisirs","description":"Viv Color, Entra nel sito e contattaci per informazioni, servizio customer care sempre attivo.","robots":{"index":"index","follow":"follow","max-snippet":"max-snippet:-1","max-image-preview":"max-image-preview:large","max-video-preview":"max-video-preview:-1"},"canonical":"https:\/\/vivcolor.com\/fr\/entreprise\/politique-de-qualite\/","og_locale":"fr_FR","og_type":"article","og_title":"Politique de qualit\u00e9 - Peintures, \u00e9maux et rev\u00eatements pour l'industrie, la maison, les loisirs","og_description":"Viv Color, Entra nel sito e contattaci per informazioni, servizio customer care sempre attivo.","og_url":"https:\/\/vivcolor.com\/fr\/entreprise\/politique-de-qualite\/","og_site_name":"Peintures, \u00e9maux et rev\u00eatements pour l'industrie, la maison, les loisirs","article_modified_time":"2025-10-17T13:35:52+00:00","twitter_card":"summary_large_image","twitter_misc":{"Dur\u00e9e de lecture estim\u00e9e":"2 minutes"},"schema":{"@context":"https:\/\/schema.org","@graph":[{"@type":"WebPage","@id":"https:\/\/vivcolor.com\/fr\/entreprise\/politique-de-qualite\/","url":"https:\/\/vivcolor.com\/fr\/entreprise\/politique-de-qualite\/","name":"Politique de qualit\u00e9 - Peintures, \u00e9maux et rev\u00eatements pour l'industrie, la maison, les loisirs","isPartOf":{"@id":"https:\/\/vivcolor.com\/fr\/#website"},"datePublished":"2022-08-30T13:21:26+00:00","dateModified":"2025-10-17T13:35:52+00:00","description":"Viv Color, Entra nel sito e contattaci per informazioni, servizio customer care sempre attivo.","breadcrumb":{"@id":"https:\/\/vivcolor.com\/fr\/entreprise\/politique-de-qualite\/#breadcrumb"},"inLanguage":"fr-FR","potentialAction":[{"@type":"ReadAction","target":["https:\/\/vivcolor.com\/fr\/entreprise\/politique-de-qualite\/"]}]},{"@type":"BreadcrumbList","@id":"https:\/\/vivcolor.com\/fr\/entreprise\/politique-de-qualite\/#breadcrumb","itemListElement":[{"@type":"ListItem","position":1,"name":"Home","item":"https:\/\/vivcolor.com\/fr\/"},{"@type":"ListItem","position":2,"name":"Entreprise","item":"https:\/\/vivcolor.com\/fr\/azienda\/"},{"@type":"ListItem","position":3,"name":"Politique de qualit\u00e9"}]},{"@type":"WebSite","@id":"https:\/\/vivcolor.com\/fr\/#website","url":"https:\/\/vivcolor.com\/fr\/","name":"Peintures, \u00e9maux et rev\u00eatements pour l'industrie, la maison, les loisirs","description":"Vivcolor - Verona","publisher":{"@id":"https:\/\/vivcolor.com\/fr\/#organization"},"potentialAction":[{"@type":"SearchAction","target":{"@type":"EntryPoint","urlTemplate":"https:\/\/vivcolor.com\/fr\/?s={search_term_string}"},"query-input":{"@type":"PropertyValueSpecification","valueRequired":true,"valueName":"search_term_string"}}],"inLanguage":"fr-FR"},{"@type":"Organization","@id":"https:\/\/vivcolor.com\/fr\/#organization","name":"Vivcolor Vernici e Pitture e Rivestimenti industriali","url":"https:\/\/vivcolor.com\/fr\/","logo":{"@type":"ImageObject","inLanguage":"fr-FR","@id":"https:\/\/vivcolor.com\/fr\/#\/schema\/logo\/image\/","url":"https:\/\/vivcolor.com\/wp-content\/uploads\/2021\/06\/logov2_web.png","contentUrl":"https:\/\/vivcolor.com\/wp-content\/uploads\/2021\/06\/logov2_web.png","width":400,"height":168,"caption":"Vivcolor Vernici e Pitture e Rivestimenti industriali"},"image":{"@id":"https:\/\/vivcolor.com\/fr\/#\/schema\/logo\/image\/"}}]}},"_links":{"self":[{"href":"https:\/\/vivcolor.com\/fr\/wp-json\/wp\/v2\/pages\/14382","targetHints":{"allow":["GET"]}}],"collection":[{"href":"https:\/\/vivcolor.com\/fr\/wp-json\/wp\/v2\/pages"}],"about":[{"href":"https:\/\/vivcolor.com\/fr\/wp-json\/wp\/v2\/types\/page"}],"author":[{"embeddable":true,"href":"https:\/\/vivcolor.com\/fr\/wp-json\/wp\/v2\/users\/3"}],"replies":[{"embeddable":true,"href":"https:\/\/vivcolor.com\/fr\/wp-json\/wp\/v2\/comments?post=14382"}],"version-history":[{"count":7,"href":"https:\/\/vivcolor.com\/fr\/wp-json\/wp\/v2\/pages\/14382\/revisions"}],"predecessor-version":[{"id":18685,"href":"https:\/\/vivcolor.com\/fr\/wp-json\/wp\/v2\/pages\/14382\/revisions\/18685"}],"up":[{"embeddable":true,"href":"https:\/\/vivcolor.com\/fr\/wp-json\/wp\/v2\/pages\/14221"}],"wp:attachment":[{"href":"https:\/\/vivcolor.com\/fr\/wp-json\/wp\/v2\/media?parent=14382"}],"curies":[{"name":"wp","href":"https:\/\/api.w.org\/{rel}","templated":true}]}}