{"id":14221,"date":"2022-07-04T13:44:09","date_gmt":"2022-07-04T13:44:09","guid":{"rendered":"https:\/\/vivcolor.com\/entreprise\/"},"modified":"2022-09-12T17:19:20","modified_gmt":"2022-09-12T17:19:20","slug":"entreprise","status":"publish","type":"page","link":"https:\/\/vivcolor.com\/fr\/entreprise\/","title":{"rendered":"Entreprise"},"content":{"rendered":"<div class=\"wpb-content-wrapper\"><p>[vc_row header_feature=\u00a0\u00bbyes\u00a0\u00bb padding_top=\u00a0\u00bb150&Prime; padding_bottom=\u00a0\u00bb150&Prime; margin_bottom=\u00a0\u00bb0&Prime;][vc_column width=\u00a0\u00bb1\/2&Prime;]<h4 class=\"eut-element eut-align-left eut-title-no-line\" style=\"margin-bottom: 24px;\"><span>Notre histoire<\/span><\/h4>[vc_column_text]<\/p>\n<h3><span class=\"bodytextgary02\"><strong>1961<\/strong><\/span><\/h3>\n<p><span class=\"bodytextgary02\">Naissance de Vivcolor. L\u2019entreprise s\u2019impose \u00e0 l\u2019attention du march\u00e9 avec des solvants et des diluants d\u2019un niveau sup\u00e9rieur.<\/span><\/p>\n<h3><span class=\"bodytextgary02\"><strong>1975<\/strong><\/span><\/h3>\n<p><span class=\"bodytextgary02\">La production de solvants est compl\u00e9t\u00e9e par les peintures, fabriqu\u00e9es \u00e0 l&rsquo;aide des technologies les plus modernes de l&rsquo;\u00e9poque. Un an apr\u00e8s l\u2019autre, Vivcolor capitalise sur son exp\u00e9rience : des produits d\u2019excellence et une gamme compl\u00e8te sont des incontournables sur la voie de l\u2019innovation.<\/span><\/p>\n<h3><span class=\"bodytextgary02\"><strong>Au pr\u00e9sent et au futur<\/strong><\/span><\/h3>\n<p><span class=\"bodytextgary02\">Vivcolor est le point de rep\u00e8re pour les ateliers de peinture, les fonderies, les tanneries, les fabricants de chaussures, les drogueries, les usines de meubles, les carrosseries industrielles et tous ceux qui recherchent un partenaire pour chaque nuance.<\/span>[\/vc_column_text]<h4 class=\"eut-element eut-typed-text eut-align-left\" style=\"\">    <span class=\"eut-typed-text-prefix\"> Vivcolor est...<\/span>    <span class=\"eut-animated-text eut-color-primary-1\">    \t<span id=\"eut-typed-item-69d40b977e2c9\"><\/span>    <\/span>    <span class=\"eut-typed-text-suffix\"> <\/span><script type=\"text\/javascript\">\r\n\t\t\t\tjQuery(function($){ $(\"#eut-typed-item-69d40b977e2c9\").typed({\r\n\t\t\t\t\tstrings: [\"Innovation\",\"Produits Certifi\u00e9s\",\"Personnalisation\",\"Conseil et Assistance\"],\r\n\t\t\t\t\ttypeSpeed: 0,\r\n\t\t\t\t\tbackSpeed: 0,\r\n\t\t\t\t\tstartDelay: 0,\r\n\t\t\t\t\tbackDelay: 500,\r\n\t\t\t\t\tloop: true,\r\n\t\t\t\t\tloopCount: false,\r\n\t\t\t\t\tshowCursor: true,\r\n\t\t\t\t\tcursorChar: \"|\",\r\n\t\t\t\t\tattr: null\r\n\t\t\t\t});\r\n\t\t\t});\r\n\t\t<\/script><\/h4><div class=\"eut-element eut-align-left\"><a class=\"eut-btn eut-btn-large eut-square eut-bg-primary-1 eut-btn-line\" href=\"https:\/\/vivcolor.com\/wp-content\/uploads\/2020\/10\/BROCHURE_EST-1.pdf\" target=\"_blank\" style=\"\"><span>T\u00c9L\u00c9CHARGER LA BROCHURE<\/span><\/a><\/div>[\/vc_column][vc_column width=\u00a0\u00bb1\/2&Prime;]<div class=\"eut-element eut-image eut-align-center\" style=\"\"><img loading=\"lazy\" decoding=\"async\" width=\"439\" height=\"720\" src=\"https:\/\/vivcolor.com\/wp-content\/uploads\/2020\/10\/vivcolor-4.jpg\" class=\"attachment-full size-full\" alt=\"vivcolor 4\" srcset=\"https:\/\/vivcolor.com\/wp-content\/uploads\/2020\/10\/vivcolor-4.jpg 439w, https:\/\/vivcolor.com\/wp-content\/uploads\/2020\/10\/vivcolor-4-300x492.jpg 300w, https:\/\/vivcolor.com\/wp-content\/uploads\/2020\/10\/vivcolor-4-350x574.jpg 350w, https:\/\/vivcolor.com\/wp-content\/uploads\/2020\/10\/vivcolor-4-183x300.jpg 183w\" sizes=\"auto, (max-width: 439px) 100vw, 439px\" \/><\/div>[\/vc_column][\/vc_row][vc_row heading_color=\u00a0\u00bblight\u00a0\u00bb bg_type=\u00a0\u00bbimage\u00a0\u00bb bg_image_type=\u00a0\u00bbparallax\u00a0\u00bb color_overlay=\u00a0\u00bbdark\u00a0\u00bb opacity_overlay=\u00a0\u00bb60&Prime; padding_top=\u00a0\u00bb120&Prime; padding_bottom=\u00a0\u00bb120&Prime; margin_bottom=\u00a0\u00bb0&Prime; font_color=\u00a0\u00bbrgba(255,255,255,0.4)\u00a0\u00bb][vc_column width=\u00a0\u00bb1\/3&Prime; tablet_sm_width=\u00a0\u00bb1&Prime;]<div class=\"eut-element eut-box-icon eut-align-left eut-medium eut-animated-item eut-fadeInUp\" style=\"\" data-delay=\"300\">  <div class=\"eut-wrapper-icon eut-no-shape eut-color-grey\"><i class=\"fa fa-phone eut-color-grey\"><\/i><\/div>  <div class=\"eut-box-content\">      <h5 class=\"eut-box-title\">ASSISTANCE COMPL\u00c8TE<\/h5>    <p class=\"\">Depuis 50 ans, Vivcolor est aux c\u00f4t\u00e9s de ses clients, offrant disponibilit\u00e9 et exp\u00e9rience.<\/p>  <\/div><\/div>[\/vc_column][vc_column width=\u00a0\u00bb1\/3&Prime; tablet_sm_width=\u00a0\u00bb1&Prime;]<div class=\"eut-element eut-box-icon eut-align-left eut-medium eut-animated-item eut-fadeInUp\" style=\"\" data-delay=\"600\">  <div class=\"eut-wrapper-icon eut-no-shape eut-color-grey\"><i class=\"fa fa-search eut-color-grey\"><\/i><\/div>  <div class=\"eut-box-content\">      <h5 class=\"eut-box-title\">RECHERCHE ET D\u00c9VELOPPEMENT<\/h5>    <p class=\"\">Nous avons toujours pens\u00e9 que la recherche et le d\u00e9veloppement sont les pierres angulaires de notre activit\u00e9.<\/p>  <\/div><\/div>[\/vc_column][vc_column width=\u00a0\u00bb1\/3&Prime; tablet_sm_width=\u00a0\u00bb1&Prime;]<div class=\"eut-element eut-box-icon eut-align-left eut-medium eut-animated-item eut-fadeInUp\" style=\"\" data-delay=\"900\">  <div class=\"eut-wrapper-icon eut-no-shape eut-color-grey\"><i class=\"vc_li vc_li-settings eut-color-grey\"><\/i><\/div>  <div class=\"eut-box-content\">      <h5 class=\"eut-box-title\">PERSONNALISATION DES PRODUITS<\/h5>    <p class=\"\">Vivcolor garantit l&rsquo;attention port\u00e9e aux d\u00e9tails et aux attentes de ses clients.<\/p>  <\/div><\/div>[\/vc_column][\/vc_row][vc_row section_type=\u00a0\u00bbfullwidth-element\u00a0\u00bb flex_height=\u00a0\u00bbyes\u00a0\u00bb middle_content=\u00a0\u00bbyes\u00a0\u00bb margin_bottom=\u00a0\u00bb0&Prime;][vc_column width=\u00a0\u00bb1\/2&Prime; tablet_sm_width=\u00a0\u00bb1&Prime; css=\u00a0\u00bb.vc_custom_1498463968765{background-position: center !important;background-repeat: no-repeat !important;background-size: cover !important;}\u00a0\u00bb]<div class=\"eut-element eut-carousel-wrapper\"  style=\" \"><div class=\"eut-slider eut-carousel-element \" data-slider-speed=\"3500\" data-slider-pause=\"no\" data-navigation-type=\"0\" data-slider-autoplay=\"yes\" data-slider-autoheight=\"yes\"><div class=\"eut-slider-item\"><figure><div class=\"eut-media\"><img loading=\"lazy\" decoding=\"async\" width=\"1920\" height=\"1280\" src=\"https:\/\/vivcolor.com\/wp-content\/uploads\/2020\/10\/vivcolor-pitture-smalti-e-rivestimenti-per-industria-casa-hobby-_dsf1558.jpg\" class=\"attachment-eut-image-fullscreen size-eut-image-fullscreen\" alt=\"vivcolor pitture smalti e rivestimenti per industria casa hobby  dsf1558\" srcset=\"https:\/\/vivcolor.com\/wp-content\/uploads\/2020\/10\/vivcolor-pitture-smalti-e-rivestimenti-per-industria-casa-hobby-_dsf1558.jpg 1920w, https:\/\/vivcolor.com\/wp-content\/uploads\/2020\/10\/vivcolor-pitture-smalti-e-rivestimenti-per-industria-casa-hobby-_dsf1558-300x200.jpg 300w, https:\/\/vivcolor.com\/wp-content\/uploads\/2020\/10\/vivcolor-pitture-smalti-e-rivestimenti-per-industria-casa-hobby-_dsf1558-350x233.jpg 350w, https:\/\/vivcolor.com\/wp-content\/uploads\/2020\/10\/vivcolor-pitture-smalti-e-rivestimenti-per-industria-casa-hobby-_dsf1558-1024x683.jpg 1024w, https:\/\/vivcolor.com\/wp-content\/uploads\/2020\/10\/vivcolor-pitture-smalti-e-rivestimenti-per-industria-casa-hobby-_dsf1558-768x512.jpg 768w, https:\/\/vivcolor.com\/wp-content\/uploads\/2020\/10\/vivcolor-pitture-smalti-e-rivestimenti-per-industria-casa-hobby-_dsf1558-1536x1024.jpg 1536w\" sizes=\"auto, (max-width: 1920px) 100vw, 1920px\" \/><\/div><\/figure><\/div><div class=\"eut-slider-item\"><figure><div class=\"eut-media\"><img loading=\"lazy\" decoding=\"async\" width=\"1920\" height=\"1280\" src=\"https:\/\/vivcolor.com\/wp-content\/uploads\/2020\/10\/vivcolor-pitture-smalti-e-rivestimenti-per-industria-casa-hobby-dscf0011.jpg\" class=\"attachment-eut-image-fullscreen size-eut-image-fullscreen\" alt=\"vivcolor pitture smalti e rivestimenti per industria casa hobby dscf0011\" srcset=\"https:\/\/vivcolor.com\/wp-content\/uploads\/2020\/10\/vivcolor-pitture-smalti-e-rivestimenti-per-industria-casa-hobby-dscf0011.jpg 1920w, https:\/\/vivcolor.com\/wp-content\/uploads\/2020\/10\/vivcolor-pitture-smalti-e-rivestimenti-per-industria-casa-hobby-dscf0011-300x200.jpg 300w, https:\/\/vivcolor.com\/wp-content\/uploads\/2020\/10\/vivcolor-pitture-smalti-e-rivestimenti-per-industria-casa-hobby-dscf0011-350x233.jpg 350w, https:\/\/vivcolor.com\/wp-content\/uploads\/2020\/10\/vivcolor-pitture-smalti-e-rivestimenti-per-industria-casa-hobby-dscf0011-1024x683.jpg 1024w, https:\/\/vivcolor.com\/wp-content\/uploads\/2020\/10\/vivcolor-pitture-smalti-e-rivestimenti-per-industria-casa-hobby-dscf0011-768x512.jpg 768w, https:\/\/vivcolor.com\/wp-content\/uploads\/2020\/10\/vivcolor-pitture-smalti-e-rivestimenti-per-industria-casa-hobby-dscf0011-1536x1024.jpg 1536w\" sizes=\"auto, (max-width: 1920px) 100vw, 1920px\" \/><\/div><\/figure><\/div><div class=\"eut-slider-item\"><figure><div class=\"eut-media\"><img loading=\"lazy\" decoding=\"async\" width=\"1920\" height=\"1280\" src=\"https:\/\/vivcolor.com\/wp-content\/uploads\/2020\/10\/vivcolor-pitture-smalti-e-rivestimenti-per-industria-casa-hobby-dscf0030.jpg\" class=\"attachment-eut-image-fullscreen size-eut-image-fullscreen\" alt=\"vivcolor pitture smalti e rivestimenti per industria casa hobby dscf0030\" srcset=\"https:\/\/vivcolor.com\/wp-content\/uploads\/2020\/10\/vivcolor-pitture-smalti-e-rivestimenti-per-industria-casa-hobby-dscf0030.jpg 1920w, https:\/\/vivcolor.com\/wp-content\/uploads\/2020\/10\/vivcolor-pitture-smalti-e-rivestimenti-per-industria-casa-hobby-dscf0030-300x200.jpg 300w, https:\/\/vivcolor.com\/wp-content\/uploads\/2020\/10\/vivcolor-pitture-smalti-e-rivestimenti-per-industria-casa-hobby-dscf0030-350x233.jpg 350w, https:\/\/vivcolor.com\/wp-content\/uploads\/2020\/10\/vivcolor-pitture-smalti-e-rivestimenti-per-industria-casa-hobby-dscf0030-1024x683.jpg 1024w, https:\/\/vivcolor.com\/wp-content\/uploads\/2020\/10\/vivcolor-pitture-smalti-e-rivestimenti-per-industria-casa-hobby-dscf0030-768x512.jpg 768w, https:\/\/vivcolor.com\/wp-content\/uploads\/2020\/10\/vivcolor-pitture-smalti-e-rivestimenti-per-industria-casa-hobby-dscf0030-1536x1024.jpg 1536w\" sizes=\"auto, (max-width: 1920px) 100vw, 1920px\" \/><\/div><\/figure><\/div><div class=\"eut-slider-item\"><figure><div class=\"eut-media\"><img loading=\"lazy\" decoding=\"async\" width=\"1920\" height=\"1280\" src=\"https:\/\/vivcolor.com\/wp-content\/uploads\/2020\/10\/vivcolor-pitture-smalti-e-rivestimenti-per-industria-casa-hobby-dscf0059.jpg\" class=\"attachment-eut-image-fullscreen size-eut-image-fullscreen\" alt=\"vivcolor pitture smalti e rivestimenti per industria casa hobby dscf0059\" srcset=\"https:\/\/vivcolor.com\/wp-content\/uploads\/2020\/10\/vivcolor-pitture-smalti-e-rivestimenti-per-industria-casa-hobby-dscf0059.jpg 1920w, https:\/\/vivcolor.com\/wp-content\/uploads\/2020\/10\/vivcolor-pitture-smalti-e-rivestimenti-per-industria-casa-hobby-dscf0059-300x200.jpg 300w, https:\/\/vivcolor.com\/wp-content\/uploads\/2020\/10\/vivcolor-pitture-smalti-e-rivestimenti-per-industria-casa-hobby-dscf0059-350x233.jpg 350w, https:\/\/vivcolor.com\/wp-content\/uploads\/2020\/10\/vivcolor-pitture-smalti-e-rivestimenti-per-industria-casa-hobby-dscf0059-1024x683.jpg 1024w, https:\/\/vivcolor.com\/wp-content\/uploads\/2020\/10\/vivcolor-pitture-smalti-e-rivestimenti-per-industria-casa-hobby-dscf0059-768x512.jpg 768w, https:\/\/vivcolor.com\/wp-content\/uploads\/2020\/10\/vivcolor-pitture-smalti-e-rivestimenti-per-industria-casa-hobby-dscf0059-1536x1024.jpg 1536w\" sizes=\"auto, (max-width: 1920px) 100vw, 1920px\" \/><\/div><\/figure><\/div><div class=\"eut-slider-item\"><figure><div class=\"eut-media\"><img loading=\"lazy\" decoding=\"async\" width=\"1920\" height=\"1280\" src=\"https:\/\/vivcolor.com\/wp-content\/uploads\/2020\/10\/vivcolor-pitture-smalti-e-rivestimenti-per-industria-casa-hobby-dscf0094.jpg\" class=\"attachment-eut-image-fullscreen size-eut-image-fullscreen\" alt=\"vivcolor pitture smalti e rivestimenti per industria casa hobby dscf0094\" srcset=\"https:\/\/vivcolor.com\/wp-content\/uploads\/2020\/10\/vivcolor-pitture-smalti-e-rivestimenti-per-industria-casa-hobby-dscf0094.jpg 1920w, https:\/\/vivcolor.com\/wp-content\/uploads\/2020\/10\/vivcolor-pitture-smalti-e-rivestimenti-per-industria-casa-hobby-dscf0094-300x200.jpg 300w, https:\/\/vivcolor.com\/wp-content\/uploads\/2020\/10\/vivcolor-pitture-smalti-e-rivestimenti-per-industria-casa-hobby-dscf0094-350x233.jpg 350w, https:\/\/vivcolor.com\/wp-content\/uploads\/2020\/10\/vivcolor-pitture-smalti-e-rivestimenti-per-industria-casa-hobby-dscf0094-1024x683.jpg 1024w, https:\/\/vivcolor.com\/wp-content\/uploads\/2020\/10\/vivcolor-pitture-smalti-e-rivestimenti-per-industria-casa-hobby-dscf0094-768x512.jpg 768w, https:\/\/vivcolor.com\/wp-content\/uploads\/2020\/10\/vivcolor-pitture-smalti-e-rivestimenti-per-industria-casa-hobby-dscf0094-1536x1024.jpg 1536w\" sizes=\"auto, (max-width: 1920px) 100vw, 1920px\" \/><\/div><\/figure><\/div><div class=\"eut-slider-item\"><figure><div class=\"eut-media\"><img loading=\"lazy\" decoding=\"async\" width=\"1920\" height=\"1280\" src=\"https:\/\/vivcolor.com\/wp-content\/uploads\/2020\/10\/vivcolor-pitture-smalti-e-rivestimenti-per-industria-casa-hobby-dscf1025.jpg\" class=\"attachment-eut-image-fullscreen size-eut-image-fullscreen\" alt=\"vivcolor pitture smalti e rivestimenti per industria casa hobby dscf1025\" srcset=\"https:\/\/vivcolor.com\/wp-content\/uploads\/2020\/10\/vivcolor-pitture-smalti-e-rivestimenti-per-industria-casa-hobby-dscf1025.jpg 1920w, https:\/\/vivcolor.com\/wp-content\/uploads\/2020\/10\/vivcolor-pitture-smalti-e-rivestimenti-per-industria-casa-hobby-dscf1025-300x200.jpg 300w, https:\/\/vivcolor.com\/wp-content\/uploads\/2020\/10\/vivcolor-pitture-smalti-e-rivestimenti-per-industria-casa-hobby-dscf1025-350x233.jpg 350w, https:\/\/vivcolor.com\/wp-content\/uploads\/2020\/10\/vivcolor-pitture-smalti-e-rivestimenti-per-industria-casa-hobby-dscf1025-1024x683.jpg 1024w, https:\/\/vivcolor.com\/wp-content\/uploads\/2020\/10\/vivcolor-pitture-smalti-e-rivestimenti-per-industria-casa-hobby-dscf1025-768x512.jpg 768w, https:\/\/vivcolor.com\/wp-content\/uploads\/2020\/10\/vivcolor-pitture-smalti-e-rivestimenti-per-industria-casa-hobby-dscf1025-1536x1024.jpg 1536w\" sizes=\"auto, (max-width: 1920px) 100vw, 1920px\" \/><\/div><\/figure><\/div>\t<\/div><\/div>[\/vc_column][vc_column width=\u00a0\u00bb1\/2&Prime; tablet_sm_width=\u00a0\u00bb1&Prime; css=\u00a0\u00bb.vc_custom_1438943013800{padding-top: 8% !important;padding-right: 8% !important;padding-bottom: 8% !important;padding-left: 8% !important;}\u00a0\u00bb]<div class=\"eut-element eut-image eut-animated-item eut-fadeInUp eut-align-center\" style=\"\" data-delay=\"400\"><img loading=\"lazy\" decoding=\"async\" width=\"300\" height=\"230\" src=\"https:\/\/vivcolor.com\/wp-content\/uploads\/2021\/06\/logov1_web-300x230.png\" class=\"attachment-medium size-medium\" alt=\"logov1 web\" srcset=\"https:\/\/vivcolor.com\/wp-content\/uploads\/2021\/06\/logov1_web-300x230.png 300w, https:\/\/vivcolor.com\/wp-content\/uploads\/2021\/06\/logov1_web-350x268.png 350w, https:\/\/vivcolor.com\/wp-content\/uploads\/2021\/06\/logov1_web-64x49.png 64w, https:\/\/vivcolor.com\/wp-content\/uploads\/2021\/06\/logov1_web.png 400w\" sizes=\"auto, (max-width: 300px) 100vw, 300px\" \/><\/div><div class=\"eut-element eut-slogan eut-align-center\" style=\"\"><h2 class=\"eut-slogan-title eut-align-center eut-title-no-line\"><span>Nous sommes votre point de rep\u00e8re<\/span><\/h2>  <p class=\"eut-leader-text\">Vivcolor est un interlocuteur de premier plan pour les ateliers de peinture, les fonderies, les tanneries, les fabricants de chaussures, les drogueries, les usines de meubles, les carrosseries industrielles et tous ceux qui recherchent un partenaire pour chaque nuance.<\/p><\/div>[\/vc_column][\/vc_row][vc_row section_type=\u00a0\u00bbfullwidth-element\u00a0\u00bb desktop_visibility=\u00a0\u00bbhide\u00a0\u00bb tablet_visibility=\u00a0\u00bbhide\u00a0\u00bb margin_bottom=\u00a0\u00bb0&Prime;][vc_column]<div class=\"eut-element eut-hr \" style=\"\"><div class=\"eut-line-divider\"><\/div><\/div>[\/vc_column][\/vc_row][vc_row heading_color=\u00a0\u00bblight\u00a0\u00bb bg_type=\u00a0\u00bbcolor\u00a0\u00bb footer_feature=\u00a0\u00bbyes\u00a0\u00bb bg_color=\u00a0\u00bb#fa4949&Prime; padding_top=\u00a0\u00bb70&Prime; padding_bottom=\u00a0\u00bb70&Prime;][vc_column]<div class=\"eut-element eut-callout eut-animated-item eut-fadeInUp eut-btn-right\" style=\"\">  <div class=\"eut-callout-wrapper\"><h3 class=\"eut-callout-content\">Nous sommes \u00e0 votre disposition pour toute clarification ou demande<\/h3>  <\/div>  <div class=\"eut-button-wrapper\"><a class=\"eut-btn eut-btn-medium eut-round eut-white-color eut-btn-line\" href=\"https:\/\/vivcolor.com\/fr\/contacts\/\" target=\"_self\" style=\"\"><span>Contactez-nous d\u00e8s maintenant<\/span><\/a>  <\/div><\/div>[\/vc_column][\/vc_row]<\/p>\n<\/div>","protected":false},"excerpt":{"rendered":"<p>[vc_row header_feature=\u00a0\u00bbyes\u00a0\u00bb padding_top=\u00a0\u00bb150&Prime; padding_bottom=\u00a0\u00bb150&Prime; margin_bottom=\u00a0\u00bb0&Prime;][vc_column width=\u00a0\u00bb1\/2&Prime;][vc_column_text] 1961 Naissance de Vivcolor. L\u2019entreprise s\u2019impose \u00e0 l\u2019attention du march\u00e9 avec des solvants et des diluants d\u2019un niveau sup\u00e9rieur. 1975 La production de solvants est compl\u00e9t\u00e9e par les peintures, fabriqu\u00e9es \u00e0 l&rsquo;aide des technologies les plus modernes de l&rsquo;\u00e9poque. Un an apr\u00e8s l\u2019autre, Vivcolor capitalise sur son exp\u00e9rience : [&hellip;]<\/p>\n","protected":false},"author":3,"featured_media":0,"parent":0,"menu_order":40,"comment_status":"closed","ping_status":"closed","template":"","meta":{"footnotes":""},"class_list":["post-14221","page","type-page","status-publish","hentry"],"yoast_head":"<!-- This site is optimized with the Yoast SEO plugin v27.3 - https:\/\/yoast.com\/product\/yoast-seo-wordpress\/ -->\n<title>Entreprise - Peintures, \u00e9maux et rev\u00eatements pour l&#039;industrie, la maison, les loisirs<\/title>\n<meta name=\"description\" content=\"Viv Color, Entra nel sito e contattaci per informazioni, servizio customer care sempre attivo.\" \/>\n<meta name=\"robots\" content=\"index, follow, max-snippet:-1, max-image-preview:large, max-video-preview:-1\" \/>\n<link rel=\"canonical\" href=\"https:\/\/vivcolor.com\/fr\/entreprise\/\" \/>\n<meta property=\"og:locale\" content=\"fr_FR\" \/>\n<meta property=\"og:type\" content=\"article\" \/>\n<meta property=\"og:title\" content=\"Entreprise - Peintures, \u00e9maux et rev\u00eatements pour l&#039;industrie, la maison, les loisirs\" \/>\n<meta property=\"og:description\" content=\"Viv Color, Entra nel sito e contattaci per informazioni, servizio customer care sempre attivo.\" \/>\n<meta property=\"og:url\" content=\"https:\/\/vivcolor.com\/fr\/entreprise\/\" \/>\n<meta property=\"og:site_name\" content=\"Peintures, \u00e9maux et rev\u00eatements pour l&#039;industrie, la maison, les loisirs\" \/>\n<meta property=\"article:modified_time\" content=\"2022-09-12T17:19:20+00:00\" \/>\n<meta name=\"twitter:card\" content=\"summary_large_image\" \/>\n<meta name=\"twitter:label1\" content=\"Dur\u00e9e de lecture estim\u00e9e\" \/>\n\t<meta name=\"twitter:data1\" content=\"3 minutes\" \/>\n<script type=\"application\/ld+json\" class=\"yoast-schema-graph\">{\"@context\":\"https:\\\/\\\/schema.org\",\"@graph\":[{\"@type\":\"WebPage\",\"@id\":\"https:\\\/\\\/vivcolor.com\\\/fr\\\/entreprise\\\/\",\"url\":\"https:\\\/\\\/vivcolor.com\\\/fr\\\/entreprise\\\/\",\"name\":\"Entreprise - Peintures, \u00e9maux et rev\u00eatements pour l'industrie, la maison, les loisirs\",\"isPartOf\":{\"@id\":\"https:\\\/\\\/vivcolor.com\\\/fr\\\/#website\"},\"datePublished\":\"2022-07-04T13:44:09+00:00\",\"dateModified\":\"2022-09-12T17:19:20+00:00\",\"description\":\"Viv Color, Entra nel sito e contattaci per informazioni, servizio customer care sempre attivo.\",\"breadcrumb\":{\"@id\":\"https:\\\/\\\/vivcolor.com\\\/fr\\\/entreprise\\\/#breadcrumb\"},\"inLanguage\":\"fr-FR\",\"potentialAction\":[{\"@type\":\"ReadAction\",\"target\":[\"https:\\\/\\\/vivcolor.com\\\/fr\\\/entreprise\\\/\"]}]},{\"@type\":\"BreadcrumbList\",\"@id\":\"https:\\\/\\\/vivcolor.com\\\/fr\\\/entreprise\\\/#breadcrumb\",\"itemListElement\":[{\"@type\":\"ListItem\",\"position\":1,\"name\":\"Home\",\"item\":\"https:\\\/\\\/vivcolor.com\\\/fr\\\/\"},{\"@type\":\"ListItem\",\"position\":2,\"name\":\"Entreprise\"}]},{\"@type\":\"WebSite\",\"@id\":\"https:\\\/\\\/vivcolor.com\\\/fr\\\/#website\",\"url\":\"https:\\\/\\\/vivcolor.com\\\/fr\\\/\",\"name\":\"Peintures, \u00e9maux et rev\u00eatements pour l'industrie, la maison, les loisirs\",\"description\":\"Vivcolor - Verona\",\"publisher\":{\"@id\":\"https:\\\/\\\/vivcolor.com\\\/fr\\\/#organization\"},\"potentialAction\":[{\"@type\":\"SearchAction\",\"target\":{\"@type\":\"EntryPoint\",\"urlTemplate\":\"https:\\\/\\\/vivcolor.com\\\/fr\\\/?s={search_term_string}\"},\"query-input\":{\"@type\":\"PropertyValueSpecification\",\"valueRequired\":true,\"valueName\":\"search_term_string\"}}],\"inLanguage\":\"fr-FR\"},{\"@type\":\"Organization\",\"@id\":\"https:\\\/\\\/vivcolor.com\\\/fr\\\/#organization\",\"name\":\"Vivcolor Vernici e Pitture e Rivestimenti industriali\",\"url\":\"https:\\\/\\\/vivcolor.com\\\/fr\\\/\",\"logo\":{\"@type\":\"ImageObject\",\"inLanguage\":\"fr-FR\",\"@id\":\"https:\\\/\\\/vivcolor.com\\\/fr\\\/#\\\/schema\\\/logo\\\/image\\\/\",\"url\":\"https:\\\/\\\/vivcolor.com\\\/wp-content\\\/uploads\\\/2021\\\/06\\\/logov2_web.png\",\"contentUrl\":\"https:\\\/\\\/vivcolor.com\\\/wp-content\\\/uploads\\\/2021\\\/06\\\/logov2_web.png\",\"width\":400,\"height\":168,\"caption\":\"Vivcolor Vernici e Pitture e Rivestimenti industriali\"},\"image\":{\"@id\":\"https:\\\/\\\/vivcolor.com\\\/fr\\\/#\\\/schema\\\/logo\\\/image\\\/\"}}]}<\/script>\n<!-- \/ Yoast SEO plugin. -->","yoast_head_json":{"title":"Entreprise - Peintures, \u00e9maux et rev\u00eatements pour l'industrie, la maison, les loisirs","description":"Viv Color, Entra nel sito e contattaci per informazioni, servizio customer care sempre attivo.","robots":{"index":"index","follow":"follow","max-snippet":"max-snippet:-1","max-image-preview":"max-image-preview:large","max-video-preview":"max-video-preview:-1"},"canonical":"https:\/\/vivcolor.com\/fr\/entreprise\/","og_locale":"fr_FR","og_type":"article","og_title":"Entreprise - Peintures, \u00e9maux et rev\u00eatements pour l'industrie, la maison, les loisirs","og_description":"Viv Color, Entra nel sito e contattaci per informazioni, servizio customer care sempre attivo.","og_url":"https:\/\/vivcolor.com\/fr\/entreprise\/","og_site_name":"Peintures, \u00e9maux et rev\u00eatements pour l'industrie, la maison, les loisirs","article_modified_time":"2022-09-12T17:19:20+00:00","twitter_card":"summary_large_image","twitter_misc":{"Dur\u00e9e de lecture estim\u00e9e":"3 minutes"},"schema":{"@context":"https:\/\/schema.org","@graph":[{"@type":"WebPage","@id":"https:\/\/vivcolor.com\/fr\/entreprise\/","url":"https:\/\/vivcolor.com\/fr\/entreprise\/","name":"Entreprise - Peintures, \u00e9maux et rev\u00eatements pour l'industrie, la maison, les loisirs","isPartOf":{"@id":"https:\/\/vivcolor.com\/fr\/#website"},"datePublished":"2022-07-04T13:44:09+00:00","dateModified":"2022-09-12T17:19:20+00:00","description":"Viv Color, Entra nel sito e contattaci per informazioni, servizio customer care sempre attivo.","breadcrumb":{"@id":"https:\/\/vivcolor.com\/fr\/entreprise\/#breadcrumb"},"inLanguage":"fr-FR","potentialAction":[{"@type":"ReadAction","target":["https:\/\/vivcolor.com\/fr\/entreprise\/"]}]},{"@type":"BreadcrumbList","@id":"https:\/\/vivcolor.com\/fr\/entreprise\/#breadcrumb","itemListElement":[{"@type":"ListItem","position":1,"name":"Home","item":"https:\/\/vivcolor.com\/fr\/"},{"@type":"ListItem","position":2,"name":"Entreprise"}]},{"@type":"WebSite","@id":"https:\/\/vivcolor.com\/fr\/#website","url":"https:\/\/vivcolor.com\/fr\/","name":"Peintures, \u00e9maux et rev\u00eatements pour l'industrie, la maison, les loisirs","description":"Vivcolor - Verona","publisher":{"@id":"https:\/\/vivcolor.com\/fr\/#organization"},"potentialAction":[{"@type":"SearchAction","target":{"@type":"EntryPoint","urlTemplate":"https:\/\/vivcolor.com\/fr\/?s={search_term_string}"},"query-input":{"@type":"PropertyValueSpecification","valueRequired":true,"valueName":"search_term_string"}}],"inLanguage":"fr-FR"},{"@type":"Organization","@id":"https:\/\/vivcolor.com\/fr\/#organization","name":"Vivcolor Vernici e Pitture e Rivestimenti industriali","url":"https:\/\/vivcolor.com\/fr\/","logo":{"@type":"ImageObject","inLanguage":"fr-FR","@id":"https:\/\/vivcolor.com\/fr\/#\/schema\/logo\/image\/","url":"https:\/\/vivcolor.com\/wp-content\/uploads\/2021\/06\/logov2_web.png","contentUrl":"https:\/\/vivcolor.com\/wp-content\/uploads\/2021\/06\/logov2_web.png","width":400,"height":168,"caption":"Vivcolor Vernici e Pitture e Rivestimenti industriali"},"image":{"@id":"https:\/\/vivcolor.com\/fr\/#\/schema\/logo\/image\/"}}]}},"_links":{"self":[{"href":"https:\/\/vivcolor.com\/fr\/wp-json\/wp\/v2\/pages\/14221","targetHints":{"allow":["GET"]}}],"collection":[{"href":"https:\/\/vivcolor.com\/fr\/wp-json\/wp\/v2\/pages"}],"about":[{"href":"https:\/\/vivcolor.com\/fr\/wp-json\/wp\/v2\/types\/page"}],"author":[{"embeddable":true,"href":"https:\/\/vivcolor.com\/fr\/wp-json\/wp\/v2\/users\/3"}],"replies":[{"embeddable":true,"href":"https:\/\/vivcolor.com\/fr\/wp-json\/wp\/v2\/comments?post=14221"}],"version-history":[{"count":5,"href":"https:\/\/vivcolor.com\/fr\/wp-json\/wp\/v2\/pages\/14221\/revisions"}],"predecessor-version":[{"id":14303,"href":"https:\/\/vivcolor.com\/fr\/wp-json\/wp\/v2\/pages\/14221\/revisions\/14303"}],"wp:attachment":[{"href":"https:\/\/vivcolor.com\/fr\/wp-json\/wp\/v2\/media?parent=14221"}],"curies":[{"name":"wp","href":"https:\/\/api.w.org\/{rel}","templated":true}]}}