{"id":14217,"date":"2022-07-04T13:42:55","date_gmt":"2022-07-04T13:42:55","guid":{"rendered":"https:\/\/vivcolor.com\/services\/"},"modified":"2022-09-12T17:19:30","modified_gmt":"2022-09-12T17:19:30","slug":"services","status":"publish","type":"page","link":"https:\/\/vivcolor.com\/fr\/services\/","title":{"rendered":"Services"},"content":{"rendered":"<div class=\"wpb-content-wrapper\"><p>[vc_row heading_color=\u00a0\u00bbred\u00a0\u00bb bg_type=\u00a0\u00bbcolor\u00a0\u00bb header_feature=\u00a0\u00bbyes\u00a0\u00bb padding_top=\u00a0\u00bb20&Prime; padding_bottom=\u00a0\u00bb20&Prime; margin_bottom=\u00a0\u00bb0&Prime; section_id=\u00a0\u00bbanalytics\u00a0\u00bb font_color=\u00a0\u00bb#000000&Prime; bg_color=\u00a0\u00bb#dddddd\u00a0\u00bb][vc_column]<div class=\"eut-element eut-slogan eut-align-center\" style=\"\"><h2 class=\"eut-slogan-title eut-align-center eut-title-line\"><span>Donnez un tournant \u00e0 votre activit\u00e9<\/span><\/h2>  <p class=\"eut-leader-text\">Choisissez Vivcolor et augmentez la qualit\u00e9 de vos produits<\/p><\/div>[\/vc_column][\/vc_row][vc_row section_type=\u00a0\u00bbfullwidth-element\u00a0\u00bb bg_type=\u00a0\u00bbimage\u00a0\u00bb bg_image=\u00a0\u00bb8059&Prime; bg_image_type=\u00a0\u00bbparallax\u00a0\u00bb color_overlay=\u00a0\u00bblight\u00a0\u00bb padding_top=\u00a0\u00bb250&Prime; padding_bottom=\u00a0\u00bb250&Prime; margin_bottom=\u00a0\u00bb0&Prime;][vc_column][\/vc_column][\/vc_row][vc_row heading_color=\u00a0\u00bbdark\u00a0\u00bb section_type=\u00a0\u00bbfullwidth-element\u00a0\u00bb bg_type=\u00a0\u00bbcolor\u00a0\u00bb margin_bottom=\u00a0\u00bb0&Prime; padding_top=\u00a0\u00bb40&Prime; padding_bottom=\u00a0\u00bb40&Prime;][vc_column]<h3 class=\"eut-element eut-align-center eut-title-no-line\" style=\"margin-bottom: 50px;\"><span>La qualit\u00e9 passe toujours en premier<\/span><\/h3>[\/vc_column][vc_column width=\u00a0\u00bb1\/4&Prime; tablet_width=\u00a0\u00bb1-2&Prime; css=\u00a0\u00bb.vc_custom_1438362384092{padding-right: 5% !important;padding-left: 5% !important;}\u00a0\u00bb]<div class=\"eut-element eut-box-icon eut-align-center eut-medium eut-animated-item eut-fadeInUp\" style=\"\" data-delay=\"200\">  <div class=\"eut-wrapper-icon eut-no-shape eut-color-grey\"><span class=\"eut-color-grey\">A\/F<\/span><\/div>  <div class=\"eut-box-content\">      <h4 class=\"eut-box-title\">ANTIROUILLES ET APPR\u00caTS<\/h4>    <p class=\"\">Antirouilles et appr\u00eats \u00e0 s\u00e9chage rapide pour les surfaces en fer, formul\u00e9s pour assurer une protection efficace contre les agents atmosph\u00e9riques.<\/p>  <\/div><\/div>[\/vc_column][vc_column width=\u00a0\u00bb1\/4&Prime; tablet_width=\u00a0\u00bb1-2&Prime; css=\u00a0\u00bb.vc_custom_1438362392767{padding-right: 5% !important;padding-left: 5% !important;}\u00a0\u00bb]<div class=\"eut-element eut-box-icon eut-align-center eut-medium eut-animated-item eut-fadeInUp\" style=\"\" data-delay=\"400\">  <div class=\"eut-wrapper-icon eut-no-shape eut-color-grey\"><span class=\"eut-color-grey\">S\/F<\/span><\/div>  <div class=\"eut-box-content\">      <h4 class=\"eut-box-title\">LAQUES ET FINITIONS<\/h4>    <p class=\"\">Laques et finitions pour des rev\u00eatements aux qualit\u00e9s de protection exceptionnelles. Particuli\u00e8rement indiqu\u00e9 pour peindre les structures en fer des portails, des huisseries en fer, des cl\u00f4tures, des lampadaires, etc.<\/p>  <\/div><\/div>[\/vc_column][vc_column width=\u00a0\u00bb1\/4&Prime; tablet_width=\u00a0\u00bb1-2&Prime; css=\u00a0\u00bb.vc_custom_1438362399346{padding-right: 5% !important;padding-left: 5% !important;}\u00a0\u00bb]<div class=\"eut-element eut-box-icon eut-align-center eut-medium eut-animated-item eut-fadeInUp\" style=\"\" data-delay=\"600\">  <div class=\"eut-wrapper-icon eut-no-shape eut-color-grey\"><span class=\"eut-color-grey\">P\/L<\/span><\/div>  <div class=\"eut-box-content\">      <h4 class=\"eut-box-title\">PEINTURES POUR BOIS<\/h4>    <p class=\"\">Peintures \u00e0 bois destin\u00e9es \u00e0 la peinture et \u00e0 la protection de toutes les surfaces en bois. Utilis\u00e9es \u00e0 l&rsquo;ext\u00e9rieur et \u00e0 l&rsquo;int\u00e9rieur pour les portes, les fen\u00eatres, les volets, les lambris ou toute autre boiserie apparente<\/p>  <\/div><\/div>[\/vc_column][vc_column width=\u00a0\u00bb1\/4&Prime; tablet_width=\u00a0\u00bb1-2&Prime; css=\u00a0\u00bb.vc_custom_1438362404870{padding-right: 5% !important;padding-left: 5% !important;}\u00a0\u00bb]<div class=\"eut-element eut-box-icon eut-align-center eut-medium eut-animated-item eut-fadeInUp\" style=\"\" data-delay=\"800\">  <div class=\"eut-wrapper-icon eut-no-shape eut-color-grey\"><span class=\"eut-color-grey\">P\/PC<\/span><\/div>  <div class=\"eut-box-content\">      <h4 class=\"eut-box-title\">PEINTURES POUR SOLS EN CIMENT<\/h4>    <p class=\"\">Peintures avec un excellent pouvoir de p\u00e9n\u00e9tration pour les sols en ciment et en b\u00e9ton. Ces produits agissent comme un agent d&rsquo;impr\u00e9gnation consolidant qui favorise un ancrage optimal aux couches de finition suivantes.<\/p>  <\/div><\/div>[\/vc_column][\/vc_row][vc_row heading_color=\u00a0\u00bbdark\u00a0\u00bb section_type=\u00a0\u00bbfullwidth-element\u00a0\u00bb bg_type=\u00a0\u00bbcolor\u00a0\u00bb margin_bottom=\u00a0\u00bb0&Prime; padding_bottom=\u00a0\u00bb40&Prime;][vc_column width=\u00a0\u00bb1\/3&Prime; tablet_width=\u00a0\u00bb1-2&Prime; css=\u00a0\u00bb.vc_custom_1438362384092{padding-right: 5% !important;padding-left: 5% !important;}\u00a0\u00bb]<div class=\"eut-element eut-box-icon eut-align-center eut-medium eut-animated-item eut-fadeInUp\" style=\"\" data-delay=\"200\">  <div class=\"eut-wrapper-icon eut-no-shape eut-color-grey\"><span class=\"eut-color-grey\">S&amp;S<\/span><\/div>  <div class=\"eut-box-content\">      <h4 class=\"eut-box-title\">SILICONES ET SCELLANTS<\/h4>    <p class=\"\">Peintures caract\u00e9ris\u00e9es par une pigmentation sp\u00e9ciale qui assure une protection cathodique efficace, rendant le produit adapt\u00e9 aux applications destin\u00e9es \u00e0 \u00eatre expos\u00e9es \u00e0 des atmosph\u00e8res corrosives (industrielles et marines).<\/p>  <\/div><\/div>[\/vc_column][vc_column width=\u00a0\u00bb1\/3&Prime; tablet_width=\u00a0\u00bb1-2&Prime; css=\u00a0\u00bb.vc_custom_1438362392767{padding-right: 5% !important;padding-left: 5% !important;}\u00a0\u00bb]<div class=\"eut-element eut-box-icon eut-align-center eut-medium eut-animated-item eut-fadeInUp\" style=\"\" data-delay=\"400\">  <div class=\"eut-wrapper-icon eut-no-shape eut-color-grey\"><span class=\"eut-color-grey\">S<\/span><\/div>  <div class=\"eut-box-content\">      <h4 class=\"eut-box-title\">MASTICS<\/h4>    <p class=\"\">Mastics sp\u00e9ciaux utilis\u00e9s pour r\u00e9parer les surfaces pr\u00e9sentant des trous ou de grandes imperfections. Faciles \u00e0 appliquer, nos mastics ont une bonne \u00e9paisseur, un s\u00e9chage rapide, un pon\u00e7age facile, une r\u00e9sistance aux temp\u00e9ratures \u00e9lev\u00e9es et ne se d\u00e9colorent pas.<\/p>  <\/div><\/div>[\/vc_column][vc_column width=\u00a0\u00bb1\/3&Prime; tablet_width=\u00a0\u00bb1-2&Prime; css=\u00a0\u00bb.vc_custom_1438362399346{padding-right: 5% !important;padding-left: 5% !important;}\u00a0\u00bb]<div class=\"eut-element eut-box-icon eut-align-center eut-medium eut-animated-item eut-fadeInUp\" style=\"\" data-delay=\"600\">  <div class=\"eut-wrapper-icon eut-no-shape eut-color-grey\"><span class=\"eut-color-grey\">BS<\/span><\/div>  <div class=\"eut-box-content\">      <h4 class=\"eut-box-title\">BOUTEILLES DE SPRAY<\/h4>    <p class=\"\">Peintures acryliques en spray \u00e0 haute adh\u00e9rence pour tous types d&rsquo;utilisation, ciblant \u00e0 la fois les march\u00e9s de l&rsquo;industrie et du bricolage. Des appr\u00eats antirouille et des sprays de protection transparents, brillants et mats, aux versions photoluminescentes et fluorescentes.<\/p>  <\/div><\/div>[\/vc_column][\/vc_row][vc_row heading_color=\u00a0\u00bblight\u00a0\u00bb section_type=\u00a0\u00bbfullwidth-element\u00a0\u00bb section_full_height=\u00a0\u00bbyes\u00a0\u00bb footer_feature=\u00a0\u00bbyes\u00a0\u00bb flex_height=\u00a0\u00bbyes\u00a0\u00bb middle_content=\u00a0\u00bbyes\u00a0\u00bb font_color=\u00a0\u00bbrgba(255,255,255,0.85)\u00a0\u00bb margin_bottom=\u00a0\u00bb0&Prime;][vc_column width=\u00a0\u00bb1\/3&Prime; tablet_sm_width=\u00a0\u00bb1&Prime; css=\u00a0\u00bb.vc_custom_1438959565936{padding-top: 6% !important;padding-right: 3% !important;padding-bottom: 6% !important;padding-left: 3% !important;background-color: #97a6bd !important;}\u00a0\u00bb]<h4 class=\"eut-element eut-align-left eut-title-no-line\" style=\"\"><span>Nous contacter<\/span><\/h4>\n<div class=\"wpcf7 no-js\" id=\"wpcf7-f14224-o1\" lang=\"fr-FR\" dir=\"ltr\" data-wpcf7-id=\"14224\">\n<div class=\"screen-reader-response\"><p role=\"status\" aria-live=\"polite\" aria-atomic=\"true\"><\/p> <ul><\/ul><\/div>\n<form action=\"\/fr\/wp-json\/wp\/v2\/pages\/14217#wpcf7-f14224-o1\" method=\"post\" class=\"wpcf7-form init demo\" aria-label=\"Formulaire de contact\" novalidate=\"novalidate\" data-status=\"init\">\n<fieldset class=\"hidden-fields-container\"><input type=\"hidden\" name=\"_wpcf7\" value=\"14224\" \/><input type=\"hidden\" name=\"_wpcf7_version\" value=\"6.1.5\" \/><input type=\"hidden\" name=\"_wpcf7_locale\" value=\"fr_FR\" \/><input type=\"hidden\" name=\"_wpcf7_unit_tag\" value=\"wpcf7-f14224-o1\" \/><input type=\"hidden\" name=\"_wpcf7_container_post\" value=\"0\" \/><input type=\"hidden\" name=\"_wpcf7_posted_data_hash\" value=\"\" \/><input type=\"hidden\" name=\"_wpcf7dtx_version\" value=\"5.0.5\" \/><input type=\"hidden\" name=\"_wpcf7_recaptcha_response\" value=\"\" \/>\n<\/fieldset>\n<p>Pr\u00e9nom Nom (obligatoire) <span class=\"wpcf7-form-control-wrap\" data-name=\"your-name\"><input size=\"40\" maxlength=\"400\" class=\"wpcf7-form-control wpcf7-text wpcf7-validates-as-required\" aria-required=\"true\" aria-invalid=\"false\" value=\"\" type=\"text\" name=\"your-name\" \/><\/span> T\u00e9l\u00e9phone (obligatoire) <span class=\"wpcf7-form-control-wrap\" data-name=\"telefono\"><input size=\"40\" maxlength=\"400\" class=\"wpcf7-form-control wpcf7-tel wpcf7-validates-as-required wpcf7-text wpcf7-validates-as-tel\" aria-required=\"true\" aria-invalid=\"false\" value=\"\" type=\"tel\" name=\"telefono\" \/><\/span>Courrier \u00e9lectronique (obligatoire) <span class=\"wpcf7-form-control-wrap\" data-name=\"your-email\"><input size=\"40\" maxlength=\"400\" class=\"wpcf7-form-control wpcf7-email wpcf7-validates-as-required wpcf7-text wpcf7-validates-as-email\" aria-required=\"true\" aria-invalid=\"false\" value=\"\" type=\"email\" name=\"your-email\" \/><\/span>Objet <span class=\"wpcf7-form-control-wrap\" data-name=\"your-subject\"><input size=\"40\" maxlength=\"400\" class=\"wpcf7-form-control wpcf7-text\" aria-invalid=\"false\" value=\"\" type=\"text\" name=\"your-subject\" \/><\/span>Message <span class=\"wpcf7-form-control-wrap\" data-name=\"your-message\"><textarea cols=\"40\" rows=\"10\" maxlength=\"2000\" class=\"wpcf7-form-control wpcf7-textarea\" aria-invalid=\"false\" name=\"your-message\"><\/textarea><\/span><input class=\"wpcf7-form-control wpcf7-submit has-spinner\" type=\"submit\" value=\"Envoyer la demande\" \/>\n<\/p><div class=\"wpcf7-response-output\" aria-hidden=\"true\"><\/div>\n<\/form>\n<\/div>\n[\/vc_column][vc_column width=\u00a0\u00bb1\/3&Prime; tablet_sm_width=\u00a0\u00bb1&Prime; css=\u00a0\u00bb.vc_custom_1438959573776{padding-top: 6% !important;padding-right: 3% !important;padding-bottom: 6% !important;padding-left: 3% !important;background-color: #313340 !important;}\u00a0\u00bb]<div class=\"eut-element eut-slogan eut-align-center\" style=\"\"><h3 class=\"eut-slogan-title eut-align-center eut-title-no-line\"><span>Vivcolor = Certification<\/span><\/h3>  <p class=\"eut-leader-text\">Notre entreprise travaille sous un r\u00e9gime de certification et garantit des produits de qualit\u00e9 \u00e0 ses clients.<\/p><\/div>[\/vc_column][vc_column width=\u00a0\u00bb1\/3&Prime; tablet_sm_width=\u00a0\u00bb1&Prime; css=\u00a0\u00bb.vc_custom_1498466348883{background-color: #ffffff !important;background-position: center !important;background-repeat: no-repeat !important;background-size: cover !important;}\u00a0\u00bb]<div class=\"eut-element eut-image eut-align-center\" style=\"\"><a href=\"https:\/\/vivcolor.com\/wp-content\/uploads\/2022\/03\/FS-649586-ITA-1.pdf\" target=\"_blank\"><img loading=\"lazy\" decoding=\"async\" width=\"595\" height=\"841\" src=\"https:\/\/vivcolor.com\/wp-content\/uploads\/2022\/03\/FS-649586-ITA.jpg\" class=\"attachment-full size-full\" alt=\"FS 649586 ITA\" srcset=\"https:\/\/vivcolor.com\/wp-content\/uploads\/2022\/03\/FS-649586-ITA.jpg 1x,https:\/\/vivcolor.com\/wp-content\/uploads\/2022\/03\/FS-649586-ITA.jpg 2x\" \/><\/a><\/div>[\/vc_column][\/vc_row]<\/p>\n<\/div>","protected":false},"excerpt":{"rendered":"<p>[vc_row heading_color=\u00a0\u00bbred\u00a0\u00bb bg_type=\u00a0\u00bbcolor\u00a0\u00bb header_feature=\u00a0\u00bbyes\u00a0\u00bb padding_top=\u00a0\u00bb20&Prime; padding_bottom=\u00a0\u00bb20&Prime; margin_bottom=\u00a0\u00bb0&Prime; section_id=\u00a0\u00bbanalytics\u00a0\u00bb font_color=\u00a0\u00bb#000000&Prime; bg_color=\u00a0\u00bb#dddddd\u00a0\u00bb][vc_column][\/vc_column][\/vc_row][vc_row section_type=\u00a0\u00bbfullwidth-element\u00a0\u00bb bg_type=\u00a0\u00bbimage\u00a0\u00bb bg_image=\u00a0\u00bb8059&Prime; bg_image_type=\u00a0\u00bbparallax\u00a0\u00bb color_overlay=\u00a0\u00bblight\u00a0\u00bb padding_top=\u00a0\u00bb250&Prime; padding_bottom=\u00a0\u00bb250&Prime; margin_bottom=\u00a0\u00bb0&Prime;][vc_column][\/vc_column][\/vc_row][vc_row heading_color=\u00a0\u00bbdark\u00a0\u00bb section_type=\u00a0\u00bbfullwidth-element\u00a0\u00bb bg_type=\u00a0\u00bbcolor\u00a0\u00bb margin_bottom=\u00a0\u00bb0&Prime; padding_top=\u00a0\u00bb40&Prime; padding_bottom=\u00a0\u00bb40&Prime;][vc_column][\/vc_column][vc_column width=\u00a0\u00bb1\/4&Prime; tablet_width=\u00a0\u00bb1-2&Prime; css=\u00a0\u00bb.vc_custom_1438362384092{padding-right: 5% !important;padding-left: 5% !important;}\u00a0\u00bb][\/vc_column][vc_column width=\u00a0\u00bb1\/4&Prime; tablet_width=\u00a0\u00bb1-2&Prime; css=\u00a0\u00bb.vc_custom_1438362392767{padding-right: 5% !important;padding-left: 5% !important;}\u00a0\u00bb][\/vc_column][vc_column width=\u00a0\u00bb1\/4&Prime; tablet_width=\u00a0\u00bb1-2&Prime; css=\u00a0\u00bb.vc_custom_1438362399346{padding-right: 5% !important;padding-left: 5% !important;}\u00a0\u00bb][\/vc_column][vc_column width=\u00a0\u00bb1\/4&Prime; tablet_width=\u00a0\u00bb1-2&Prime; css=\u00a0\u00bb.vc_custom_1438362404870{padding-right: 5% !important;padding-left: 5% !important;}\u00a0\u00bb][\/vc_column][\/vc_row][vc_row heading_color=\u00a0\u00bbdark\u00a0\u00bb section_type=\u00a0\u00bbfullwidth-element\u00a0\u00bb bg_type=\u00a0\u00bbcolor\u00a0\u00bb [&hellip;]<\/p>\n","protected":false},"author":3,"featured_media":0,"parent":0,"menu_order":69,"comment_status":"closed","ping_status":"closed","template":"","meta":{"footnotes":""},"class_list":["post-14217","page","type-page","status-publish","hentry"],"yoast_head":"<!-- This site is optimized with the Yoast SEO plugin v27.3 - https:\/\/yoast.com\/product\/yoast-seo-wordpress\/ -->\n<title>Services - Peintures, \u00e9maux et rev\u00eatements pour l&#039;industrie, la maison, les loisirs<\/title>\n<meta name=\"description\" content=\"Viv Color, Entra nel sito e contattaci per informazioni, servizio customer care sempre attivo.\" \/>\n<meta name=\"robots\" content=\"index, follow, max-snippet:-1, max-image-preview:large, max-video-preview:-1\" \/>\n<link rel=\"canonical\" href=\"https:\/\/vivcolor.com\/fr\/services\/\" \/>\n<meta property=\"og:locale\" content=\"fr_FR\" \/>\n<meta property=\"og:type\" content=\"article\" \/>\n<meta property=\"og:title\" content=\"Services - Peintures, \u00e9maux et rev\u00eatements pour l&#039;industrie, la maison, les loisirs\" \/>\n<meta property=\"og:description\" content=\"Viv Color, Entra nel sito e contattaci per informazioni, servizio customer care sempre attivo.\" \/>\n<meta property=\"og:url\" content=\"https:\/\/vivcolor.com\/fr\/services\/\" \/>\n<meta property=\"og:site_name\" content=\"Peintures, \u00e9maux et rev\u00eatements pour l&#039;industrie, la maison, les loisirs\" \/>\n<meta property=\"article:modified_time\" content=\"2022-09-12T17:19:30+00:00\" \/>\n<meta name=\"twitter:card\" content=\"summary_large_image\" \/>\n<meta name=\"twitter:label1\" content=\"Dur\u00e9e de lecture estim\u00e9e\" \/>\n\t<meta name=\"twitter:data1\" content=\"4 minutes\" \/>\n<script type=\"application\/ld+json\" class=\"yoast-schema-graph\">{\"@context\":\"https:\\\/\\\/schema.org\",\"@graph\":[{\"@type\":\"WebPage\",\"@id\":\"https:\\\/\\\/vivcolor.com\\\/fr\\\/services\\\/\",\"url\":\"https:\\\/\\\/vivcolor.com\\\/fr\\\/services\\\/\",\"name\":\"Services - Peintures, \u00e9maux et rev\u00eatements pour l'industrie, la maison, les loisirs\",\"isPartOf\":{\"@id\":\"https:\\\/\\\/vivcolor.com\\\/fr\\\/#website\"},\"datePublished\":\"2022-07-04T13:42:55+00:00\",\"dateModified\":\"2022-09-12T17:19:30+00:00\",\"description\":\"Viv Color, Entra nel sito e contattaci per informazioni, servizio customer care sempre attivo.\",\"breadcrumb\":{\"@id\":\"https:\\\/\\\/vivcolor.com\\\/fr\\\/services\\\/#breadcrumb\"},\"inLanguage\":\"fr-FR\",\"potentialAction\":[{\"@type\":\"ReadAction\",\"target\":[\"https:\\\/\\\/vivcolor.com\\\/fr\\\/services\\\/\"]}]},{\"@type\":\"BreadcrumbList\",\"@id\":\"https:\\\/\\\/vivcolor.com\\\/fr\\\/services\\\/#breadcrumb\",\"itemListElement\":[{\"@type\":\"ListItem\",\"position\":1,\"name\":\"Home\",\"item\":\"https:\\\/\\\/vivcolor.com\\\/fr\\\/\"},{\"@type\":\"ListItem\",\"position\":2,\"name\":\"Services\"}]},{\"@type\":\"WebSite\",\"@id\":\"https:\\\/\\\/vivcolor.com\\\/fr\\\/#website\",\"url\":\"https:\\\/\\\/vivcolor.com\\\/fr\\\/\",\"name\":\"Peintures, \u00e9maux et rev\u00eatements pour l'industrie, la maison, les loisirs\",\"description\":\"Vivcolor - Verona\",\"publisher\":{\"@id\":\"https:\\\/\\\/vivcolor.com\\\/fr\\\/#organization\"},\"potentialAction\":[{\"@type\":\"SearchAction\",\"target\":{\"@type\":\"EntryPoint\",\"urlTemplate\":\"https:\\\/\\\/vivcolor.com\\\/fr\\\/?s={search_term_string}\"},\"query-input\":{\"@type\":\"PropertyValueSpecification\",\"valueRequired\":true,\"valueName\":\"search_term_string\"}}],\"inLanguage\":\"fr-FR\"},{\"@type\":\"Organization\",\"@id\":\"https:\\\/\\\/vivcolor.com\\\/fr\\\/#organization\",\"name\":\"Vivcolor Vernici e Pitture e Rivestimenti industriali\",\"url\":\"https:\\\/\\\/vivcolor.com\\\/fr\\\/\",\"logo\":{\"@type\":\"ImageObject\",\"inLanguage\":\"fr-FR\",\"@id\":\"https:\\\/\\\/vivcolor.com\\\/fr\\\/#\\\/schema\\\/logo\\\/image\\\/\",\"url\":\"https:\\\/\\\/vivcolor.com\\\/wp-content\\\/uploads\\\/2021\\\/06\\\/logov2_web.png\",\"contentUrl\":\"https:\\\/\\\/vivcolor.com\\\/wp-content\\\/uploads\\\/2021\\\/06\\\/logov2_web.png\",\"width\":400,\"height\":168,\"caption\":\"Vivcolor Vernici e Pitture e Rivestimenti industriali\"},\"image\":{\"@id\":\"https:\\\/\\\/vivcolor.com\\\/fr\\\/#\\\/schema\\\/logo\\\/image\\\/\"}}]}<\/script>\n<!-- \/ Yoast SEO plugin. -->","yoast_head_json":{"title":"Services - Peintures, \u00e9maux et rev\u00eatements pour l'industrie, la maison, les loisirs","description":"Viv Color, Entra nel sito e contattaci per informazioni, servizio customer care sempre attivo.","robots":{"index":"index","follow":"follow","max-snippet":"max-snippet:-1","max-image-preview":"max-image-preview:large","max-video-preview":"max-video-preview:-1"},"canonical":"https:\/\/vivcolor.com\/fr\/services\/","og_locale":"fr_FR","og_type":"article","og_title":"Services - Peintures, \u00e9maux et rev\u00eatements pour l'industrie, la maison, les loisirs","og_description":"Viv Color, Entra nel sito e contattaci per informazioni, servizio customer care sempre attivo.","og_url":"https:\/\/vivcolor.com\/fr\/services\/","og_site_name":"Peintures, \u00e9maux et rev\u00eatements pour l'industrie, la maison, les loisirs","article_modified_time":"2022-09-12T17:19:30+00:00","twitter_card":"summary_large_image","twitter_misc":{"Dur\u00e9e de lecture estim\u00e9e":"4 minutes"},"schema":{"@context":"https:\/\/schema.org","@graph":[{"@type":"WebPage","@id":"https:\/\/vivcolor.com\/fr\/services\/","url":"https:\/\/vivcolor.com\/fr\/services\/","name":"Services - Peintures, \u00e9maux et rev\u00eatements pour l'industrie, la maison, les loisirs","isPartOf":{"@id":"https:\/\/vivcolor.com\/fr\/#website"},"datePublished":"2022-07-04T13:42:55+00:00","dateModified":"2022-09-12T17:19:30+00:00","description":"Viv Color, Entra nel sito e contattaci per informazioni, servizio customer care sempre attivo.","breadcrumb":{"@id":"https:\/\/vivcolor.com\/fr\/services\/#breadcrumb"},"inLanguage":"fr-FR","potentialAction":[{"@type":"ReadAction","target":["https:\/\/vivcolor.com\/fr\/services\/"]}]},{"@type":"BreadcrumbList","@id":"https:\/\/vivcolor.com\/fr\/services\/#breadcrumb","itemListElement":[{"@type":"ListItem","position":1,"name":"Home","item":"https:\/\/vivcolor.com\/fr\/"},{"@type":"ListItem","position":2,"name":"Services"}]},{"@type":"WebSite","@id":"https:\/\/vivcolor.com\/fr\/#website","url":"https:\/\/vivcolor.com\/fr\/","name":"Peintures, \u00e9maux et rev\u00eatements pour l'industrie, la maison, les loisirs","description":"Vivcolor - Verona","publisher":{"@id":"https:\/\/vivcolor.com\/fr\/#organization"},"potentialAction":[{"@type":"SearchAction","target":{"@type":"EntryPoint","urlTemplate":"https:\/\/vivcolor.com\/fr\/?s={search_term_string}"},"query-input":{"@type":"PropertyValueSpecification","valueRequired":true,"valueName":"search_term_string"}}],"inLanguage":"fr-FR"},{"@type":"Organization","@id":"https:\/\/vivcolor.com\/fr\/#organization","name":"Vivcolor Vernici e Pitture e Rivestimenti industriali","url":"https:\/\/vivcolor.com\/fr\/","logo":{"@type":"ImageObject","inLanguage":"fr-FR","@id":"https:\/\/vivcolor.com\/fr\/#\/schema\/logo\/image\/","url":"https:\/\/vivcolor.com\/wp-content\/uploads\/2021\/06\/logov2_web.png","contentUrl":"https:\/\/vivcolor.com\/wp-content\/uploads\/2021\/06\/logov2_web.png","width":400,"height":168,"caption":"Vivcolor Vernici e Pitture e Rivestimenti industriali"},"image":{"@id":"https:\/\/vivcolor.com\/fr\/#\/schema\/logo\/image\/"}}]}},"_links":{"self":[{"href":"https:\/\/vivcolor.com\/fr\/wp-json\/wp\/v2\/pages\/14217","targetHints":{"allow":["GET"]}}],"collection":[{"href":"https:\/\/vivcolor.com\/fr\/wp-json\/wp\/v2\/pages"}],"about":[{"href":"https:\/\/vivcolor.com\/fr\/wp-json\/wp\/v2\/types\/page"}],"author":[{"embeddable":true,"href":"https:\/\/vivcolor.com\/fr\/wp-json\/wp\/v2\/users\/3"}],"replies":[{"embeddable":true,"href":"https:\/\/vivcolor.com\/fr\/wp-json\/wp\/v2\/comments?post=14217"}],"version-history":[{"count":5,"href":"https:\/\/vivcolor.com\/fr\/wp-json\/wp\/v2\/pages\/14217\/revisions"}],"predecessor-version":[{"id":14300,"href":"https:\/\/vivcolor.com\/fr\/wp-json\/wp\/v2\/pages\/14217\/revisions\/14300"}],"wp:attachment":[{"href":"https:\/\/vivcolor.com\/fr\/wp-json\/wp\/v2\/media?parent=14217"}],"curies":[{"name":"wp","href":"https:\/\/api.w.org\/{rel}","templated":true}]}}